{"id":166,"date":"2023-02-09T14:57:02","date_gmt":"2023-02-09T13:57:02","guid":{"rendered":"https:\/\/iicberlino.esteri.it\/chi-siamo\/la-sede\/"},"modified":"2023-05-04T15:45:33","modified_gmt":"2023-05-04T13:45:33","slug":"la-sede","status":"publish","type":"page","link":"https:\/\/iicberlino.esteri.it\/de\/chi-siamo\/la-sede\/","title":{"rendered":"Sitz"},"content":{"rendered":"<p><strong>Zust\u00e4ndigkeitsgebiet<\/strong><\/p>\n<p>Berlin<br \/>\nBrandenburg<br \/>\nNiedersachsen<br \/>\nSachsen<br \/>\nSachsen-Anhalt<br \/>\nTh\u00fcringen<\/p>\n<p>&nbsp;<\/p>\n<p><strong>Geschichte<\/strong><\/p>\n<div>\n<p>Das Italienische Kulturinstitut Berlin nahm im Jahr 1992 seine Aktivit\u00e4t auf, nachdem 1990, unmittelbar nach der Wiedervereinigung der beiden deutschen Staaten und dem Umzug der Hauptstadt nach Berlin seine Gr\u00fcndung durch einen Ministerialerlass beschlossen wurde.<\/p>\n<p>Der erste Sitz in der Hiroshimastrasse 1 bestand aus R\u00e4umen des damaligen italienischen Generalkonsulats, das in dem einzigen in den f\u00fcnfziger Jahren restaurierten Fl\u00fcgel des historischen Geb\u00e4udes der Botschaft Italiens untergebracht war. Diese wurde in den Jahren 1938-1943 im diplomatischen Viertel am s\u00fcdlichen Rand des Tiergartens im Rahmen der Politik der Zusammenarbeit der beiden Achsenm\u00e4chte errichtet.<\/p>\n<p>Mit dem Beginn der Restaurierungsarbeiten des gesamten Geb\u00e4udes im Jahr 1999 im Auftrag des Au\u00dfenministeriums und dem Umzug der Botschaft von Bonn nach Berlin zog das Institut in ein modernes Geb\u00e4ude in unmittelbarer N\u00e4he zum Potsdamer Platz. Die neuen R\u00e4umlichkeiten \u2013 dank auch der funktionellen Gliederung der Innenr\u00e4ume \u2013 trugen dazu bei, dem Institut einen modernen und dynamischen Charakter zu verleihen, der nicht unwesentlich f\u00fcr den Ausbau und die Intensivierung der Zusammenarbeit mit der st\u00e4dtischen Kulturszene war.<\/p>\n<p>Im Juli 2003 konnte das Institut in die historischen R\u00e4umlichkeiten (Hildebrandstra\u00dfe 2) der inzwischen vollst\u00e4ndig restaurierten Botschaft der Republik Italien zur\u00fcckkehren.<\/p>\n<p>Dieser Sitz erf\u00e4hrt besondere Beachtung auch aufgrund des Interesses an diesem historischen Geb\u00e4ude\u00a0 der Vorkriegszeit.<\/p>\n<\/div>\n<p>&nbsp;<\/p>\n","protected":false},"excerpt":{"rendered":"Zust\u00e4ndigkeitsgebiet Berlin Brandenburg Niedersachsen Sachsen Sachsen-Anhalt Th\u00fcringen &nbsp; Geschichte Das Italienische Kulturinstitut Berlin nahm im Jahr 1992 seine Aktivit\u00e4t auf, nachdem 1990, unmittelbar nach der Wiedervereinigung der beiden deutschen Staaten und dem Umzug der Hauptstadt nach Berlin seine Gr\u00fcndung durch einen Ministerialerlass beschlossen wurde. Der erste Sitz in der Hiroshimastrasse 1 bestand aus R\u00e4umen des [&hellip;]","protected":false},"author":3,"featured_media":0,"parent":35,"menu_order":2,"comment_status":"closed","ping_status":"closed","template":"","meta":{"footnotes":""},"class_list":["post-166","page","type-page","status-publish","hentry"],"_links":{"self":[{"href":"https:\/\/iicberlino.esteri.it\/de\/wp-json\/wp\/v2\/pages\/166","targetHints":{"allow":["GET"]}}],"collection":[{"href":"https:\/\/iicberlino.esteri.it\/de\/wp-json\/wp\/v2\/pages"}],"about":[{"href":"https:\/\/iicberlino.esteri.it\/de\/wp-json\/wp\/v2\/types\/page"}],"author":[{"embeddable":true,"href":"https:\/\/iicberlino.esteri.it\/de\/wp-json\/wp\/v2\/users\/3"}],"replies":[{"embeddable":true,"href":"https:\/\/iicberlino.esteri.it\/de\/wp-json\/wp\/v2\/comments?post=166"}],"version-history":[{"count":0,"href":"https:\/\/iicberlino.esteri.it\/de\/wp-json\/wp\/v2\/pages\/166\/revisions"}],"up":[{"embeddable":true,"href":"https:\/\/iicberlino.esteri.it\/de\/wp-json\/wp\/v2\/pages\/35"}],"wp:attachment":[{"href":"https:\/\/iicberlino.esteri.it\/de\/wp-json\/wp\/v2\/media?parent=166"}],"curies":[{"name":"wp","href":"https:\/\/api.w.org\/{rel}","templated":true}]}}