{"id":167,"date":"2023-02-09T14:58:06","date_gmt":"2023-02-09T13:58:06","guid":{"rendered":"https:\/\/iicberlino.esteri.it\/chi-siamo\/contatti\/"},"modified":"2026-02-25T10:07:40","modified_gmt":"2026-02-25T09:07:40","slug":"contatti","status":"publish","type":"page","link":"https:\/\/iicberlino.esteri.it\/de\/chi-siamo\/contatti\/","title":{"rendered":"Kontakt"},"content":{"rendered":"<p><img loading=\"lazy\" decoding=\"async\" class=\"alignnone size-full wp-image-148 img-fluid\" src=\"https:\/\/iicberlino.esteri.it\/wp-content\/uploads\/2023\/02\/iic-colore-berlino_x250.jpg\" alt=\"iic-colore-berlino_x250\" width=\"250\" height=\"167\" \/><\/p>\n<p><strong class=\"titoloRosso\">Italienisches Kulturinstitut Berlin<br \/>\n<\/strong>Hildebrandstra\u00dfe, 2 &#8211; 10785 Berlin<br \/>\nTel. +49 (0)30 2699 41 &#8211; 0 Fax +49 (0)30 2699 41 &#8211; 26<br \/>\nMail: <a href=\"mailto:iicberlino@esteri.it\">iicberlino@esteri.it<\/a><br \/>\nPEC: <a href=\"mailto:iic.berlino@cert.esteri.i\">iic.berlino@cert.esteri.i<\/a>t (Diese E-Mailadresse ist ausschlie\u00dflich f\u00fcr den Empfang zertifizierter E-Mails vorgesehen)<\/p>\n<p>Veranstaltungs- und Projektvorschl\u00e4ge richten Sie bitte ausschlie\u00dflich an die Mailadresse<br \/>\n<strong><a href=\"mailto:berlinoiic.proposte@esteri.it\"><br \/>\nberlinoiic.proposte@esteri.it<\/a><\/strong><\/p>\n<p>und nicht an die Mailadresse des Direktors oder die seiner Mitarbeiter.<\/p>\n<p>Alle bei uns eingehenden Vorschl\u00e4ge werden aufmerksam begutachtet. Ein unterbreiteter Vorschlag besteht idealerweise aus eine kurzen und klaren Beschreibung, einer Auflistung der logistischen Erfordernisse und eine Aufstellung der maximal zu erwartenden Kosten. Vorschl\u00e4ge m\u00fcssen mindestens acht Monate vor dem geplanten Veranstaltungsdatum bei uns eingehen.<\/p>\n<p>Gro\u00dfe Datenanh\u00e4nge sind nicht erw\u00fcnscht.\u00a0 Aufgrund der Vielzahl von Vorschl\u00e4gen und Anfragen ist es uns leider nicht m\u00f6glich, alle E-Mails pers\u00f6nlich zu beantworten ebenso wenig wie telefonische oder elektronische Nachfragen zum Stand der Begutachtung entgegenzunehmen. Nur Vorschl\u00e4ge, die von Interesse f\u00fcr unsere Veranstaltungsprogrammierung sind, werden, zum Zweck einer eventuellen Umsetzung, innerhalb von sechs Wochen beantwortet.<br \/>\nDanke!<\/p>\n<p>\u00d6ffnungszeiten:<br \/>\nDie B\u00fcros des Italienischen Kulturinstituts sind f\u00fcr das Publikum Dienstag von 10.00 bis 13.00 Uhr und Mittwoch von 10. bis 16.30 Uhr ge\u00f6ffnet.<br \/>\nTelefonisch sind wir von Montag bis Freitag in der Zeit von 10.00 bis 13.00 Uhr erreichbar.<\/p>\n<p>Wir sind f\u00fcr Sie per E-Mail erreichbar: <a href=\"mailto:iicberlino@esteri.it\">iicberlino@esteri.it<\/a><\/p>\n<p>&nbsp;<\/p>\n<p><strong>Festivit\u00e0 anno 2026 \/ Feiertage 2026<\/strong><br \/>\n(an diesen Tagen bleibt das Italienische Kulturinstitut Berlin geschlossen)<\/p>\n<p>Do. 1. Januar \u2013 Capodanno \/ Neujahr<br \/>\nFr. 3. April \u2013 Venerd\u00ec Santo \/ Karfreitag<br \/>\nMo. 6. April &#8211; Luned\u00ec dell\u2019Angelo \/ Ostermontag<br \/>\nSa. 25.\u00a0 April \u2013 Festa della Liberazione\u00a0 \/ Tag der Befreiung<br \/>\nFr. 1. Mai \u2013 Festa del Lavoro \/ Tag der Arbeit<br \/>\nMo. 25. Mai \u2013 Luned\u00ec di Pentecoste \/ Pfingstmontag<br \/>\nDi. 2. Juni &#8211; Festa della Repubblica \/ Italienischer Nationalfeiertag<br \/>\nSa. 3. Oktober \u2013 Festa dell\u2019Unit\u00e0 tedesca \/ Tag der Deutschen Einheit<br \/>\nSo. 1. November \u2013 Ognissanti \/ Allerheiligen<br \/>\nFr. 25. Dezember \u2013 Natale \/ 1. Weihnachtsfeiertag<br \/>\nSa. 26. Dezember \u2013 Santo Stefano \/ 2. Weihnachtsfeiertag<\/p>\n<p>&nbsp;<\/p>\n<p><strong>So erreichen Sie uns<\/strong><\/p>\n<p><a href=\"https:\/\/www.google.com\/maps?ll=52.509171,13.359752&amp;z=16&amp;t=m&amp;hl=it-IT&amp;gl=US&amp;mapclient=embed&amp;q=Hildebrandstra%C3%9Fe+2+10785+Berlin+Germania\"><img decoding=\"async\" class=\"alignnone size-medium wp-image-147 img-fluid\" src=\"https:\/\/iicberlino.esteri.it\/wp-content\/uploads\/2023\/02\/comeraggiungerci_berlino.png\" alt=\"come raggiungerci Berlino\" width=\"700\" srcset=\"https:\/\/iicberlino.esteri.it\/wp-content\/uploads\/2023\/02\/comeraggiungerci_berlino.png 794w, https:\/\/iicberlino.esteri.it\/wp-content\/uploads\/2023\/02\/comeraggiungerci_berlino-300x153.png 300w, https:\/\/iicberlino.esteri.it\/wp-content\/uploads\/2023\/02\/comeraggiungerci_berlino-768x391.png 768w\" sizes=\"(max-width: 794px) 100vw, 794px\" \/><\/a><\/p>\n<p><strong>\u00d6ffentliche Verkehrsmittel<\/strong><\/p>\n<p>Bus 200, Haltestelle Hildebrandstra\u00dfe<br \/>\nMetrobus M29, Haltestelle Hiroshimasteg<br \/>\nBus 100, 106, 187, Haltestelle Nordische Botschaften<\/p>\n<p><strong>Barrierefreier Zugang<\/strong><\/p>\n<p>Um einen barrierefreien Zugang zum Italienischen Kulturinstitut Berlin gew\u00e4hrleisten zu k\u00f6nnen, bitten wir um Anmeldung einen Tag vor der Veranstaltung per E-Mail an: antwort.iicberlino@esteri.it oder telefonisch unter: 030-26 99 41 0.<\/p>\n","protected":false},"excerpt":{"rendered":"Italienisches Kulturinstitut Berlin Hildebrandstra\u00dfe, 2 &#8211; 10785 Berlin Tel. +49 (0)30 2699 41 &#8211; 0 Fax +49 (0)30 2699 41 &#8211; 26 Mail: iicberlino@esteri.it PEC: iic.berlino@cert.esteri.it (Diese E-Mailadresse ist ausschlie\u00dflich f\u00fcr den Empfang zertifizierter E-Mails vorgesehen) Veranstaltungs- und Projektvorschl\u00e4ge richten Sie bitte ausschlie\u00dflich an die Mailadresse berlinoiic.proposte@esteri.it und nicht an die Mailadresse des Direktors oder [&hellip;]","protected":false},"author":3,"featured_media":0,"parent":35,"menu_order":4,"comment_status":"closed","ping_status":"closed","template":"","meta":{"footnotes":""},"class_list":["post-167","page","type-page","status-publish","hentry"],"_links":{"self":[{"href":"https:\/\/iicberlino.esteri.it\/de\/wp-json\/wp\/v2\/pages\/167","targetHints":{"allow":["GET"]}}],"collection":[{"href":"https:\/\/iicberlino.esteri.it\/de\/wp-json\/wp\/v2\/pages"}],"about":[{"href":"https:\/\/iicberlino.esteri.it\/de\/wp-json\/wp\/v2\/types\/page"}],"author":[{"embeddable":true,"href":"https:\/\/iicberlino.esteri.it\/de\/wp-json\/wp\/v2\/users\/3"}],"replies":[{"embeddable":true,"href":"https:\/\/iicberlino.esteri.it\/de\/wp-json\/wp\/v2\/comments?post=167"}],"version-history":[{"count":7,"href":"https:\/\/iicberlino.esteri.it\/de\/wp-json\/wp\/v2\/pages\/167\/revisions"}],"predecessor-version":[{"id":11987,"href":"https:\/\/iicberlino.esteri.it\/de\/wp-json\/wp\/v2\/pages\/167\/revisions\/11987"}],"up":[{"embeddable":true,"href":"https:\/\/iicberlino.esteri.it\/de\/wp-json\/wp\/v2\/pages\/35"}],"wp:attachment":[{"href":"https:\/\/iicberlino.esteri.it\/de\/wp-json\/wp\/v2\/media?parent=167"}],"curies":[{"name":"wp","href":"https:\/\/api.w.org\/{rel}","templated":true}]}}