{"id":168,"date":"2023-02-09T14:58:33","date_gmt":"2023-02-09T13:58:33","guid":{"rendered":"https:\/\/iicberlino.esteri.it\/lingua-e-cultura\/borse-di-studio\/"},"modified":"2026-01-28T12:35:12","modified_gmt":"2026-01-28T11:35:12","slug":"borse-di-studio","status":"publish","type":"page","link":"https:\/\/iicberlino.esteri.it\/de\/lingua-e-cultura\/borse-di-studio\/","title":{"rendered":"Praktika und Stipendien"},"content":{"rendered":"<p><strong>Praktika beim Italienischen Kulturinstitut Berlin<\/strong><\/p>\n<p>Studierende italienischer Universit\u00e4ten, die ein Praktikum beim Italienischen Kulturinstitut Berlint machen m\u00f6chten, bewerben sich bitte\u00a0 <u>nur<\/u> \u00fcber das MAECI\/CRUI Praktikumsprogramm. Das Italienische Kulturinstitut kann leider keine Praktikumspl\u00e4tze direkt vergeben.<\/p>\n<p><strong>Praktika MAECI\/CRUI im Au\u00dfenministerium in Rom oder an den Auslandsstellen des Ministeriums<\/strong><\/p>\n<p><strong>Wer kann sich bewerben:<\/strong><br \/>\nBewerben k\u00f6nnen sich Studenten mit italienischer Staatsb\u00fcrgerschaft, die an einer der Konvention mit der CRUI beigetretenen italienischen Universit\u00e4ten studieren, und die in einen der im Ausschreibungstext aufgelisteten Studieng\u00e4nge eingeschrieben sind (siehe unten). Studenten m\u00fcssen zum Zeitpunkt der Bewerbung und f\u00fcr die Dauer des Praktikums weiter f\u00fcr ihren Studiengang eingeschrieben sein.<\/p>\n<p><strong>Wo und wann:<br \/>\n<\/strong>Es werden Praktikumsaufenthalte von drei Monaten im Au\u00dfenministerium in Rom oder an den Auslandsstellen des Ministeriums angeboten:<\/p>\n<ul>\n<li><strong>Italienische Kulturinstitute<\/strong><\/li>\n<li><strong>Italienische Botschaften und Italienische Konsulate<\/strong><\/li>\n<li><strong>St\u00e4ndige Vertretungen bei internationalen Organisationen<\/strong><\/li>\n<\/ul>\n<p><strong>Weitere Informationen und die aktuellen Ausschreibungen finden Sie hier:<\/strong><br \/>\n<strong><a href=\"http:\/\/www.tirocinicrui.it\/\">http:\/\/www.tirocinicrui.it\/<\/a><\/strong><\/p>\n<p>&nbsp;<\/p>\n<p><strong>Stipendien<\/strong><\/p>\n<p>Das Ministerium f\u00fcr Ausw\u00e4rtige Angelegenheiten und Internationale Zusammenarbeit bietet j\u00e4hrlich Stipendien f\u00fcr Universit\u00e4tsstudenten aus vielen L\u00e4ndern der Welt an. Viele italienische Universit\u00e4ten vergeben Stipendien an ihre italienischen und ausl\u00e4ndischen Studenten.<\/p>\n<p>Alle Informationen dazu finden Sie hier:<\/p>\n<p><a href=\"https:\/\/www.esteri.it\/it\/opportunita\/borse-di-studio\/di_studio\/\">Stipendien f\u00fcr Italiener<\/a><\/p>\n<p><a href=\"https:\/\/www.esteri.it\/it\/opportunita\/borse-di-studio\/per-cittadini-stranieri\/borsestudio_stranieri\/\">Stipendien f\u00fcr ausl\u00e4ndische Studenten und im Ausland lebende Italiener\u00a0<\/a><\/p>\n<p>Dar\u00fcber hinaus stehen mehr als 100 Stipendien von italienischen Privatschulen f\u00fcr verg\u00fcnstigte Sprachkurse zur Verf\u00fcgung. Weitere Informationen:<\/p>\n<p><a href=\"https:\/\/iicberlino.esteri.it\/de\/lingua-e-cultura\/i-corsi-di-lingua\/corsi-in-italia-a-prezzo-agevolato\/\">Verg\u00fcnstigte Sprachkurse in Italien \u2013 Istituto Italiano di Cultura di Berlino<\/a><\/p>\n<p>&nbsp;<\/p>\n<p>&nbsp;<\/p>\n","protected":false},"excerpt":{"rendered":"Praktika beim Italienischen Kulturinstitut Berlin Studierende italienischer Universit\u00e4ten, die ein Praktikum beim Italienischen Kulturinstitut Berlint machen m\u00f6chten, bewerben sich bitte\u00a0 nur \u00fcber das MAECI\/CRUI Praktikumsprogramm. Das Italienische Kulturinstitut kann leider keine Praktikumspl\u00e4tze direkt vergeben. Praktika MAECI\/CRUI im Au\u00dfenministerium in Rom oder an den Auslandsstellen des Ministeriums Wer kann sich bewerben: Bewerben k\u00f6nnen sich Studenten mit [&hellip;]","protected":false},"author":3,"featured_media":0,"parent":33,"menu_order":8,"comment_status":"closed","ping_status":"closed","template":"","meta":{"footnotes":""},"class_list":["post-168","page","type-page","status-publish","hentry"],"_links":{"self":[{"href":"https:\/\/iicberlino.esteri.it\/de\/wp-json\/wp\/v2\/pages\/168","targetHints":{"allow":["GET"]}}],"collection":[{"href":"https:\/\/iicberlino.esteri.it\/de\/wp-json\/wp\/v2\/pages"}],"about":[{"href":"https:\/\/iicberlino.esteri.it\/de\/wp-json\/wp\/v2\/types\/page"}],"author":[{"embeddable":true,"href":"https:\/\/iicberlino.esteri.it\/de\/wp-json\/wp\/v2\/users\/3"}],"replies":[{"embeddable":true,"href":"https:\/\/iicberlino.esteri.it\/de\/wp-json\/wp\/v2\/comments?post=168"}],"version-history":[{"count":1,"href":"https:\/\/iicberlino.esteri.it\/de\/wp-json\/wp\/v2\/pages\/168\/revisions"}],"predecessor-version":[{"id":11373,"href":"https:\/\/iicberlino.esteri.it\/de\/wp-json\/wp\/v2\/pages\/168\/revisions\/11373"}],"up":[{"embeddable":true,"href":"https:\/\/iicberlino.esteri.it\/de\/wp-json\/wp\/v2\/pages\/33"}],"wp:attachment":[{"href":"https:\/\/iicberlino.esteri.it\/de\/wp-json\/wp\/v2\/media?parent=168"}],"curies":[{"name":"wp","href":"https:\/\/api.w.org\/{rel}","templated":true}]}}