{"id":169,"date":"2023-02-09T14:59:07","date_gmt":"2023-02-09T13:59:07","guid":{"rendered":"https:\/\/iicberlino.esteri.it\/lingua-e-cultura\/certificazioni\/"},"modified":"2026-02-13T12:50:51","modified_gmt":"2026-02-13T11:50:51","slug":"certificazioni","status":"publish","type":"page","link":"https:\/\/iicberlino.esteri.it\/de\/lingua-e-cultura\/certificazioni\/","title":{"rendered":"Sprachzertifikate"},"content":{"rendered":"<p><strong><span class=\"titoloCategoria\">Das Sprachzertifikat CILS &#8211; Certificazione di Italiano come Lingua Straniera im Italienischen Kulturinstitut Berlin\u00a0\u00a0\u00a0\u00a0\u00a0\u00a0\u00a0\u00a0\u00a0\u00a0\u00a0\u00a0\u00a0\u00a0\u00a0\u00a0\u00a0\u00a0\u00a0\u00a0\u00a0\u00a0\u00a0\u00a0\u00a0\u00a0\u00a0\u00a0\u00a0\u00a0\u00a0\u00a0\u00a0\u00a0\u00a0\u00a0\u00a0\u00a0\u00a0\u00a0\u00a0<\/span> <\/strong><\/p>\n<p>Das Italienische Kulturinstitut Berlin bietet die M\u00f6glichkeit, ein offizielles Sprachzertifikat des Italienischen als Fremdsprache (CILS) der Universit\u00e0 per Stranieri di Siena zu erlangen und im Italienischen Kulturinstitut (Hildebrandstr. 2, Berlin-Tiergarten) die offizielle CILS-Pr\u00fcfung abzulegen. Das Sprachzertifikat CILS ist ein offiziell anerkannter Studientitel, mit dem das Niveau der sprachlich-kommunikativen Kompetenz des Italienischen als L2 bescheinigt wird. Das Sprachzertifikat CILS wird von der Universit\u00e0 per Stranieri di Siena ausgestellt und ist vom italienischen Staat auf Basis eines Abkommens mit dem italienischen Ministeriums f\u00fcr ausw\u00e4rtige Angelegenheiten und Internationale Zusammenarbeit anerkannt.<\/p>\n<p><strong>Einstufungen<\/strong><\/p>\n<p>Die Einteilung des Sprachzertifikats CILS deckt die sechs Niveaus sprachlich-kommunikativer Kompetenz gem\u00e4\u00df dem Gemeinsamen Europ\u00e4ischen Referenzrahmen f\u00fcr Sprachen ab.<\/p>\n<p>Die CILS-Pr\u00fcfung sieht sechs aufsteigende Niveaus sprachlich-kommunikativer Kompetenz vor. Jedes CILS-Niveau ist autonom und in sich abgeschlossen: Das Sprachzertifikat jedes Niveaus best\u00e4tigt die kommunikativen Kompetenzen in Bezug auf spezifische gesellschaftliche und berufliche Kontexte beziehungsweise f\u00fcr das Studium.<\/p>\n<p>F\u00fcr Kinder und Jugendliche werden spezielle CILS-Pr\u00fcfung angeboten.<\/p>\n<p>Alle Pr\u00fcfungsbestandteile wurden gem\u00e4\u00df dem Gemeinsamen Europ\u00e4ischen Referenzrahmen f\u00fcr Sprachen entwickelt, und werden nach diesem bewertet.<\/p>\n<p><a href=\"https:\/\/www.coe.int\/en\/web\/language-policy\/home\">https:\/\/www.coe.int\/en\/web\/language-policy\/home<\/a><\/p>\n<p><a href=\"https:\/\/cils.unistrasi.it\/1\/79\/54\/I_livelli_del_Quadro_comune_europeo_di_riferimento_per_la_conoscenza_delle_lingue_(Consiglio_d-Europa_2001).htm\">https:\/\/cils.unistrasi.it\/1\/79\/54\/I_livelli_del_Quadro_comune_europeo_di_riferimento_per_la_conoscenza_delle_lingue_(Consiglio_d-Europa_2001).htm<\/a><\/p>\n<p>Um das Sprachzertifikat einer der sechs Niveaus zu erlangen, muss eine aus f\u00fcnf Teilbereichen zusammengesetzte Pr\u00fcfung abgelegt werden, die verschiedene Grundf\u00e4higkeiten pr\u00fcfen: H\u00f6rverst\u00e4ndnis, Leseverst\u00e4ndnis, metasprachliche Kompetenz, Schreiben und m\u00fcndlicher Vortrag. Alle Teilbereiche m\u00fcssen bestanden werden.<\/p>\n<p><strong>F\u00fcr wen sind die CILS-Pr\u00fcfungen gedacht?<\/strong><\/p>\n<p>Zu den CILS-Pr\u00fcfungen k\u00f6nnen sich Nicht-Italiener und im Ausland lebende Italiener einschreiben. Dazu sind keine besonderen Schulabschl\u00fcsse oder Studientitel notwendig. Ebensowenig ist vorausgesetzt,\u00a0 das CILS-Zertifikat einer niedrigeren Kompetenzstufe erlangt zu haben.<\/p>\n<p>Bewerber, die eine offizielle Zertifizierung ihrer Italienischkenntnisse erwerben m\u00f6chten, sei es zu Studienzwecken oder zur Beantragung der Staatsb\u00fcrgerschaft (auch durch Heirat), m\u00fcssen sich f\u00fcr die Pr\u00fcfung anmelden, die dem Kompetenzniveau des <em>Gemeinsamen Europ\u00e4ischen Referenzrahmens f\u00fcr Sprachen<\/em> (GER) (A1, A2, B1, B2, C1 oder C2) entspricht, das gem\u00e4\u00df den italienischen Staatsb\u00fcrgerschaftsbestimmungen erforderlich ist.<\/p>\n<p><strong>Bewertung<\/strong><\/p>\n<p>Die Pr\u00fcfungen werden in allen Teilen vom Centro Certificazione der Universit\u00e0 per Stranieri di Siena zur Verf\u00fcgung gestellt und von diesem bewertet.<\/p>\n<p>Pr\u00fcfungen gelten nur dann als bestanden, wenn der Kandidat in jedem Pr\u00fcfungsteil mindestens die Note \u201eausreichend\u201c erreicht. Erreicht der Kandidat die Mindestpunktzahl nur in einigen Bereichen der gepr\u00fcften Sprachfertigkeiten, kann er beim n\u00e4chsten Pr\u00fcfungstermin die nicht bestandenen Pr\u00fcfungsteile nachholen. Die bestandenen Pr\u00fcfungsteile haben eine G\u00fcltigkeitsdauer von 18 Monaten ab der ersten abgelegten Pr\u00fcfung.<\/p>\n<p>Die Korrekturen k\u00f6nnen 2 bis 4 Monate beanspruchen.<\/p>\n<p>Die Ergebnisse werden unter folgendem Link ver\u00f6ffentlicht:<br \/>\n<a href=\"http:\/\/online.unistrasi.it\/riscils.asp\">http:\/\/online.unistrasi.it\/riscils.asp<\/a><\/p>\n<p><strong>Termine<\/strong><\/p>\n<p><strong>N\u00e4chste Pr\u00fcfungstermine CILS<\/strong><\/p>\n<p><strong>2026<\/strong><\/p>\n<p><strong>14. APRIL 2026<\/strong> (Anmeldezeit: <strong>12. Februar \u2013 12. M\u00e4rz 2026<\/strong>)<br \/>\nA2, B1 Jugendliche\/Adolescenti, B2<\/p>\n<p><strong>16. JUNI 2026<\/strong> (Anmeldezeit: <strong>05. April \u2013 05. Mai 2026<\/strong>)<br \/>\nA1, A2<br \/>\nB1, B2<br \/>\nC1, C2<\/p>\n<p><strong>17. JUNI 2026<\/strong> (Anmeldezeit: <strong>05. April \u2013 05. Mai 2026<\/strong>)<br \/>\nA1 Kinder\/Bambini, A1 Jugendliche\/ Adolescenti, A2 Kinder\/Bambini, A2 Jugendliche\/Adolescenti<br \/>\nB1 Jugendliche\/Adolescenti<\/p>\n<p><strong>21. OKTOBER 2026<\/strong> (Anmeldezeit: <strong>18. August \u2013 18. September 2026<\/strong>)<br \/>\nA2<\/p>\n<p><strong>03. DEZEMBER 2026<\/strong> (Anmeldezeit: <strong>23. September \u2013 23. Oktober 2026<\/strong>)<br \/>\nA1, A2<br \/>\nB1, B2<br \/>\nC1, C2<\/p>\n<p>Bitte beachten Sie, dass die Pr\u00fcfung oder ein Teil der Pr\u00fcfung bei hoher Teilnehmerzahl auf den darauffolgenden Tag verschoben werden kann.<\/p>\n<p>Die Pr\u00fcfungen finden in den R\u00e4umlichkeiten des Italienischen Kulturinstituts Berlin (Hildebrandstr. 2, 10785 Berlin) statt.<\/p>\n<p><strong>Einschreibung<\/strong><\/p>\n<p>Ihre Anmeldung schicken Sie bitte unter strikter Einhaltung der angegebenen Anmeldefrist an: <a href=\"mailto:nathalie.bestazzoni@esteri.it\">nathalie.bestazzoni@esteri.it.<\/a> Die Anmeldung ist nur vollst\u00e4ndig mit folgenden beiliegenden bzw. angeh\u00e4ngten Dokumenten:<br \/>\n1. <a href=\"https:\/\/iicberlino.esteri.it\/wp-content\/uploads\/2025\/03\/MODULO-ISCRIZIONE-CILS_IIC-BERLINO-2025.pdf\">ausgef\u00fclltes Anmeldeformular<\/a><br \/>\n2. Kopie eines g\u00fcltigen Ausweisdokumentes<br \/>\n3. Kopie des \u00dcberweisungsbelegs f\u00fcr die Pr\u00fcfungsgeb\u00fchr<\/p>\n<p><strong>Pr\u00fcfungsgeb\u00fchren<br \/>\n<\/strong><strong><br \/>\n<\/strong>CILS A1 und CILS A2:<strong> 50,- \u20ac<br \/>\n<\/strong>CILS Uno B1 &#8211; Adolescenti:<strong> 80,- \u20ac<br \/>\n<\/strong>CILS Uno B1:<strong> 100,- \u20ac<br \/>\n<\/strong>CILS Due B2:<strong> 110,- \u20ac<br \/>\n<\/strong>CILS Tre C1:<strong> 135,- \u20ac<br \/>\n<\/strong>CILS Quattro C2:<strong> 160,- \u20ac<\/strong><\/p>\n<p>Die Pr\u00fcfungsgeb\u00fchr ist auf folgendes Konto\u00a0zu \u00fcberweisen:<br \/>\nIstituto Italiano di Cultura<br \/>\nIBAN: DE77 1004 0000 0268 9222 00<br \/>\nBIC: COBADEFFXXX<br \/>\nVERWENDUNGSZWECK: CILS &#8211; Angabe Niveau &#8211; Nachname<\/p>\n<p>Die Kandidaten, die eine Pr\u00fcfung f\u00fcr das CILS nur teilweise bestanden haben, brauchen &#8211; bei Vorlage der ihnen durch die Ausl\u00e4nderuniversit\u00e4t Siena ausgestellten Unterlagen \u2013 nur jene Pr\u00fcfungsteile zu absolvieren, die sie nicht bestanden haben (max. 18 Monate sp\u00e4ter) und m\u00fcssen auch nur f\u00fcr diese eine anteilige Pr\u00fcfungsgeb\u00fchr bezahlen.<\/p>\n<p>Die Geb\u00fcr f\u00fcr die Pr\u00fcfungsanteile betr\u00e4gt aktuell:<\/p>\n<p>Niveau CILS A1 und A2: 15, 00 EUR<br \/>\nNiveau\u00a0CILS UNO-B1 Adolescenti: 20, 00 EUR<br \/>\nNiveau\u00a0CILS UNO-B1: 25, 00 EUR<br \/>\nNiveau\u00a0CILS DUE\u2013B2: 27, 00 EUR<br \/>\nNiveau\u00a0CILS TRE\u2013C1: 35, 00 EUR<br \/>\nNiveau\u00a0CILS QUATTRO \u2013 C2: 35, 00 EUR<\/p>\n<p><strong>Vorbereitung auf die Pr\u00fcfung<\/strong><\/p>\n<p>Unter diesem Link finden Sie Angebote des CENTRO CILS zur Vorbereitung:<br \/>\n<a href=\"https:\/\/cils.unistrasi.it\/1\/100\/52\/Come_prepararsi_agli_esami_CILS.htm\">https:\/\/cils.unistrasi.it\/1\/100\/52\/Come_prepararsi_agli_esami_CILS.htm<\/a><\/p>\n<p>Zur Vorbereitung auf die Pr\u00fcfung k\u00f6nnen Sie auch einen Sprachkurs am Italienischen Kulturinstitut mit qualifizierten muttersprachlichen Lehrern besuchen oder Einzelunterricht buchen:\u00a0<a href=\"https:\/\/iicberlino.esteri.it\/de\/lingua-e-cultura\/i-corsi-di-lingua\/\">https:\/\/iicberlino.esteri.it\/iic_berlino\/it\/imparare_italiano\/i_corsi_di_lingua\/i-corsi-di-lingua.html<\/a><\/p>\n<p><a href=\"https:\/\/iicberlino.esteri.it\/wp-content\/uploads\/2023\/05\/Anmeldeformular-IIC-BERLINO_2023.docx\"><strong>Anmeldeformular<\/strong><\/a><\/p>\n<p><strong><a href=\"https:\/\/iicberlino.esteri.it\/wp-content\/uploads\/2023\/05\/languages_common_european_framework_of_reference_en.pdf\">Raster zur Selbstbeurteilung<\/a><\/strong><\/p>\n<p>Ihr Ansprechpartner in Berlin:<\/p>\n<p>dott. ssa Nathalie Bestazzoni<br \/>\n<a href=\"mailto:nathalie.bestazzoni@esteri.it\">nathalie.bestazzoni@esteri.it<\/a><br \/>\nTel. 030 269941-0<br \/>\nFax 030 269941-26<\/p>\n<p><strong><span class=\"titoloCategoria\"><br \/>\n<\/span><\/strong>F\u00fcr die Durchf\u00fchrung der Pr\u00fcfungen im Ausland hat das italienische Kulturinstitut Berlin eine Konvention mit der Universit\u00e0 per Stranieri di Siena:<br \/>\n<a href=\"https:\/\/cils.unistrasi.it\/\">https:\/\/cils.unistrasi.it\/<\/a><br \/>\n<strong><span class=\"titoloCategoria\"><br \/>\nAndere Italienische Kulturinstitute im Ausland haben Konventionen mit:<\/span><\/strong><\/p>\n<p><a href=\"http:\/\/www.cvcl.it\/home-cvcl\"><span class=\"titoloNotizia\">Universit\u00e0 per Stranieri di Perugia<\/span><span class=\"titoloNotizia\">\u00a0 <\/span><\/a><a href=\"http:\/\/www.cvcl.it\/home-cvcl\">(CELI \u2013 CIC)<\/a><\/p>\n<p><a href=\"http:\/\/www.certificazioneitaliano.uniroma3.it\/\"><span class=\"titoloNotizia\">Universit\u00e0 degli Studi Roma Tre<\/span>\u00a0\u00a0(IT &#8211; ele.IT)<\/a><\/p>\n<p><a href=\"https:\/\/plida.it\/\"><span class=\"titoloNotizia\">Societ\u00e0 Dante Alighieri<\/span><span class=\"titoloNotizia\">\u00a0 <\/span>(PLIDA)<\/a><\/p>\n<p class=\"titoloNotizia\"><span class=\"titoloCategoria\"><em>\u00a0\u00a0 <\/em><\/span><\/p>\n","protected":false},"excerpt":{"rendered":"Das Sprachzertifikat CILS &#8211; Certificazione di Italiano come Lingua Straniera im Italienischen Kulturinstitut Berlin\u00a0\u00a0\u00a0\u00a0\u00a0\u00a0\u00a0\u00a0\u00a0\u00a0\u00a0\u00a0\u00a0\u00a0\u00a0\u00a0\u00a0\u00a0\u00a0\u00a0\u00a0\u00a0\u00a0\u00a0\u00a0\u00a0\u00a0\u00a0\u00a0\u00a0\u00a0\u00a0\u00a0\u00a0\u00a0\u00a0\u00a0\u00a0\u00a0\u00a0\u00a0 Das Italienische Kulturinstitut Berlin bietet die M\u00f6glichkeit, ein offizielles Sprachzertifikat des Italienischen als Fremdsprache (CILS) der Universit\u00e0 per Stranieri di Siena zu erlangen und im Italienischen Kulturinstitut (Hildebrandstr. 2, Berlin-Tiergarten) die offizielle CILS-Pr\u00fcfung abzulegen. Das Sprachzertifikat CILS ist ein offiziell anerkannter [&hellip;]","protected":false},"author":3,"featured_media":0,"parent":33,"menu_order":6,"comment_status":"closed","ping_status":"closed","template":"","meta":{"footnotes":""},"class_list":["post-169","page","type-page","status-publish","hentry"],"_links":{"self":[{"href":"https:\/\/iicberlino.esteri.it\/de\/wp-json\/wp\/v2\/pages\/169","targetHints":{"allow":["GET"]}}],"collection":[{"href":"https:\/\/iicberlino.esteri.it\/de\/wp-json\/wp\/v2\/pages"}],"about":[{"href":"https:\/\/iicberlino.esteri.it\/de\/wp-json\/wp\/v2\/types\/page"}],"author":[{"embeddable":true,"href":"https:\/\/iicberlino.esteri.it\/de\/wp-json\/wp\/v2\/users\/3"}],"replies":[{"embeddable":true,"href":"https:\/\/iicberlino.esteri.it\/de\/wp-json\/wp\/v2\/comments?post=169"}],"version-history":[{"count":7,"href":"https:\/\/iicberlino.esteri.it\/de\/wp-json\/wp\/v2\/pages\/169\/revisions"}],"predecessor-version":[{"id":11677,"href":"https:\/\/iicberlino.esteri.it\/de\/wp-json\/wp\/v2\/pages\/169\/revisions\/11677"}],"up":[{"embeddable":true,"href":"https:\/\/iicberlino.esteri.it\/de\/wp-json\/wp\/v2\/pages\/33"}],"wp:attachment":[{"href":"https:\/\/iicberlino.esteri.it\/de\/wp-json\/wp\/v2\/media?parent=169"}],"curies":[{"name":"wp","href":"https:\/\/api.w.org\/{rel}","templated":true}]}}