{"id":170,"date":"2023-02-09T14:59:41","date_gmt":"2023-02-09T13:59:41","guid":{"rendered":"https:\/\/iicberlino.esteri.it\/lingua-e-cultura\/studiare-in-italia\/"},"modified":"2023-02-09T17:41:12","modified_gmt":"2023-02-09T16:41:12","slug":"studiare-in-italia","status":"publish","type":"page","link":"https:\/\/iicberlino.esteri.it\/de\/lingua-e-cultura\/studiare-in-italia\/","title":{"rendered":"Studium in Italien"},"content":{"rendered":"<p><span class=\"titoloCategoria\"><strong>UNIVERSIT\u00c4TEN<\/strong><\/span><\/p>\n<p>Centre for the Academic Promotion and Orientation of Study in Italy <a href=\"https:\/\/www.uni-italia.net\/\">https:\/\/www.uni-italia.net\/<\/a><\/p>\n<p>Allgemeine Informationen zur Organisation und Arbeitsweise der italienischen Universit\u00e4ten sind in auf den Internetseiten des\u00a0<a href=\"https:\/\/www.miur.gov.it\/web\/guest\/universita\">Ministero dell\u2019Istruzione dell\u2019Universit\u00e0 e della Ricerca (MIUR)<\/a> und des Ministero degli Affari Esteri e della Cooperazione Internazionale: <a href=\"https:\/\/studyinitaly.esteri.it\/\"><strong>Study in Italy<\/strong><\/a> (auch f\u00fcr Stipendien) zu finden.<\/p>\n<p>Vollst\u00e4ndige Listen der Universit\u00e4ten sind \u00fcber die folgenden Seiten abrufbar:<\/p>\n<ul>\n<li><a href=\"https:\/\/www.studiare-in-italia.it\/studentistranieri\/\">https:\/\/www.studiare-in-italia.it\/studentistranieri\/<\/a><\/li>\n<li><a href=\"http:\/\/cercauniversita.cineca.it\/index.php?module=strutture&amp;page=StructureSearchParams&amp;advanced_serch=1\">Die Cineca Suchmaschine des MIUR <\/a><\/li>\n<li><a href=\"https:\/\/www.crui.it\/\" target=\"_blank\" rel=\"noopener\">die Seite der CRUI (Italienische Hochschulrektorenkonferenz<\/a><\/li>\n<\/ul>\n<p class=\"titoloNotizia\">Informationen zur Immatrikulation:<br \/>\nSuchportal <a href=\"https:\/\/accordi-internazionali.cineca.it\/\">CINECA<\/a><br \/>\nauf der Seite des italienischen Bildungsministeriums <a href=\"https:\/\/www.studiare-in-italia.it\/studentistranieri\/\">MIUR<\/a><\/p>\n<p>Weitere Links:<br \/>\n<a href=\"http:\/\/www.fondazionerui.it\">www.fondazionerui.it<\/a><br \/>\n<a href=\"http:\/\/www.camplus.it\">www.camplus.it<\/a><\/p>\n<p>F\u00fcr Wissenschaftler, die ins europ\u00e4ische Ausland gehen m\u00f6chten:<br \/>\n<a href=\"https:\/\/euraxess.ec.europa.eu\/\">EURAXESS &#8211; Researchers in Motion<\/a><\/p>\n<p><strong><span class=\"titoloCategoria\">SCHULEN<br \/>\n<\/span><\/strong><br \/>\nAllgemeine Informationen zum italienischen Schulsystem und weitere n\u00fctzliche Ausk\u00fcnfte sind auf den Seiten des <a href=\"https:\/\/www.miur.gov.it\/web\/guest\/il-sistema-di-istruzione\" target=\"_blank\" rel=\"noopener\">Ministero dell&#8217;Istruzione dell&#8217;Universit\u00e0 e della Ricerca<\/a>\u00a0(MIUR) zu finden.<\/p>\n<p><a href=\"https:\/\/eduitalia.org\/\">Eduitalia &#8211; Italian association of qualified Schools, Academies and Universities<\/a><\/p>\n<p class=\"titoloNotizia\"><strong><span class=\"titoloCategoria\"><a href=\"https:\/\/eduitalia.org\/wp-content\/guide\/Guida-Eduitalia-2022.pdf\">Eduitalia Guide 2022<\/a><\/span><\/strong><\/p>\n<p>DOZENT F\u00dcR ITALIENISCH ALS FREMDSPRACHE<\/p>\n<ul>\n<li><a href=\"https:\/\/www.itals.it\/\">Progetto ITALS<\/a> &#8211; Dipartimento di Scienze del Linguaggio dell&#8217;Universit\u00e0 Ca&#8216; Foscari di Venezia<\/li>\n<li><a href=\"https:\/\/www.ditals.com\/\">DITALS<\/a> &#8211; Certificazione di competenza in didattica dell&#8217;italiano a stranieri &#8211; Universit\u00e0 per Stranieri di Siena<\/li>\n<li><a href=\"https:\/\/www.unistrapg.it\/it\" target=\"_blank\" rel=\"noopener\">Laurea in insegnamento della lingua e della cultura italiana a stranieri<\/a> &#8211; Universit\u00e0 per Stranieri di Perugia<\/li>\n<li><a href=\"http:\/\/www.unistrada.it\/\">Universit\u00e0 per Stranieri &#8222;Dante Alighieri&#8220; di Reggio Calabria<\/a><\/li>\n<\/ul>\n","protected":false},"excerpt":{"rendered":"UNIVERSIT\u00c4TEN Centre for the Academic Promotion and Orientation of Study in Italy https:\/\/www.uni-italia.net\/ Allgemeine Informationen zur Organisation und Arbeitsweise der italienischen Universit\u00e4ten sind in auf den Internetseiten des\u00a0Ministero dell\u2019Istruzione dell\u2019Universit\u00e0 e della Ricerca (MIUR) und des Ministero degli Affari Esteri e della Cooperazione Internazionale: Study in Italy (auch f\u00fcr Stipendien) zu finden. Vollst\u00e4ndige Listen der [&hellip;]","protected":false},"author":3,"featured_media":0,"parent":33,"menu_order":10,"comment_status":"closed","ping_status":"closed","template":"","meta":{"footnotes":""},"class_list":["post-170","page","type-page","status-publish","hentry"],"_links":{"self":[{"href":"https:\/\/iicberlino.esteri.it\/de\/wp-json\/wp\/v2\/pages\/170","targetHints":{"allow":["GET"]}}],"collection":[{"href":"https:\/\/iicberlino.esteri.it\/de\/wp-json\/wp\/v2\/pages"}],"about":[{"href":"https:\/\/iicberlino.esteri.it\/de\/wp-json\/wp\/v2\/types\/page"}],"author":[{"embeddable":true,"href":"https:\/\/iicberlino.esteri.it\/de\/wp-json\/wp\/v2\/users\/3"}],"replies":[{"embeddable":true,"href":"https:\/\/iicberlino.esteri.it\/de\/wp-json\/wp\/v2\/comments?post=170"}],"version-history":[{"count":0,"href":"https:\/\/iicberlino.esteri.it\/de\/wp-json\/wp\/v2\/pages\/170\/revisions"}],"up":[{"embeddable":true,"href":"https:\/\/iicberlino.esteri.it\/de\/wp-json\/wp\/v2\/pages\/33"}],"wp:attachment":[{"href":"https:\/\/iicberlino.esteri.it\/de\/wp-json\/wp\/v2\/media?parent=170"}],"curies":[{"name":"wp","href":"https:\/\/api.w.org\/{rel}","templated":true}]}}