{"id":172,"date":"2023-02-09T15:01:01","date_gmt":"2023-02-09T14:01:01","guid":{"rendered":"https:\/\/iicberlino.esteri.it\/lingua-e-cultura\/premi-alla-traduzione\/"},"modified":"2026-02-25T12:36:53","modified_gmt":"2026-02-25T11:36:53","slug":"premi-alla-traduzione","status":"publish","type":"page","link":"https:\/\/iicberlino.esteri.it\/de\/lingua-e-cultura\/premi-alla-traduzione\/","title":{"rendered":"\u00dcbersetzungsf\u00f6rderung &#8211; Zusch\u00fcsse und Pr\u00e4mien"},"content":{"rendered":"<p><strong>\u00dcbersetzungsf\u00f6rderungen durch das Italienische Au\u00dfenministerium<\/strong><\/p>\n<p>Das Italienische Au\u00dfenministerium f\u00f6rdert die \u00dcbersetzung gedruckter und digitaler B\u00fccher und die Synchronisation filmischer Werke, um zur Verbreitung der Italienischen Sprache im Ausland beizutragen.<\/p>\n<p>Das Italienische Au\u00dfenministerium sieht die j\u00e4hrliche Vergabe zweier Arten der F\u00f6rderung vor:<\/p>\n<ul>\n<li>F\u00f6rderung von \u00dcbersetzungen noch nicht publizierter italienischer B\u00fccher sowie die Produktion, Synchronisation oder Untertitelung von italienischer Filme und Serie im Ausland;<\/li>\n<li>Preise f\u00fcr bereits publizierte \u00dcbersetzungen italienischer B\u00fccher sowie bereits realisierte Produktionen, Synchronisationen oder Untertitelungen italienischer Filme und Serie im Ausland.<\/li>\n<\/ul>\n<p><strong>Die neue Ausschreibung f\u00fcr 2026 ist online!<\/strong><br \/>\nWeitere Informationen zu den Vergaberichtlinien und den Einreicheterminen sowie die Antragsformulare finden Sie auf der <a href=\"https:\/\/www.esteri.it\/it\/diplomazia-culturale-e-diplomazia-scientifica\/cultura\/sostegno-alleditoria\/promozionelibroitaliano\/\"><strong>Website des Italienischen Au\u00dfenministeriums<\/strong><\/a>!<\/p>\n<p>Die Antr\u00e4ge m\u00fcssen j\u00e4hrlich bei den italienischen Kulturinstituten und den diplomatischen und konsularischen Vertretungen Italiens im Ausland &#8211; gem\u00e4\u00df den in der Aufforderung zur Einreichung von Bewerbungen festgelegten Verfahren &#8211; eingereicht werden.<br \/>\nAntragsfrist f\u00fcr 2026 ist der <strong>31. M\u00e4rz 2026<\/strong>.<\/p>\n<p>&nbsp;<\/p>\n<p>&#8212;&#8212;&#8212;&#8212;&#8212;&#8212;&#8212;&#8212;&#8212;&#8212;&#8212;&#8212;&#8212;&#8212;&#8212;&#8212;&#8212;&#8212;&#8212;&#8212;<\/p>\n<p><strong>\u00dcbersetzerpreis des Ministero della Cultura<br \/>\n<\/strong><br \/>\nDie <em>Direzione generale biblioteche e diritto d\u2019autore, <\/em>angesiedelt beim italienischen Kulturministerium (MiC Ministero della Cultura), vergibt j\u00e4hrlich nationale \u00dcbersetzerpreise, die &#8222;Premi Nazionali per la Traduzione&#8220;. Weitere Informationen:<\/p>\n<p><strong>Website des Ministero della culturali &#8211; Direzione generale Biblioteche e diritto d&#8217;autore:<\/strong><br \/>\n<strong><a href=\"https:\/\/biblioteche.cultura.gov.it\/it\/contributi\/premi-nazionali-per-la-traduzione\/\">Premi Nazionali per la Traduzione<\/a><br \/>\n<\/strong>Teilnahmebedingungen zu den<span class=\"fontstyle0\"> Premi Nazionali per la Traduzione <a href=\"https:\/\/iicberlino.esteri.it\/wp-content\/uploads\/2024\/03\/MINISTERO-DELLA-CULTURA-PREMI-NAZIONALI-PER-LA-TRADUZIONE-2024._ALL.4516536PNT-Circolaren-1-2021_compressed-1.pdf\"><strong>&gt;&gt;&gt;<\/strong><\/a><\/span> <strong><br \/>\n<\/strong><span class=\"fontstyle0\">F\u00fcr das Jahr 2024 k\u00f6nnen Ansuchen ausschlie\u00dflich in digitalem Format \u00fcber die App eingereicht werden, die unter nachfolgendem Link vom 11. M\u00e4rz, 12.00 Uhr (Ortszeit) bis 12. April, 12.00 Uhr (Ortszeit) aufgerufen werden kann:<br \/>\n<\/span><a href=\"https:\/\/biblioteche.cultura.gov.it\/it\/contributi\/premi-nazionali-per-la-traduzione\/Sportellodomande\/\"><span class=\"fontstyle0\">https:\/\/biblioteche.cultura.gov.it\/it\/contributi\/premi-nazionali-per-la-traduzione\/Sportellodomande\/<\/span> <\/a><\/p>\n<p>&nbsp;<\/p>\n<p>&#8212;&#8212;&#8212;&#8212;&#8212;&#8212;&#8212;&#8212;&#8212;&#8212;&#8212;&#8212;&#8212;&#8212;&#8212;&#8212;&#8212;&#8212;&#8212;&#8212;<\/p>\n<p>Aktuelle Informationen zu Preisen und F\u00f6rderungsm\u00f6glichkeiten finden Sie auch auf der Website der <a href=\"https:\/\/www.bibliotechediroma.it\/opac\/library\/casa-delle-traduzioni\/RMBA6\"><strong>Biblioteca Casa della traduzione<\/strong><\/a> und der Seite des <a href=\"https:\/\/cepell.it\/traduzioni\/\"><strong>Centro per il libro e la lettura &#8211; Cepell<\/strong><\/a>.<\/p>\n","protected":false},"excerpt":{"rendered":"\u00dcbersetzungsf\u00f6rderungen durch das Italienische Au\u00dfenministerium Das Italienische Au\u00dfenministerium f\u00f6rdert die \u00dcbersetzung gedruckter und digitaler B\u00fccher und die Synchronisation filmischer Werke, um zur Verbreitung der Italienischen Sprache im Ausland beizutragen. Das Italienische Au\u00dfenministerium sieht die j\u00e4hrliche Vergabe zweier Arten der F\u00f6rderung vor: F\u00f6rderung von \u00dcbersetzungen noch nicht publizierter italienischer B\u00fccher sowie die Produktion, Synchronisation oder Untertitelung [&hellip;]","protected":false},"author":3,"featured_media":0,"parent":33,"menu_order":14,"comment_status":"closed","ping_status":"closed","template":"","meta":{"footnotes":""},"class_list":["post-172","page","type-page","status-publish","hentry"],"_links":{"self":[{"href":"https:\/\/iicberlino.esteri.it\/de\/wp-json\/wp\/v2\/pages\/172","targetHints":{"allow":["GET"]}}],"collection":[{"href":"https:\/\/iicberlino.esteri.it\/de\/wp-json\/wp\/v2\/pages"}],"about":[{"href":"https:\/\/iicberlino.esteri.it\/de\/wp-json\/wp\/v2\/types\/page"}],"author":[{"embeddable":true,"href":"https:\/\/iicberlino.esteri.it\/de\/wp-json\/wp\/v2\/users\/3"}],"replies":[{"embeddable":true,"href":"https:\/\/iicberlino.esteri.it\/de\/wp-json\/wp\/v2\/comments?post=172"}],"version-history":[{"count":6,"href":"https:\/\/iicberlino.esteri.it\/de\/wp-json\/wp\/v2\/pages\/172\/revisions"}],"predecessor-version":[{"id":11998,"href":"https:\/\/iicberlino.esteri.it\/de\/wp-json\/wp\/v2\/pages\/172\/revisions\/11998"}],"up":[{"embeddable":true,"href":"https:\/\/iicberlino.esteri.it\/de\/wp-json\/wp\/v2\/pages\/33"}],"wp:attachment":[{"href":"https:\/\/iicberlino.esteri.it\/de\/wp-json\/wp\/v2\/media?parent=172"}],"curies":[{"name":"wp","href":"https:\/\/api.w.org\/{rel}","templated":true}]}}