{"id":173,"date":"2023-02-09T14:57:54","date_gmt":"2023-02-09T13:57:54","guid":{"rendered":"https:\/\/iicberlino.esteri.it\/lingua-e-cultura\/i-corsi-di-lingua\/"},"modified":"2026-01-05T15:15:11","modified_gmt":"2026-01-05T14:15:11","slug":"i-corsi-di-lingua","status":"publish","type":"page","link":"https:\/\/iicberlino.esteri.it\/de\/lingua-e-cultura\/i-corsi-di-lingua\/","title":{"rendered":"Unsere Sprachkurse"},"content":{"rendered":"<p><strong>Unsere Sprachkurse in Pr\u00e4senz und im Onlineformat!<\/strong><\/p>\n<p>Derzeit bieten wir sowohl Kurse in Pr\u00e4senz als auch Onlinekurse an. Einige Kurse finden als Pr\u00e4senzkurse in den von uns genutzten Kursr\u00e4umen der Humboldt-Universit\u00e4t statt. Andere Kurse werden hingegen online mit einem Videokonferenzsystem (Zoom) durchgef\u00fchrt. In unseren Standardkursen laden wir Sie zu attraktiven Zusatzinitiativen ein, z.B. einer digitalen interaktiven F\u00fchrung durch italienische St\u00e4dte und Landschaften mit den Guides von Artaway. Bei uns macht das Sprachenlernen auch im digitalen Format Spa\u00df!<\/p>\n<p><a href=\"https:\/\/iicberlino.esteri.it\/wp-content\/uploads\/2026\/01\/IIC-BERLINO-sk-brochure-esec.pdf\"><img loading=\"lazy\" decoding=\"async\" class=\"alignnone size-full wp-image-11241 img-fluid\" src=\"https:\/\/iicberlino.esteri.it\/wp-content\/uploads\/2026\/01\/Cover.jpg\" alt=\"\" width=\"562\" height=\"789\" srcset=\"https:\/\/iicberlino.esteri.it\/wp-content\/uploads\/2026\/01\/Cover.jpg 562w, https:\/\/iicberlino.esteri.it\/wp-content\/uploads\/2026\/01\/Cover-214x300.jpg 214w\" sizes=\"auto, (max-width: 562px) 100vw, 562px\" \/><\/a><\/p>\n<p style=\"text-align: left;\"><a href=\"https:\/\/iicberlino.esteri.it\/wp-content\/uploads\/2026\/01\/IIC-BERLINO-sk-brochure-esec.pdf\">Sprachkurse Sommersemester 2026\u00a0 <\/a><\/p>\n<p>&nbsp;<\/p>\n<p><strong>Warum Italienisch am Italienischen Kulturinstitut Berlin lernen?<\/strong><\/p>\n<ul>\n<li>Das Italienische Kulturinstitut ist die offizielle Vertretung des Italienischen Staates f\u00fcr die F\u00f6rderung der italienischen Sprache und Kultur im Ausland. Aus diesem Grund bieten wir ein breitgef\u00e4chertes Sprachkursprogramm an, das h\u00f6chsten Qualit\u00e4tsanforderungen unterliegt. Unsere Kurse sind nach den Kompetenzniveaus des \u201eGemeinsamen Europ\u00e4ischen Referenzrahmens f\u00fcr Sprachen\u201c strukturiert.<\/li>\n<li>Alle unsere Sprachkurse werden durch Lehrkr\u00e4fte italienischer Muttersprachle mit Hochschulabschluss und Zusatzqualifikationen in Fremdsprachendidaktik gegeben. Diese haben sich in Fortbildungskursen auch auf den Onlineunterricht spezialisiert.<\/li>\n<li>Wir bieten eine angenehme Lernatmosph\u00e4re in kleinen Gruppen.<\/li>\n<li>Unser Ansatz ist kommunikativ, interaktiv und auf die Entwicklung einer aktiven und autonomen Sprachverwendung ausgerichtet, auf der Basis eines authentischen, heutigen Italienisch.<\/li>\n<li>Wir bieten Ihnen die M\u00f6glichkeit zum Erwerb eines offiziellen Sprachzertifikats f\u00fcr Italienisch (CILS).<\/li>\n<li>Sie k\u00f6nnen von Angeboten f\u00fcr verg\u00fcnstigte Sommersprachkurse in Italien profitieren.<\/li>\n<li>Bonusinitiativen f\u00fcr unsere Lernenden bieten Ihnen Gelegenheit zur erm\u00e4\u00dfigten oder kostenlosen Teilnahme an italienbezogenen Ausstellungen, Konzerten oder Filmvorf\u00fchrungen unserer Partner in Berlin<strong>.<\/strong><\/li>\n<\/ul>\n<p><strong>Kontaktieren Sie uns, wenn Sie mehr erfahren m\u00f6chten!<\/strong><\/p>\n<p>Tel.: +49 (0)30 &#8211; 26 99 410<\/p>\n<p>F\u00fcr die Zusendung des Sprachkursprogramms: <a href=\"mailto:iicberlino@esteri.it\">iicberlino@esteri.it<\/a><\/p>\n<p>F\u00fcr Anmeldungen und Fragen zu einzelnen Kursen: <a href=\"mailto:corsi.iicberlino@esteri.it\">corsi.iicberlino@esteri.it<\/a><\/p>\n<p><a href=\"https:\/\/iicberlino.esteri.it\/wp-content\/uploads\/2026\/01\/Anmeldeformular-IIC-BERLINO_2026.docx\"><strong>Anmeldeformular f\u00fcr unsere Sprachkurse<\/strong><\/a><\/p>\n<p><strong>Einstufungstest<\/strong><\/p>\n<p>Wenn Sie bereits Italienischkenntnisse haben, aber noch keinen Kurs bei uns besucht haben, bitten wir Sie, vor der Anmeldung zu einem Kurs den Einstufungstest zu machen.<\/p>\n<p>Machen Sie den Test von der ersten Stufe an, wenn k\u00fcrzlich keine fachliche Bestimmung Ihres Kompetenzniveaus (A1, A2 etc.) im Rahmen von Sprachkursen oder -pr\u00fcfungen durchgef\u00fchrt worden ist. Das Ergebnis des Tests verweist auf Abschnitte im Lehrbuch: in welchem Kurs diese durchgenommen werden, k\u00f6nnen Sie <a href=\"https:\/\/iicberlino.esteri.it\/de\/lingua-e-cultura\/i-corsi-di-lingua\/docenti-e-testi\/\">hier<\/a> sehen.<\/p>\n<p>Tragen Sie im letzten Schritt des Tests f\u00fcr die \u00dcbermittlung des Ergebnisses unsere Sprachkursadresse corsi.iicberlino@esteri.it ein, an die auch der Anmeldecoupon zu \u00fcbersenden ist.<\/p>\n<p><strong><a href=\"https:\/\/www.hueber.de\/reihe\/nuovo-espresso\/unterrichten#einstufungstest\">Einstufungstest<\/a><\/strong><\/p>\n<p><span class=\"titoloRosso\"><strong>Preise und Leistungen<\/strong><br \/>\n<\/span><\/p>\n<p><strong>Kursgeb\u00fchren:<\/strong><\/p>\n<p>Standard-, Intensiv- und Superintensivkurse: \u20ac 250 \/ erm\u00e4\u00dfigt: \u20ac 210<\/p>\n<p>Erm\u00e4\u00dfigung erhalten Studierende, Auszubildende, Erwerbslose und Personen in Rente (Nachweis erforderlich).<\/p>\n<p>Minikurse: 115 \u20ac (ohne Erm\u00e4\u00dfigung)<\/p>\n<p>Die Standardkurse umfassen jeweils 42 Unterrichtseinheiten und die Superintensivkurse umfassen jeweils 40 Unterrichtseinheiten. Minikurse umfassen 16 Unterrichtseinheiten.<\/p>\n<p>&nbsp;<\/p>\n<p>.<\/p>\n","protected":false},"excerpt":{"rendered":"Unsere Sprachkurse in Pr\u00e4senz und im Onlineformat! Derzeit bieten wir sowohl Kurse in Pr\u00e4senz als auch Onlinekurse an. Einige Kurse finden als Pr\u00e4senzkurse in den von uns genutzten Kursr\u00e4umen der Humboldt-Universit\u00e4t statt. Andere Kurse werden hingegen online mit einem Videokonferenzsystem (Zoom) durchgef\u00fchrt. In unseren Standardkursen laden wir Sie zu attraktiven Zusatzinitiativen ein, z.B. einer digitalen [&hellip;]","protected":false},"author":3,"featured_media":0,"parent":33,"menu_order":0,"comment_status":"closed","ping_status":"closed","template":"","meta":{"footnotes":""},"class_list":["post-173","page","type-page","status-publish","hentry"],"_links":{"self":[{"href":"https:\/\/iicberlino.esteri.it\/de\/wp-json\/wp\/v2\/pages\/173","targetHints":{"allow":["GET"]}}],"collection":[{"href":"https:\/\/iicberlino.esteri.it\/de\/wp-json\/wp\/v2\/pages"}],"about":[{"href":"https:\/\/iicberlino.esteri.it\/de\/wp-json\/wp\/v2\/types\/page"}],"author":[{"embeddable":true,"href":"https:\/\/iicberlino.esteri.it\/de\/wp-json\/wp\/v2\/users\/3"}],"replies":[{"embeddable":true,"href":"https:\/\/iicberlino.esteri.it\/de\/wp-json\/wp\/v2\/comments?post=173"}],"version-history":[{"count":7,"href":"https:\/\/iicberlino.esteri.it\/de\/wp-json\/wp\/v2\/pages\/173\/revisions"}],"predecessor-version":[{"id":11250,"href":"https:\/\/iicberlino.esteri.it\/de\/wp-json\/wp\/v2\/pages\/173\/revisions\/11250"}],"up":[{"embeddable":true,"href":"https:\/\/iicberlino.esteri.it\/de\/wp-json\/wp\/v2\/pages\/33"}],"wp:attachment":[{"href":"https:\/\/iicberlino.esteri.it\/de\/wp-json\/wp\/v2\/media?parent=173"}],"curies":[{"name":"wp","href":"https:\/\/api.w.org\/{rel}","templated":true}]}}