{"id":229,"date":"2023-03-03T12:19:50","date_gmt":"2023-03-03T11:19:50","guid":{"rendered":"https:\/\/iicberlino.esteri.it\/lingua-e-cultura\/i-corsi-di-lingua\/come-iscriversi\/"},"modified":"2023-03-06T10:58:49","modified_gmt":"2023-03-06T09:58:49","slug":"come-iscriversi","status":"publish","type":"page","link":"https:\/\/iicberlino.esteri.it\/de\/lingua-e-cultura\/i-corsi-di-lingua\/come-iscriversi\/","title":{"rendered":"Anmeldung"},"content":{"rendered":"<p><strong>Anmeldung<\/strong><br \/>\nF\u00fcr eine Anmeldung \u00fcbersenden Sie uns bitte den <a href=\"https:\/\/iicberlino.esteri.it\/wp-content\/uploads\/2023\/03\/Anmeldeformular-IIC-BERLINO_2023-1.docx\">ausgef\u00fcllten Anmeldecoupon<\/a>, den \u00dcberweisungsbeleg und ggf. den Beleg f\u00fcr Erm\u00e4\u00dfigungsberechtigungen auf dem Postweg, per Fax oder Mail. Bei pers\u00f6nlicher Anmeldung im Kulturinstitut denken Sie bitte daran, den \u00dcberweisungsbeleg mitzubringen. Bar- oder Kartenzahlung im Institut ist leider nicht m\u00f6glich.<\/p>\n<p>Telefon: 030-26 99 41 -0 \/ -17<br \/>\nFax: 030-26 99 41 26<br \/>\nEmail: corsi.iicberlino@esteri.it<\/p>\n<p><strong>Voraussetzungen<\/strong><br \/>\nZugangsvoraussetzung f\u00fcr die Kurse ist der Besuch der vorangegangenen Kursstufe (Ausnahme: Anf\u00e4ngerniveau). F\u00fcr Teilnehmer mit Vorkenntnissen wird ein Einstufungstest angeboten, um das entsprechende Niveau festzustellen.<\/p>\n<p><strong>R\u00fcckerstattungen<\/strong><br \/>\nDas Italienische Kulturinstitut erstattet die Kursgeb\u00fchr nur dann zur\u00fcck, wenn die Mindestteilnehmerzahl an einem Kurs nicht erreicht wird. in anderen F\u00e4llen kann keine R\u00fcckerstattung der Kursgeb\u00fchr erfolgen. Sollte es einer Person nicht m\u00f6glich sein, an einem Kurs, f\u00fcr den sie sich angemeldet hat, teilzunehmen, und sie das dem Italienischen Kulturinstitut bis sp\u00e4testens 15 Tage vor Kursbeginn mittteilt, kann diese Person, den Kurs im Folgesemester besuchen.<\/p>\n<p><strong>Nachweise<\/strong><br \/>\nDas Sekretariat des Instituts stellt Nachweise \u00fcber den Besuch der Kurse aus.<\/p>\n","protected":false},"excerpt":{"rendered":"Anmeldung F\u00fcr eine Anmeldung \u00fcbersenden Sie uns bitte den ausgef\u00fcllten Anmeldecoupon, den \u00dcberweisungsbeleg und ggf. den Beleg f\u00fcr Erm\u00e4\u00dfigungsberechtigungen auf dem Postweg, per Fax oder Mail. Bei pers\u00f6nlicher Anmeldung im Kulturinstitut denken Sie bitte daran, den \u00dcberweisungsbeleg mitzubringen. Bar- oder Kartenzahlung im Institut ist leider nicht m\u00f6glich. Telefon: 030-26 99 41 -0 \/ -17 Fax: [&hellip;]","protected":false},"author":7,"featured_media":0,"parent":173,"menu_order":0,"comment_status":"closed","ping_status":"closed","template":"","meta":{"footnotes":""},"class_list":["post-229","page","type-page","status-publish","hentry"],"_links":{"self":[{"href":"https:\/\/iicberlino.esteri.it\/de\/wp-json\/wp\/v2\/pages\/229","targetHints":{"allow":["GET"]}}],"collection":[{"href":"https:\/\/iicberlino.esteri.it\/de\/wp-json\/wp\/v2\/pages"}],"about":[{"href":"https:\/\/iicberlino.esteri.it\/de\/wp-json\/wp\/v2\/types\/page"}],"author":[{"embeddable":true,"href":"https:\/\/iicberlino.esteri.it\/de\/wp-json\/wp\/v2\/users\/7"}],"replies":[{"embeddable":true,"href":"https:\/\/iicberlino.esteri.it\/de\/wp-json\/wp\/v2\/comments?post=229"}],"version-history":[{"count":0,"href":"https:\/\/iicberlino.esteri.it\/de\/wp-json\/wp\/v2\/pages\/229\/revisions"}],"up":[{"embeddable":true,"href":"https:\/\/iicberlino.esteri.it\/de\/wp-json\/wp\/v2\/pages\/173"}],"wp:attachment":[{"href":"https:\/\/iicberlino.esteri.it\/de\/wp-json\/wp\/v2\/media?parent=229"}],"curies":[{"name":"wp","href":"https:\/\/api.w.org\/{rel}","templated":true}]}}