{"id":234,"date":"2023-03-06T11:09:03","date_gmt":"2023-03-06T10:09:03","guid":{"rendered":"https:\/\/iicberlino.esteri.it\/lingua-e-cultura\/i-corsi-di-lingua\/metodi-e-livelli\/"},"modified":"2023-03-06T11:17:36","modified_gmt":"2023-03-06T10:17:36","slug":"metodi-e-livelli","status":"publish","type":"page","link":"https:\/\/iicberlino.esteri.it\/de\/lingua-e-cultura\/i-corsi-di-lingua\/metodi-e-livelli\/","title":{"rendered":"Niveaus"},"content":{"rendered":"<p><strong>Niveaus<\/strong><br \/>\nDie Kursgliederung am Italienischen Kulturinstitut orientiert sich an der Differenzierung der Sprachfertigkeiten anhand der jeweils bereits vorhandenen Kompetenzen (\u201eKann-Bestimmungen\u201c), wie sie der \u201cGemeinsame Europ\u00e4ische Referenzrahmen f\u00fcr Sprachen\u201c (GER) des Europarates vorsieht. Der GER legt drei grundlegende Niveaustufen fest:<\/p>\n<p>A: Elementare Sprachverwendung<\/p>\n<p>B: Selbstst\u00e4ndige Sprachverwendung<\/p>\n<p>C: Kompetente Sprachverwendung<\/p>\n<p><strong>Diese Niveaustufen sind in unseren Sprachkursen folgenderma\u00dfen unterteilt:<\/strong><\/p>\n<p>Das Niveau A (Grundstufe) gliedert sich in vier aufeinanderfolgende Kurse: A1.1 (absolute Anf\u00e4nger) A1.2, A2.1 und A2.2.<br \/>\nDas Niveau B1 (Mittelstufe), das die komplexeren Bereiche der italienischen Grammatik beinhaltet, ist in drei aufeinanderfolgende Kurse unterteilt: B1.1, B1.2, B1.3<\/p>\n<p>Damit bieten wir in unseren Kursen die M\u00f6glichkeit, relativ schnell die Grundlagen der italienischen Grammatik zu erlernen. Die Stundenzahl ist dabei so berechnet, dass eine Wiederholung und Festigung der erlernten Inhalte dennoch stets m\u00f6glich ist.<\/p>\n<p>Mit einem abgeschlossenen Niveau B1 haben Sie die italienische Grammatik bereits einmal ganz kennengelernt. F\u00fcr eine kompetente Sprachverwendung ist es nat\u00fcrlich notwendig, dieses Erlernte anzuwenden und spontan umsetzen zu k\u00f6nnen, um zu einer fl\u00fcssigen und korrekten Ausdrucksweise in Wort und Schrift zu gelangen. Dies \u00fcben Sie in den Oberstufenkursen des Niveaus B2, die bei uns wiederum in drei aufeinanderfolgende Abschnitte unterteilt sind: B2.1, B2.2, B2.3.<\/p>\n<p>Das Sprachniveau C1 beschreibt sehr fortgeschrittene Kompetenzen. Wie in den Kursen des B2-Niveaus besteht auch hier Gelegenheit zur Wiederholung und \u00dcbung schwieriger Grammatikinhalte, im Vordergrund steht jedoch die Perfektionierung der m\u00fcndlichen und schriftlichen Ausdrucksf\u00e4higkeit, die Betrachtung der Feinheiten der italienischen Sprache und die freie Diskussion \u00fcber aktuelle Themen. Vereinbaren Sie eine Probestunde, um die f\u00fcr Sie passende C1-Gruppe zu finden!<\/p>\n<p>Das Niveau C2 bezeichnet schlie\u00dflich eine sprachliche Kompetenz, die in etwa der eines muttersprachlichen Sprechers entspricht.<\/p>\n<p>&nbsp;<\/p>\n<p>&nbsp;<\/p>\n","protected":false},"excerpt":{"rendered":"Niveaus Die Kursgliederung am Italienischen Kulturinstitut orientiert sich an der Differenzierung der Sprachfertigkeiten anhand der jeweils bereits vorhandenen Kompetenzen (\u201eKann-Bestimmungen\u201c), wie sie der \u201cGemeinsame Europ\u00e4ische Referenzrahmen f\u00fcr Sprachen\u201c (GER) des Europarates vorsieht. Der GER legt drei grundlegende Niveaustufen fest: A: Elementare Sprachverwendung B: Selbstst\u00e4ndige Sprachverwendung C: Kompetente Sprachverwendung Diese Niveaustufen sind in unseren Sprachkursen folgenderma\u00dfen [&hellip;]","protected":false},"author":7,"featured_media":0,"parent":173,"menu_order":2,"comment_status":"closed","ping_status":"closed","template":"","meta":{"footnotes":""},"class_list":["post-234","page","type-page","status-publish","hentry"],"_links":{"self":[{"href":"https:\/\/iicberlino.esteri.it\/de\/wp-json\/wp\/v2\/pages\/234","targetHints":{"allow":["GET"]}}],"collection":[{"href":"https:\/\/iicberlino.esteri.it\/de\/wp-json\/wp\/v2\/pages"}],"about":[{"href":"https:\/\/iicberlino.esteri.it\/de\/wp-json\/wp\/v2\/types\/page"}],"author":[{"embeddable":true,"href":"https:\/\/iicberlino.esteri.it\/de\/wp-json\/wp\/v2\/users\/7"}],"replies":[{"embeddable":true,"href":"https:\/\/iicberlino.esteri.it\/de\/wp-json\/wp\/v2\/comments?post=234"}],"version-history":[{"count":0,"href":"https:\/\/iicberlino.esteri.it\/de\/wp-json\/wp\/v2\/pages\/234\/revisions"}],"up":[{"embeddable":true,"href":"https:\/\/iicberlino.esteri.it\/de\/wp-json\/wp\/v2\/pages\/173"}],"wp:attachment":[{"href":"https:\/\/iicberlino.esteri.it\/de\/wp-json\/wp\/v2\/media?parent=234"}],"curies":[{"name":"wp","href":"https:\/\/api.w.org\/{rel}","templated":true}]}}