{"id":237,"date":"2023-03-06T11:27:45","date_gmt":"2023-03-06T10:27:45","guid":{"rendered":"https:\/\/iicberlino.esteri.it\/?page_id=237"},"modified":"2026-01-15T11:18:50","modified_gmt":"2026-01-15T10:18:50","slug":"docenti-e-testi","status":"publish","type":"page","link":"https:\/\/iicberlino.esteri.it\/de\/lingua-e-cultura\/i-corsi-di-lingua\/docenti-e-testi\/","title":{"rendered":"Lehrkr\u00e4fte und Lehrb\u00fccher"},"content":{"rendered":"<p><strong>Lehrkr\u00e4fte<\/strong><\/p>\n<p>Das Lehrpersonal des Italienischen Kulturinstitutes Berlin besteht aus Dozentinnen und Dozenten mit Hochschulabschluss. Unsere muttersprachlichen Lehrkr\u00e4fte haben in Italien ihre Ausbildung absolviert und sprechen daher ein zeitgen\u00f6ssisches und korrektes Italienisch. Alle Dozentinnen und Dozenten verf\u00fcgen \u00fcber mehrj\u00e4hrige Berufserfahrung als Lehrkr\u00e4fte f\u00fcr Italienisch, sind im Bereich der Fremdsprachendidaktik qualifiziert ausgebildet und nehmen laufend an Schulungen und Fortbildungen teil, auch zu neuen Unterrichtsmethoden und -materialien im Onlineunterricht.<\/p>\n<p>&nbsp;<\/p>\n<p><strong>Lehrb\u00fccher und Unterrichtsmaterialien<\/strong><\/p>\n<p>&nbsp;<\/p>\n<table width=\"642\">\n<tbody>\n<tr>\n<td width=\"177\"><strong>KURSNIVEAU<\/strong><\/td>\n<td width=\"112\"><strong>Kurse<\/strong><\/td>\n<td width=\"345\"><strong>Lehrbuch<\/strong><\/td>\n<\/tr>\n<tr>\n<td width=\"177\"><\/td>\n<td width=\"112\"><\/td>\n<td width=\"345\"><\/td>\n<\/tr>\n<tr>\n<td width=\"177\"><strong>OBERSTUFE<\/strong><\/td>\n<td width=\"112\"><\/td>\n<td width=\"345\"><\/td>\n<\/tr>\n<tr>\n<td width=\"177\">Oberstufe C1\u2013C2<\/td>\n<td width=\"112\">K16<\/td>\n<td width=\"345\">ohne Buch<\/td>\n<\/tr>\n<tr>\n<td width=\"177\">Oberstufe C1 Vertiefungskurs<\/td>\n<td width=\"112\">K15<\/td>\n<td width=\"345\">Nuovo Contatto C1, Kap. 3-4 (ISBN 978-3-12-525925-6)<\/td>\n<\/tr>\n<tr>\n<td width=\"177\">Oberstufe B2 Vertiefungskurs.<\/td>\n<td width=\"112\">K14<\/td>\n<td width=\"345\">Grammatica della lingua italiana per stranieri<br \/>\n(Alma edizioni, ISBN\u00a0978-3-19-045353-5)<\/td>\n<\/tr>\n<tr>\n<td width=\"177\">Oberstufe B2.3<\/td>\n<td width=\"112\">&#8212;<\/td>\n<td width=\"345\">Nuovo Espresso 4, Kap. 8-10 (ISBN 978-3-19-535466-0)<\/td>\n<\/tr>\n<tr>\n<td width=\"177\">Oberstufe B2.2<\/td>\n<td width=\"112\">K13<\/td>\n<td width=\"345\">Nuovo Espresso 4, Kap. 4\u20137 (ISBN 978-3-19-535466-0)<\/td>\n<\/tr>\n<tr>\n<td width=\"177\">Oberstufe B2.1<\/td>\n<td width=\"112\">&#8212;<\/td>\n<td width=\"345\">Nuovo Espresso 4, Kap. 1\u20133 (ISBN 978-3-19-535466-0)<\/td>\n<\/tr>\n<tr>\n<td width=\"177\"><\/td>\n<td width=\"112\"><\/td>\n<td width=\"345\"><\/td>\n<\/tr>\n<tr>\n<td width=\"177\"><strong>MITTELSTUFE<\/strong><\/td>\n<td width=\"112\"><\/td>\n<td width=\"345\"><\/td>\n<\/tr>\n<tr>\n<td width=\"177\">Mittelstufe III B1.3<\/td>\n<td width=\"112\">&#8212;<\/td>\n<td width=\"345\">Nuovo Espresso 3, Kap. 7\u201310 (ISBN 978-3-19-225440-6)<\/td>\n<\/tr>\n<tr>\n<td width=\"177\">Mittelstufe II B1.2<\/td>\n<td width=\"112\">K12<\/td>\n<td width=\"345\">Nuovo Espresso 3, Kap. 4-7 (ISBN 978-3-19-225440-6)<\/td>\n<\/tr>\n<tr>\n<td width=\"177\">Mittelstufe I B1.1<\/td>\n<td width=\"112\">K10, K11<\/td>\n<td width=\"345\">Dieci B1, Kap. 1\u20133 (ISBN 978-3-19-025647-1)<\/td>\n<\/tr>\n<tr>\n<td width=\"177\"><\/td>\n<td width=\"112\"><\/td>\n<td width=\"345\"><\/td>\n<\/tr>\n<tr>\n<td width=\"177\"><strong>GRUNDSTUFE<\/strong><\/td>\n<td width=\"112\"><\/td>\n<td width=\"345\"><\/td>\n<\/tr>\n<tr>\n<td width=\"177\">Vorb. Mittelstufe A2.2<\/td>\n<td width=\"112\">K8, K9<\/td>\n<td width=\"345\">Nuovo Espresso 2, Kap. 6\u201310 (ISBN 978-3-19-225439-0)<\/td>\n<\/tr>\n<tr>\n<td width=\"177\">Grundstufe III A2.1<\/td>\n<td width=\"112\">K6, K7<\/td>\n<td width=\"345\">Nuovo Espresso 2, Kap. 1-5 (ISBN 978-3-19-225439-0)<\/td>\n<\/tr>\n<tr>\n<td width=\"177\">Grundstufe II A1.2<\/td>\n<td width=\"112\">K3, K4, K5, K22<\/td>\n<td width=\"345\">Nuovo Espresso 1, Kap. 6\u201310 (ISBN 978-3-19-105438-0)<\/td>\n<\/tr>\n<tr>\n<td width=\"177\">Grundstufe I A1.1<\/td>\n<td width=\"112\">K1, K2, K21, K27<\/td>\n<td width=\"345\">Nuovo Espresso 1, Kap.1\u20135 (ISBN 978-3-19-105438-0)<\/td>\n<\/tr>\n<tr>\n<td width=\"177\"><\/td>\n<td width=\"112\"><\/td>\n<td width=\"345\"><\/td>\n<\/tr>\n<tr>\n<td width=\"177\"><\/td>\n<td width=\"112\"><\/td>\n<td width=\"345\">Alle anderen Kurse ohne Buch bzw. nach Absprache im Kurs<\/td>\n<\/tr>\n<\/tbody>\n<\/table>\n<p>&nbsp;<\/p>\n<p>Der Unterricht wird erg\u00e4nzt durch die von unseren Lehrkr\u00e4ften konzipierten audiovisuellen und schriftlichen Unterrichtsmaterialien.<\/p>\n<p>&nbsp;<\/p>\n<p>&nbsp;<\/p>\n","protected":false},"excerpt":{"rendered":"Lehrkr\u00e4fte Das Lehrpersonal des Italienischen Kulturinstitutes Berlin besteht aus Dozentinnen und Dozenten mit Hochschulabschluss. Unsere muttersprachlichen Lehrkr\u00e4fte haben in Italien ihre Ausbildung absolviert und sprechen daher ein zeitgen\u00f6ssisches und korrektes Italienisch. Alle Dozentinnen und Dozenten verf\u00fcgen \u00fcber mehrj\u00e4hrige Berufserfahrung als Lehrkr\u00e4fte f\u00fcr Italienisch, sind im Bereich der Fremdsprachendidaktik qualifiziert ausgebildet und nehmen laufend an Schulungen [&hellip;]","protected":false},"author":7,"featured_media":0,"parent":173,"menu_order":4,"comment_status":"closed","ping_status":"closed","template":"","meta":{"footnotes":""},"class_list":["post-237","page","type-page","status-publish","hentry"],"_links":{"self":[{"href":"https:\/\/iicberlino.esteri.it\/de\/wp-json\/wp\/v2\/pages\/237","targetHints":{"allow":["GET"]}}],"collection":[{"href":"https:\/\/iicberlino.esteri.it\/de\/wp-json\/wp\/v2\/pages"}],"about":[{"href":"https:\/\/iicberlino.esteri.it\/de\/wp-json\/wp\/v2\/types\/page"}],"author":[{"embeddable":true,"href":"https:\/\/iicberlino.esteri.it\/de\/wp-json\/wp\/v2\/users\/7"}],"replies":[{"embeddable":true,"href":"https:\/\/iicberlino.esteri.it\/de\/wp-json\/wp\/v2\/comments?post=237"}],"version-history":[{"count":7,"href":"https:\/\/iicberlino.esteri.it\/de\/wp-json\/wp\/v2\/pages\/237\/revisions"}],"predecessor-version":[{"id":11303,"href":"https:\/\/iicberlino.esteri.it\/de\/wp-json\/wp\/v2\/pages\/237\/revisions\/11303"}],"up":[{"embeddable":true,"href":"https:\/\/iicberlino.esteri.it\/de\/wp-json\/wp\/v2\/pages\/173"}],"wp:attachment":[{"href":"https:\/\/iicberlino.esteri.it\/de\/wp-json\/wp\/v2\/media?parent=237"}],"curies":[{"name":"wp","href":"https:\/\/api.w.org\/{rel}","templated":true}]}}