{"id":244,"date":"2023-03-06T11:51:52","date_gmt":"2023-03-06T10:51:52","guid":{"rendered":"https:\/\/iicberlino.esteri.it\/?page_id=244"},"modified":"2024-09-02T10:57:26","modified_gmt":"2024-09-02T08:57:26","slug":"selbstevaluierung","status":"publish","type":"page","link":"https:\/\/iicberlino.esteri.it\/de\/lingua-e-cultura\/i-corsi-di-lingua\/selbstevaluierung\/","title":{"rendered":"Selbstevaluierung"},"content":{"rendered":"<p>Wie gut ist Ihr Italienisch?<\/p>\n<p>Das vom Europarat auf Grund des Gemeinsamen Europ\u00e4ischen Referenzrahmens f\u00fcr Sprachen erarbeitete Raster zur Selbstbeurteilung ersetzt nicht den <a href=\"https:\/\/www.hueber.de\/nuovo-espresso\/unterrichten\">Eingangstest<\/a>, der f\u00fcr diejenigen Teilnehmer vorgesehen ist, die sich zum ersten Mal f\u00fcr einen unserer Sprachkurse einschreiben.<\/p>\n<p>Es handelt sich aber um ein sehr n\u00fctzliches Orientierungsmittel, das Ihnen zur Bestimmung des Niveaus Ihrer Kenntnisse der italienischen Sprache in den verschiedenen Fertigkeitsbereichen (H\u00f6ren, Lesen, an Gespr\u00e4chen teilnehmen, zusammenh\u00e4ngendes Sprechen, Schreiben) dienen soll.<\/p>\n<p>Zu diesem Zweck lesen Sie bitte die Beschreibungen, die Sie dort auf\u00a0<strong><a href=\"https:\/\/iicberlino.esteri.it\/wp-content\/uploads\/2024\/09\/raster-zur-selbstbeurteilung.pdf\">deutsch<\/a><\/strong>\u00a0oder auf\u00a0<strong><a href=\"https:\/\/iicberlino.esteri.it\/wp-content\/uploads\/2024\/09\/assessment_grid_italian.pdf\">italienisch<\/a><\/strong>\u00a0\u00a0finden k\u00f6nnen.<\/p>\n","protected":false},"excerpt":{"rendered":"Wie gut ist Ihr Italienisch? Das vom Europarat auf Grund des Gemeinsamen Europ\u00e4ischen Referenzrahmens f\u00fcr Sprachen erarbeitete Raster zur Selbstbeurteilung ersetzt nicht den Eingangstest, der f\u00fcr diejenigen Teilnehmer vorgesehen ist, die sich zum ersten Mal f\u00fcr einen unserer Sprachkurse einschreiben. Es handelt sich aber um ein sehr n\u00fctzliches Orientierungsmittel, das Ihnen zur Bestimmung des Niveaus [&hellip;]","protected":false},"author":7,"featured_media":0,"parent":173,"menu_order":6,"comment_status":"closed","ping_status":"closed","template":"","meta":{"footnotes":""},"class_list":["post-244","page","type-page","status-publish","hentry"],"_links":{"self":[{"href":"https:\/\/iicberlino.esteri.it\/de\/wp-json\/wp\/v2\/pages\/244","targetHints":{"allow":["GET"]}}],"collection":[{"href":"https:\/\/iicberlino.esteri.it\/de\/wp-json\/wp\/v2\/pages"}],"about":[{"href":"https:\/\/iicberlino.esteri.it\/de\/wp-json\/wp\/v2\/types\/page"}],"author":[{"embeddable":true,"href":"https:\/\/iicberlino.esteri.it\/de\/wp-json\/wp\/v2\/users\/7"}],"replies":[{"embeddable":true,"href":"https:\/\/iicberlino.esteri.it\/de\/wp-json\/wp\/v2\/comments?post=244"}],"version-history":[{"count":3,"href":"https:\/\/iicberlino.esteri.it\/de\/wp-json\/wp\/v2\/pages\/244\/revisions"}],"predecessor-version":[{"id":6093,"href":"https:\/\/iicberlino.esteri.it\/de\/wp-json\/wp\/v2\/pages\/244\/revisions\/6093"}],"up":[{"embeddable":true,"href":"https:\/\/iicberlino.esteri.it\/de\/wp-json\/wp\/v2\/pages\/173"}],"wp:attachment":[{"href":"https:\/\/iicberlino.esteri.it\/de\/wp-json\/wp\/v2\/media?parent=244"}],"curies":[{"name":"wp","href":"https:\/\/api.w.org\/{rel}","templated":true}]}}