{"id":262,"date":"2023-03-06T14:30:12","date_gmt":"2023-03-06T13:30:12","guid":{"rendered":"https:\/\/iicberlino.esteri.it\/lingua-e-cultura\/i-corsi-di-lingua\/corsi-in-italia-a-prezzo-agevolato\/"},"modified":"2026-01-28T12:36:05","modified_gmt":"2026-01-28T11:36:05","slug":"corsi-in-italia-a-prezzo-agevolato","status":"publish","type":"page","link":"https:\/\/iicberlino.esteri.it\/de\/lingua-e-cultura\/i-corsi-di-lingua\/corsi-in-italia-a-prezzo-agevolato\/","title":{"rendered":"Verg\u00fcnstigte Sprachkurse in Italien"},"content":{"rendered":"<p><strong>Sprachkurse in Italien zu verg\u00fcnstigten Preisen<br \/>\n<\/strong><\/p>\n<p>Das Italienische Kulturinstitut Berlin bietet die <strong>Vermittlung<\/strong> von verg\u00fcnstigten Italienischkursen an qualifizierten Privatschulen in verschiedenen italienischen St\u00e4dten an. Dies hei\u00dft, dass die Erm\u00e4\u00dfigungen von den italienischen Schulen selbst gew\u00e4hrt werden.\u00a0F\u00fcr etwaige, \u00fcber die ledigliche Vermittlung hinaus gehende Angelegenheiten jeglicher Art, die zwischen der vermittelten Schule und dem\/der KursteilnehmerIn entstehen k\u00f6nnten, haftet das Kulturinstitut nicht.<\/p>\n<p>Die angebotenen Erm\u00e4\u00dfigungen beziehen sich ausschlie\u00dflich auf die Kursgeb\u00fchren. Nicht inbegriffen sind eventuelle einmalige Einschreibegeb\u00fchren, Anreise- und Unterkunftskosten, Unterrichtsmaterial etc.. Die Vermittlung einer Unterkunft kann von der jeweiligen Schule \u00fcbernommen werden. F\u00fcr eine aktualisierte Liste der zurzeit geltenden Angebote wenden Sie sich bitte an:\u00a0 <a href=\"luana.ventura@esteri.it\">luana.ventura@esteri.it<\/a><\/p>\n<p><strong>WICHTIGER HINWEIS<\/strong><br \/>\nDas Italienische Kulturinstitut Berlin ist nur f\u00fcr Berlin und die Bundesl\u00e4nder Brandenburg, Sachsen, Sachsen-Anhalt und Th\u00fcringen zust\u00e4ndig. Bewerber, die in den restlichen Bundesl\u00e4ndern ihren Wohnsitz haben, k\u00f6nnen von uns nicht ber\u00fccksichtigt werden. In diesen F\u00e4llen muss man sich an das jeweils territorial zust\u00e4ndige Italienische Kulturinstitut wenden.<\/p>\n<p><strong>Telefonnummer Italienischer Kulturinstitute in Deutschland:<\/strong><\/p>\n<p>Berlin: 030 2699410<br \/>\nHamburg: 040 39999130<br \/>\nK\u00f6ln: 0221 9405610<br \/>\nM\u00fcnchen: 089 7463210<br \/>\nStuttgart: 0711 162810<\/p>\n<p>&nbsp;<\/p>\n<p><strong>Links zu online Angeboten<\/strong><\/p>\n<p><strong><span class=\"titoloCategoria\">Angebote des staatliche italienische Fernsehen Rai:\u00a0\u00a0\u00a0\u00a0\u00a0\u00a0\u00a0\u00a0\u00a0<\/span><\/strong><\/p>\n<p><a href=\"http:\/\/www.raiscuola.rai.it\/programmi\/cantieri-ditalia\/48\/1\/default.aspx#Programma\">Rai Scuola<\/a><br \/>\n<a href=\"http:\/\/www.educational.rai.it\/ioparloitaliano\/tutor\/0102\/06.htm\">Rai Educational<\/a><br \/>\n<a href=\"http:\/\/www.italiano.rai.it\/\">Rai Cultura italiana<\/a> Io parlo italiano, Italienischkurs f\u00fcr Immigranten<\/p>\n<p><strong>Kurse<\/strong><\/p>\n<p><a href=\"http:\/\/www.itals.it\/\">Laboratorio ITALS<\/a> Dipartimento di Scienze del Linguaggio dell&#8217;Universit\u00e0 Ca&#8216; Foscari di Venezia<br \/>\n<a href=\"http:\/\/ditals.unistrasi.it\/\">DITALS<\/a> Certificazione di competenza in didattica dell&#8217;italiano a stranieri &#8211; Universit\u00e0 per Stranieri di Siena<br \/>\n<a href=\"https:\/\/www.unistrapg.it\/node\/351\">Laurea in insegnamento della lingua e della cultura italiana a stranieri<\/a>: Universit\u00e0 per Stranieri di Perugia<br \/>\n<a href=\"https:\/\/www.itals.it\/corso-cedils\">CEDILS<\/a> Certificazione in didattica dell&#8217;italiano a stranieri<br \/>\n<a href=\"https:\/\/www.unistrapg.it\/it\/certificati-di-conoscenza-della-lingua-italiana\/dils-pg-certificazione-in-didattica-dell-italiano-lingua-straniera\">DILS-PG<\/a> Certificazione in Didadattica dell&#8217;italiano lingua straniera<\/p>\n<p>(Das Italienische Kulturinstitut ist nicht verantwortlich f\u00fcr die Qualit\u00e4t der Kurse und Lehrmaterialien, die auf den jeweiligen Seiten angeboten werden.)<\/p>\n<p>&nbsp;<\/p>\n<p>&nbsp;<\/p>\n<p>&nbsp;<\/p>\n","protected":false},"excerpt":{"rendered":"Sprachkurse in Italien zu verg\u00fcnstigten Preisen Das Italienische Kulturinstitut Berlin bietet die Vermittlung von verg\u00fcnstigten Italienischkursen an qualifizierten Privatschulen in verschiedenen italienischen St\u00e4dten an. Dies hei\u00dft, dass die Erm\u00e4\u00dfigungen von den italienischen Schulen selbst gew\u00e4hrt werden.\u00a0F\u00fcr etwaige, \u00fcber die ledigliche Vermittlung hinaus gehende Angelegenheiten jeglicher Art, die zwischen der vermittelten Schule und dem\/der KursteilnehmerIn entstehen [&hellip;]","protected":false},"author":7,"featured_media":0,"parent":173,"menu_order":8,"comment_status":"closed","ping_status":"closed","template":"","meta":{"footnotes":""},"class_list":["post-262","page","type-page","status-publish","hentry"],"_links":{"self":[{"href":"https:\/\/iicberlino.esteri.it\/de\/wp-json\/wp\/v2\/pages\/262","targetHints":{"allow":["GET"]}}],"collection":[{"href":"https:\/\/iicberlino.esteri.it\/de\/wp-json\/wp\/v2\/pages"}],"about":[{"href":"https:\/\/iicberlino.esteri.it\/de\/wp-json\/wp\/v2\/types\/page"}],"author":[{"embeddable":true,"href":"https:\/\/iicberlino.esteri.it\/de\/wp-json\/wp\/v2\/users\/7"}],"replies":[{"embeddable":true,"href":"https:\/\/iicberlino.esteri.it\/de\/wp-json\/wp\/v2\/comments?post=262"}],"version-history":[{"count":4,"href":"https:\/\/iicberlino.esteri.it\/de\/wp-json\/wp\/v2\/pages\/262\/revisions"}],"predecessor-version":[{"id":11376,"href":"https:\/\/iicberlino.esteri.it\/de\/wp-json\/wp\/v2\/pages\/262\/revisions\/11376"}],"up":[{"embeddable":true,"href":"https:\/\/iicberlino.esteri.it\/de\/wp-json\/wp\/v2\/pages\/173"}],"wp:attachment":[{"href":"https:\/\/iicberlino.esteri.it\/de\/wp-json\/wp\/v2\/media?parent=262"}],"curies":[{"name":"wp","href":"https:\/\/api.w.org\/{rel}","templated":true}]}}