{"id":33,"date":"2023-02-07T14:41:37","date_gmt":"2023-02-07T13:41:37","guid":{"rendered":"https:\/\/iicberlino.esteri.it\/lingua-e-cultura\/"},"modified":"2024-01-26T11:31:41","modified_gmt":"2024-01-26T10:31:41","slug":"lingua-e-cultura","status":"publish","type":"page","link":"https:\/\/iicberlino.esteri.it\/de\/lingua-e-cultura\/","title":{"rendered":"Sprache und Kultur"},"content":{"rendered":"<p><img loading=\"lazy\" decoding=\"async\" class=\"alignnone size-full wp-image-3741 img-fluid\" src=\"https:\/\/iicberlino.esteri.it\/wp-content\/uploads\/2024\/01\/IIC-BERLINO-sk-banner-FB-copertina-820x312-px.png\" alt=\"\" width=\"1920\" height=\"737\" srcset=\"https:\/\/iicberlino.esteri.it\/wp-content\/uploads\/2024\/01\/IIC-BERLINO-sk-banner-FB-copertina-820x312-px.png 1920w, https:\/\/iicberlino.esteri.it\/wp-content\/uploads\/2024\/01\/IIC-BERLINO-sk-banner-FB-copertina-820x312-px-300x115.png 300w, https:\/\/iicberlino.esteri.it\/wp-content\/uploads\/2024\/01\/IIC-BERLINO-sk-banner-FB-copertina-820x312-px-1024x393.png 1024w, https:\/\/iicberlino.esteri.it\/wp-content\/uploads\/2024\/01\/IIC-BERLINO-sk-banner-FB-copertina-820x312-px-768x295.png 768w\" sizes=\"auto, (max-width: 1920px) 100vw, 1920px\" \/><\/p>\n<p><strong>Lernen Sie Italienisch am IIC Berlino!<\/strong><\/p>\n<p>Die Istituti Italiani di Cultura sind die offiziellen Kulturinstitute des Italienischen Staates in der Welt. Unsere Aufgabe ist die F\u00f6rderung der italienischen Sprache und Kultur im Ausland. Aus diesem Grund bieten wir ein umfassendes Sprachkursprogramm an. Detaillierte Informationen zu unseren Italienischkursen in Berlin finden Sie unter nebenstehendem Button &#8222;Unsere Sprachkurse&#8220;.<\/p>\n<p>Mehr als zwei Millionen Menschen in 115 L\u00e4ndern der Welt lernen jedes Jahr Italienisch. Allein in Deutschland besuchen weit \u00fcber 200.000 Menschen j\u00e4hrlich Italienischkurse. Damit ist Deutschland weltweit das Land mit der dritth\u00f6chsten Anzahl von Italienischlernenden.<\/p>\n<p>Warum lernen so viele Menschen Italienisch?<\/p>\n<p><strong>Italienisch ist eine Kultursprache.<\/strong> Wer sie beherrscht, hat Zugang zu einem literarischen und kulturellen Erbe von grundlegender Bedeutung f\u00fcr die europ\u00e4ische Geschichte, zu wichtigen geisteswissenschaftlichen Texten und zu den Meisterwerken der italienischen Kultur in den Bereichen Theater, Oper und Musik, Kunst und Architektur, Kino und Fernsehen.<\/p>\n<p><strong>Italienisch ist eine Sprache f\u00fcr den Beruf.<\/strong> Ausl\u00e4ndische Manager, Investoren, Techniker und Fachkr\u00e4fte, die in unser Land kommen, treten mit der italienischen Industrie-, Handwerks- und Dienstleistungsbranche in Kontakt.<\/p>\n<p><strong>Italienisch ist eine Sprache f\u00fcr Studium und Wissenschaft.<\/strong> Zahlreiche junge Menschen entscheiden sich jedes Jahr daf\u00fcr, Schulen und Universit\u00e4ten in Italien zu besuchen. Die Kenntnis der italienischen Sprache bef\u00e4higt zur Nutzung von Archiven, Bibliotheken und Forschungseinrichtungen, die auf der Welt einzigartige Kultursch\u00e4tze verwahren.<\/p>\n<p>Wer Italienisch spricht, wird unser Land, unsere lebendigen Kulturst\u00e4dte und unsere beeindruckenden Landschaften, vor allem aber unsere gastfreundlichen und aufgeschlossenen Menschen auf authentische Weise kennenlernen und diese Begegnung als gro\u00dfe Bereicherung erfahren.<\/p>\n","protected":false},"excerpt":{"rendered":"Lernen Sie Italienisch am IIC Berlino! Die Istituti Italiani di Cultura sind die offiziellen Kulturinstitute des Italienischen Staates in der Welt. Unsere Aufgabe ist die F\u00f6rderung der italienischen Sprache und Kultur im Ausland. Aus diesem Grund bieten wir ein umfassendes Sprachkursprogramm an. Detaillierte Informationen zu unseren Italienischkursen in Berlin finden Sie unter nebenstehendem Button &#8222;Unsere [&hellip;]","protected":false},"author":1,"featured_media":0,"parent":0,"menu_order":6,"comment_status":"closed","ping_status":"closed","template":"","meta":{"footnotes":""},"class_list":["post-33","page","type-page","status-publish","hentry"],"_links":{"self":[{"href":"https:\/\/iicberlino.esteri.it\/de\/wp-json\/wp\/v2\/pages\/33","targetHints":{"allow":["GET"]}}],"collection":[{"href":"https:\/\/iicberlino.esteri.it\/de\/wp-json\/wp\/v2\/pages"}],"about":[{"href":"https:\/\/iicberlino.esteri.it\/de\/wp-json\/wp\/v2\/types\/page"}],"author":[{"embeddable":true,"href":"https:\/\/iicberlino.esteri.it\/de\/wp-json\/wp\/v2\/users\/1"}],"replies":[{"embeddable":true,"href":"https:\/\/iicberlino.esteri.it\/de\/wp-json\/wp\/v2\/comments?post=33"}],"version-history":[{"count":1,"href":"https:\/\/iicberlino.esteri.it\/de\/wp-json\/wp\/v2\/pages\/33\/revisions"}],"predecessor-version":[{"id":3746,"href":"https:\/\/iicberlino.esteri.it\/de\/wp-json\/wp\/v2\/pages\/33\/revisions\/3746"}],"wp:attachment":[{"href":"https:\/\/iicberlino.esteri.it\/de\/wp-json\/wp\/v2\/media?parent=33"}],"curies":[{"name":"wp","href":"https:\/\/api.w.org\/{rel}","templated":true}]}}