{"id":34,"date":"2023-02-07T14:41:16","date_gmt":"2023-02-07T13:41:16","guid":{"rendered":"https:\/\/iicberlino.esteri.it\/gli_eventi\/"},"modified":"2023-02-08T11:21:40","modified_gmt":"2023-02-08T10:21:40","slug":"gli_eventi","status":"publish","type":"page","link":"https:\/\/iicberlino.esteri.it\/de\/gli_eventi\/","title":{"rendered":"Veranstaltungen"},"content":{"rendered":"        <div class=\"row\">\n\t\t\t<!-- Ricerca sedi post -->\n\t\t\t<div class=\"col-12 mt-4\">\n\t\t\t  <div class=\"callout callout-highlight note ricerca-esteri p-4\">\n                    <div class=\"callout-title\">\n                        <svg class=\"icon\">\n                            <use xlink:href=\"https:\/\/iicberlino.esteri.it\/wp-content\/themes\/sedi-tema\/assets\/svg\/sprites.svg#it-search\"><\/use>\n                        <\/svg>Geben Sie Ihre Suchparameter ein                    <\/div>\n                    <form id=\"searchFormPost\" name=\"form-search-post\" class=\"form-row align-items-center\" action=\"https:\/\/iicberlino.esteri.it\/de\/wp-json\/wp\/v2\/pages\/34\/\" method=\"GET\"> \n                        <!-- <div class=\"form-group pt-5\"> -->\n                            <!-- <input type=\"hidden\" id=\"lang\" name=\"lang\" value=\"\"> --> <!-- <\/div> -->\n\n                        <div class=\"it-datepicker-wrapper\">\n                            <div class=\"row\">\n                                <div class=\"form-group col-md-6\">\n                                    <label class=\"active\" for=\"date-init\">Von dem<\/label>\n                                    <input class=\"form-control\" name=\"date-init\" id=\"date-init\" type=\"date\" placeholder=\"gg\/mm\/aaaa\" value=\"\"lang=\"en-EN\">  \n                                <\/div>\n                                <div class=\"form-group col-md-6\">\n                                    <label class=\"active\" for=\"date-end\">Zum<\/label>\n                                    <input class=\"form-control\" name=\"date-end\" id=\"date-end\" type=\"date\" placeholder=\"gg\/mm\/aaaa\" value=\"\">\n                                <\/div>\n                            <\/div>\n                        <\/div>\n                        <div class=\"form-group col-md-12 mt-3\">\n                            <label for=\"searchText\">Freies Suchfeld<\/label>\n                            <input type=\"text\" name=\"searchText\" class=\"form-control\" id=\"searchText\" value=\"\">\n                        <\/div>\n                        <div class=\"form-group col-md-4 offset-md-8 text-end\">\n                            <a href=\"https:\/\/iicberlino.esteri.it\/de\/gli_eventi\/\" title=\"Form reset\" id=\"resetImput\" class=\"btn btn-outline-primary btn-xs\">Reset<\/a>\n                            <button type=\"submit\" class=\"btn btn-primary btn-xs\">Zeige Ergebnisse<\/button>\n                        <\/div>\n                    <\/form>\n\t\t\t\t<\/div>\n\t\t\t<\/div>\n\t\t<\/div>\n                    \n            <div class=\"row\">\n                            <div class=\"col-12 mt-3\">\n                <!--start card-->\n                <div class=\"card-wrapper card-space\">\n                    <div class=\"card card-bg card-big border-bottom-card\">\n                        <div class=\"card-body row\">\n                                                    <div class=\"col-sm-3\">\n                                <div class=\"img-responsive\">\n                                    <figure class=\"img-wrapper\">\n                                        <a href=\"https:\/\/iicberlino.esteri.it\/de\/gli_eventi\/calendario\/video-vitality-grenzueberschreitungen-in-der-italienischen-kunst\/\" title=\"Lesen Sie den Artikel: VIDEO-VITALITY. GRENZ\u00dcBERSCHREITUNGEN IN DER ITALIENISCHEN KUNST &#8211; verl\u00e4ngert bis 15. Mai\">\n                                                                                            <img loading=\"lazy\" decoding=\"async\" width=\"300\" height=\"169\" src=\"https:\/\/iicberlino.esteri.it\/wp-content\/uploads\/2026\/02\/video-vitality-1554x874px-300x169.jpg\" srcset=\"https:\/\/iicberlino.esteri.it\/wp-content\/uploads\/2026\/02\/video-vitality-1554x874px.jpg 1554w, https:\/\/iicberlino.esteri.it\/wp-content\/uploads\/2026\/02\/video-vitality-1554x874px-300x169.jpg 300w, https:\/\/iicberlino.esteri.it\/wp-content\/uploads\/2026\/02\/video-vitality-1554x874px-1024x576.jpg 1024w, https:\/\/iicberlino.esteri.it\/wp-content\/uploads\/2026\/02\/video-vitality-1554x874px-768x432.jpg 768w\" sizes=\"auto, (max-width: 1554px) 100vw, 1554px\"  title=\"video-vitality-1554x874px\" alt=\"\" class=\"img-fluid\">\n                                                                                    <\/a>\n                                    <\/figure>\n                                <\/div>\n                            <\/div>\n                            <div class=\"col-sm-9\">\n                                                            <div class=\"category-top\">\n                                    <span class=\"fw-bold text-success\">Aktuell<\/span>                                                                        <span class=\"data\">\n                                        <svg class=\"icon icon-secondary\">\n                                            <use xlink:href=\"https:\/\/iicberlino.esteri.it\/wp-content\/themes\/sedi-tema\/assets\/svg\/sprites.svg#it-calendar\"><\/use>\n                                        <\/svg> Do. Feb. 19 2026<svg class=\"icon icon-xs icon-secondary me-1 ms-1\"><use href=\"https:\/\/iicberlino.esteri.it\/wp-content\/themes\/sedi-tema\/assets\/svg\/sprites.svg#it-arrow-right\"><\/use><\/svg>Fr. Mai 15 2026                                    <\/span>\n                                                                    <\/div>\n                            <h5 class=\"card-title big-heading text-uppercase\"><a class=\"text-body text-decoration-none\" href=\"https:\/\/iicberlino.esteri.it\/de\/gli_eventi\/calendario\/video-vitality-grenzueberschreitungen-in-der-italienischen-kunst\/\" title=\"VIDEO-VITALITY. GRENZ\u00dcBERSCHREITUNGEN IN DER ITALIENISCHEN KUNST &#8211; verl\u00e4ngert bis 15. Mai\">VIDEO-VITALITY. GRENZ\u00dcBERSCHREITUNGEN IN DER ITALIENISCHEN KUNST &#8211; verl\u00e4ngert bis 15. Mai<\/a><\/h5>\n                            <p class=\"card-text\">#disegnami Werke von Gianfranco Baruchello, Filippo Berta, Benedetta Fioravanti, Claire Fontaine, Giovanni Giaretta, Nicoletta Grillo, Eva Marisaldi, Masbedo, Luca Maria Patella, Agnese Purgatorio, Enrico Serotti. Das Ausstellungsprojekt Video-Vitality. Grenz\u00fcberschreitungen in der italienischen Kunst, das eigens f\u00fcr das Italienische Kulturinstitut Berlin konzipiert wurde, pr\u00e4sentiert eine Auswahl von Werken, die die Verwendung von Videos durch italienische K\u00fcnstlerinnen [&hellip;]<\/p>\n                                <a title=\"VIDEO-VITALITY. GRENZ\u00dcBERSCHREITUNGEN IN DER ITALIENISCHEN KUNST &#8211; verl\u00e4ngert bis 15. Mai\" class=\"read-more\" href=\"https:\/\/iicberlino.esteri.it\/de\/gli_eventi\/calendario\/video-vitality-grenzueberschreitungen-in-der-italienischen-kunst\/\">\n                                    <span class=\"text\">Weiterlesen<\/span>\n                                    <svg class=\"icon\">\n                                    <use xlink:href=\"https:\/\/iicberlino.esteri.it\/wp-content\/themes\/sedi-tema\/assets\/svg\/sprites.svg#it-arrow-right\"><\/use>\n                                    <\/svg>\n                                <\/a>\n                                                        <\/div>\n                                                    <\/div>\n                    <\/div>\n                <\/div>\n                <!--end card-->\n                <\/div><!-- col-12 .mt-3-->\n                            <div class=\"col-12 mt-3\">\n                <!--start card-->\n                <div class=\"card-wrapper card-space\">\n                    <div class=\"card card-bg card-big border-bottom-card\">\n                        <div class=\"card-body row\">\n                                                    <div class=\"col-sm-3\">\n                                <div class=\"img-responsive\">\n                                    <figure class=\"img-wrapper\">\n                                        <a href=\"https:\/\/iicberlino.esteri.it\/de\/gli_eventi\/calendario\/peter-sloterdijk-il-continente-senza-qualita-segnalibri-nel-romanzo-deuropa\/\" title=\"Lesen Sie den Artikel: Peter Sloterdijk: Der Kontinent ohne Eigenschaften. Lesezeichen im Buch Europa\">\n                                                                                            <img loading=\"lazy\" decoding=\"async\" width=\"300\" height=\"169\" src=\"https:\/\/iicberlino.esteri.it\/wp-content\/uploads\/2026\/03\/4_21-300x169.jpg\" srcset=\"https:\/\/iicberlino.esteri.it\/wp-content\/uploads\/2026\/03\/4_21.jpg 1554w, https:\/\/iicberlino.esteri.it\/wp-content\/uploads\/2026\/03\/4_21-300x169.jpg 300w, https:\/\/iicberlino.esteri.it\/wp-content\/uploads\/2026\/03\/4_21-1024x576.jpg 1024w, https:\/\/iicberlino.esteri.it\/wp-content\/uploads\/2026\/03\/4_21-768x432.jpg 768w\" sizes=\"auto, (max-width: 1554px) 100vw, 1554px\"  title=\"4_21\" alt=\"\" class=\"img-fluid\">\n                                                                                    <\/a>\n                                    <\/figure>\n                                <\/div>\n                            <\/div>\n                            <div class=\"col-sm-9\">\n                                                            <div class=\"category-top\">\n                                    <span class=\"fw-bold \"><\/span>                                                                        <span class=\"\">\n                                        <svg class=\"icon icon-secondary\">\n                                            <use xlink:href=\"https:\/\/iicberlino.esteri.it\/wp-content\/themes\/sedi-tema\/assets\/svg\/sprites.svg#it-calendar\"><\/use>\n                                        <\/svg> Do. Apr. 23 2026<svg class=\"icon icon-xs icon-secondary me-1 ms-1\"><use href=\"https:\/\/iicberlino.esteri.it\/wp-content\/themes\/sedi-tema\/assets\/svg\/sprites.svg#it-arrow-right\"><\/use><\/svg>Do. Apr. 23 2026                                    <\/span>\n                                                                    <\/div>\n                            <h5 class=\"card-title big-heading text-uppercase\"><a class=\"text-body text-decoration-none\" href=\"https:\/\/iicberlino.esteri.it\/de\/gli_eventi\/calendario\/peter-sloterdijk-il-continente-senza-qualita-segnalibri-nel-romanzo-deuropa\/\" title=\"Peter Sloterdijk: Der Kontinent ohne Eigenschaften. Lesezeichen im Buch Europa\">Peter Sloterdijk: Der Kontinent ohne Eigenschaften. Lesezeichen im Buch Europa<\/a><\/h5>\n                            <p class=\"card-text\">#saggi_scienza Gespr\u00e4ch mit Peter Sloterdijk und Stefano Vastano anl\u00e4sslich der Pubblikation der italienischen \u00dcbersetzung von Der Kontinent ohne Eigenschaften. Lesezeichen im Buch Europa, &#8222;Sloterdijks vielbeachteten Vorlesungen am Coll\u00e8ge de France&#8220; (Suhrkamp Verlag). Peter Sloterdijk, Il continente senza qualit\u00e0. Segnalibri nel romanzo d\u2019Europa, traduzione di Stefano Vastano, Meltemi Editore 2025 Orig.: Peter Sloterdijk, Der Kontinent ohne [&hellip;]<\/p>\n                                <a title=\"Peter Sloterdijk: Der Kontinent ohne Eigenschaften. Lesezeichen im Buch Europa\" class=\"read-more\" href=\"https:\/\/iicberlino.esteri.it\/de\/gli_eventi\/calendario\/peter-sloterdijk-il-continente-senza-qualita-segnalibri-nel-romanzo-deuropa\/\">\n                                    <span class=\"text\">Weiterlesen<\/span>\n                                    <svg class=\"icon\">\n                                    <use xlink:href=\"https:\/\/iicberlino.esteri.it\/wp-content\/themes\/sedi-tema\/assets\/svg\/sprites.svg#it-arrow-right\"><\/use>\n                                    <\/svg>\n                                <\/a>\n                                                        <\/div>\n                                                    <\/div>\n                    <\/div>\n                <\/div>\n                <!--end card-->\n                <\/div><!-- col-12 .mt-3-->\n                            <div class=\"col-12 mt-3\">\n                <!--start card-->\n                <div class=\"card-wrapper card-space\">\n                    <div class=\"card card-bg card-big border-bottom-card\">\n                        <div class=\"card-body row\">\n                                                    <div class=\"col-sm-3\">\n                                <div class=\"img-responsive\">\n                                    <figure class=\"img-wrapper\">\n                                        <a href=\"https:\/\/iicberlino.esteri.it\/de\/gli_eventi\/calendario\/gone-jazzkonzert-mit-gianluca-lusi-simone-zanchini-luigi-masciari\/\" title=\"Lesen Sie den Artikel: GONE. Jazzkonzert mit Gianluca Lusi, Simone Zanchini, Luigi Masciari\">\n                                                                                            <img loading=\"lazy\" decoding=\"async\" width=\"300\" height=\"200\" src=\"https:\/\/iicberlino.esteri.it\/wp-content\/uploads\/2026\/03\/Trio-Lusi-Zanchini-Masciari-300x200.jpg\" srcset=\"https:\/\/iicberlino.esteri.it\/wp-content\/uploads\/2026\/03\/Trio-Lusi-Zanchini-Masciari.jpg 1200w, https:\/\/iicberlino.esteri.it\/wp-content\/uploads\/2026\/03\/Trio-Lusi-Zanchini-Masciari-300x200.jpg 300w, https:\/\/iicberlino.esteri.it\/wp-content\/uploads\/2026\/03\/Trio-Lusi-Zanchini-Masciari-1024x683.jpg 1024w, https:\/\/iicberlino.esteri.it\/wp-content\/uploads\/2026\/03\/Trio-Lusi-Zanchini-Masciari-768x512.jpg 768w\" sizes=\"auto, (max-width: 1200px) 100vw, 1200px\"  title=\"Trio Lusi Zanchini Masciari\" alt=\"\" class=\"img-fluid\">\n                                                                                    <\/a>\n                                    <\/figure>\n                                <\/div>\n                            <\/div>\n                            <div class=\"col-sm-9\">\n                                                            <div class=\"category-top\">\n                                    <span class=\"fw-bold \"><\/span>                                                                        <span class=\"\">\n                                        <svg class=\"icon icon-secondary\">\n                                            <use xlink:href=\"https:\/\/iicberlino.esteri.it\/wp-content\/themes\/sedi-tema\/assets\/svg\/sprites.svg#it-calendar\"><\/use>\n                                        <\/svg> Mo. Apr. 27 2026<svg class=\"icon icon-xs icon-secondary me-1 ms-1\"><use href=\"https:\/\/iicberlino.esteri.it\/wp-content\/themes\/sedi-tema\/assets\/svg\/sprites.svg#it-arrow-right\"><\/use><\/svg>Mo. Apr. 27 2026                                    <\/span>\n                                                                    <\/div>\n                            <h5 class=\"card-title big-heading text-uppercase\"><a class=\"text-body text-decoration-none\" href=\"https:\/\/iicberlino.esteri.it\/de\/gli_eventi\/calendario\/gone-jazzkonzert-mit-gianluca-lusi-simone-zanchini-luigi-masciari\/\" title=\"GONE. Jazzkonzert mit Gianluca Lusi, Simone Zanchini, Luigi Masciari\">GONE. Jazzkonzert mit Gianluca Lusi, Simone Zanchini, Luigi Masciari<\/a><\/h5>\n                            <p class=\"card-text\">#dalvivo Jazzkonzert mit Gianluca Lusi, Simone Zanchini, Luigi Masciari GONE ist ein Album mit Eigenkompositionen, in dem drei au\u00dfergew\u00f6hnliche Musiker im Mittelpunkt stehen: am Saxophon Gianluca Lusi, ein K\u00fcnstler von ausgepr\u00e4gter musikalischer Sensibilit\u00e4t und exzellenter Technik, der als einer der besten italienischen Saxophonisten gilt; am Akkordeon Simone Zanchini, ein virtuoser und vielseitiger Musiker, der auf [&hellip;]<\/p>\n                                <a title=\"GONE. Jazzkonzert mit Gianluca Lusi, Simone Zanchini, Luigi Masciari\" class=\"read-more\" href=\"https:\/\/iicberlino.esteri.it\/de\/gli_eventi\/calendario\/gone-jazzkonzert-mit-gianluca-lusi-simone-zanchini-luigi-masciari\/\">\n                                    <span class=\"text\">Weiterlesen<\/span>\n                                    <svg class=\"icon\">\n                                    <use xlink:href=\"https:\/\/iicberlino.esteri.it\/wp-content\/themes\/sedi-tema\/assets\/svg\/sprites.svg#it-arrow-right\"><\/use>\n                                    <\/svg>\n                                <\/a>\n                                                        <\/div>\n                                                    <\/div>\n                    <\/div>\n                <\/div>\n                <!--end card-->\n                <\/div><!-- col-12 .mt-3-->\n            \n            <div class=\"col-md-12 mt-4 pb-4\">\n                <nav class=\"navigation col-md-12\" aria-label=\"Navigation\">\n                    <h2 class=\"screen-reader-text visually-hidden\">Seitennummerierung<\/h2>\n                    <div class=\"nav-links\">\n                                        <\/div>\n                <\/nav>\n            <\/div>   <!--.col-md-12 -->\n              <\/div><!--.row -->\n              \n","protected":false},"excerpt":{"rendered":"","protected":false},"author":1,"featured_media":0,"parent":0,"menu_order":4,"comment_status":"closed","ping_status":"closed","template":"","meta":{"footnotes":""},"class_list":["post-34","page","type-page","status-publish","hentry"],"_links":{"self":[{"href":"https:\/\/iicberlino.esteri.it\/de\/wp-json\/wp\/v2\/pages\/34","targetHints":{"allow":["GET"]}}],"collection":[{"href":"https:\/\/iicberlino.esteri.it\/de\/wp-json\/wp\/v2\/pages"}],"about":[{"href":"https:\/\/iicberlino.esteri.it\/de\/wp-json\/wp\/v2\/types\/page"}],"author":[{"embeddable":true,"href":"https:\/\/iicberlino.esteri.it\/de\/wp-json\/wp\/v2\/users\/1"}],"replies":[{"embeddable":true,"href":"https:\/\/iicberlino.esteri.it\/de\/wp-json\/wp\/v2\/comments?post=34"}],"version-history":[{"count":0,"href":"https:\/\/iicberlino.esteri.it\/de\/wp-json\/wp\/v2\/pages\/34\/revisions"}],"wp:attachment":[{"href":"https:\/\/iicberlino.esteri.it\/de\/wp-json\/wp\/v2\/media?parent=34"}],"curies":[{"name":"wp","href":"https:\/\/api.w.org\/{rel}","templated":true}]}}