{"id":35,"date":"2023-02-07T14:40:07","date_gmt":"2023-02-07T13:40:07","guid":{"rendered":"https:\/\/iicberlino.esteri.it\/chi-siamo\/"},"modified":"2025-12-12T10:07:58","modified_gmt":"2025-12-12T09:07:58","slug":"chi-siamo","status":"publish","type":"page","link":"https:\/\/iicberlino.esteri.it\/de\/chi-siamo\/","title":{"rendered":"\u00dcber uns"},"content":{"rendered":"<p><strong>ITALIENISCHES KULTURINSTITUT BERLIN<\/strong><\/p>\n<p><strong><em>EIN ORT DER BEGEGNUNG IN DER HAUPTSTADT DEUTSCHLANDS<\/em><\/strong><\/p>\n<p><img loading=\"lazy\" decoding=\"async\" class=\"alignnone size-full wp-image-11136 img-fluid\" src=\"https:\/\/iicberlino.esteri.it\/wp-content\/uploads\/2025\/12\/sito2025_7.jpg\" alt=\"\" width=\"1000\" height=\"800\" srcset=\"https:\/\/iicberlino.esteri.it\/wp-content\/uploads\/2025\/12\/sito2025_7.jpg 1000w, https:\/\/iicberlino.esteri.it\/wp-content\/uploads\/2025\/12\/sito2025_7-300x240.jpg 300w, https:\/\/iicberlino.esteri.it\/wp-content\/uploads\/2025\/12\/sito2025_7-768x614.jpg 768w\" sizes=\"auto, (max-width: 1000px) 100vw, 1000px\" \/><\/p>\n<p>Im Zentrum Berlins, nicht weit vom Potsdamer Platz, befindet sich unser Kulturinstitut im historischen Geb\u00e4ude der Italienischen Botschaft. Ein neu eingerichteter Veranstaltungsraum und eine Ausstellungsgalerie schaffen den idealen Rahmen f\u00fcr Konzerte, Filmvorf\u00fchrungen, Vortr\u00e4ge, Lesungen und Kunstprojekte.<\/p>\n<p>Das Italienische Kulturinstitut Berlin, offizielles Organ des italienischen Staates, hat die Aufgabe, die italienische Sprache und Kultur in Deutschland mittels Veranstaltungen zu Kultur, K\u00fcnsten und Wissenschaften zu f\u00f6rdern.<\/p>\n<p>Das Italienische Kulturinstitut Berlin bietet dem deutschen Publikum desweiteren folgende Dienstleistungen an:<\/p>\n<ul>\n<li><a href=\"https:\/\/iicberlino.esteri.it\/de\/lingua-e-cultura\/i-corsi-di-lingua\/\">Italienische Sprachkurse<\/a>, die von erfahrenen, muttersprachlichen Lehrern gehalten werden<\/li>\n<li>Eine Pr\u00fcfung zur Erlangung eines Zertifikats \u00fcber Kenntnisse des Italienischen\u00a0als Fremdsprache (<a href=\"https:\/\/iicberlino.esteri.it\/de\/lingua-e-cultura\/certificazioni\/\">CILS<\/a>) findet zwei Mal j\u00e4hrlich statt.<\/li>\n<\/ul>\n<p>&nbsp;<\/p>\n","protected":false},"excerpt":{"rendered":"ITALIENISCHES KULTURINSTITUT BERLIN EIN ORT DER BEGEGNUNG IN DER HAUPTSTADT DEUTSCHLANDS Im Zentrum Berlins, nicht weit vom Potsdamer Platz, befindet sich unser Kulturinstitut im historischen Geb\u00e4ude der Italienischen Botschaft. Ein neu eingerichteter Veranstaltungsraum und eine Ausstellungsgalerie schaffen den idealen Rahmen f\u00fcr Konzerte, Filmvorf\u00fchrungen, Vortr\u00e4ge, Lesungen und Kunstprojekte. Das Italienische Kulturinstitut Berlin, offizielles Organ des italienischen [&hellip;]","protected":false},"author":1,"featured_media":0,"parent":0,"menu_order":2,"comment_status":"closed","ping_status":"closed","template":"","meta":{"footnotes":""},"class_list":["post-35","page","type-page","status-publish","hentry"],"_links":{"self":[{"href":"https:\/\/iicberlino.esteri.it\/de\/wp-json\/wp\/v2\/pages\/35","targetHints":{"allow":["GET"]}}],"collection":[{"href":"https:\/\/iicberlino.esteri.it\/de\/wp-json\/wp\/v2\/pages"}],"about":[{"href":"https:\/\/iicberlino.esteri.it\/de\/wp-json\/wp\/v2\/types\/page"}],"author":[{"embeddable":true,"href":"https:\/\/iicberlino.esteri.it\/de\/wp-json\/wp\/v2\/users\/1"}],"replies":[{"embeddable":true,"href":"https:\/\/iicberlino.esteri.it\/de\/wp-json\/wp\/v2\/comments?post=35"}],"version-history":[{"count":5,"href":"https:\/\/iicberlino.esteri.it\/de\/wp-json\/wp\/v2\/pages\/35\/revisions"}],"predecessor-version":[{"id":11139,"href":"https:\/\/iicberlino.esteri.it\/de\/wp-json\/wp\/v2\/pages\/35\/revisions\/11139"}],"wp:attachment":[{"href":"https:\/\/iicberlino.esteri.it\/de\/wp-json\/wp\/v2\/media?parent=35"}],"curies":[{"name":"wp","href":"https:\/\/api.w.org\/{rel}","templated":true}]}}