{"id":3886,"date":"2024-02-01T12:08:28","date_gmt":"2024-02-01T11:08:28","guid":{"rendered":"https:\/\/iicberlino.esteri.it\/?page_id=3886"},"modified":"2025-03-26T16:08:30","modified_gmt":"2025-03-26T15:08:30","slug":"premio-flaiano","status":"publish","type":"page","link":"https:\/\/iicberlino.esteri.it\/de\/news\/dall_istituto\/opportunita\/premio-flaiano\/","title":{"rendered":"Premio Flaiano"},"content":{"rendered":"<p><img loading=\"lazy\" decoding=\"async\" class=\"alignnone size-full wp-image-3882 img-fluid\" src=\"https:\/\/iicberlino.esteri.it\/wp-content\/uploads\/2024\/02\/loghi-flaiano.jpg\" alt=\"\" width=\"1920\" height=\"268\" srcset=\"https:\/\/iicberlino.esteri.it\/wp-content\/uploads\/2024\/02\/loghi-flaiano.jpg 1920w, https:\/\/iicberlino.esteri.it\/wp-content\/uploads\/2024\/02\/loghi-flaiano-300x42.jpg 300w, https:\/\/iicberlino.esteri.it\/wp-content\/uploads\/2024\/02\/loghi-flaiano-1024x143.jpg 1024w, https:\/\/iicberlino.esteri.it\/wp-content\/uploads\/2024\/02\/loghi-flaiano-768x107.jpg 768w\" sizes=\"auto, (max-width: 1920px) 100vw, 1920px\" \/><\/p>\n<p style=\"text-align: center;\"><strong><span class=\"fontstyle0\">24 <\/span><span class=\"fontstyle2\">Premio Internazionale Flaiano di Italianistica &#8211; Luca Attanasio &#8211;<\/span><\/strong><\/p>\n<p>&nbsp;<\/p>\n<p>Der 2002 ins Leben gerufene und seit 2021 nach Botschafter Luca Attanasio benannte <strong><span class=\"fontstyle2\">Premio Internazionale Flaiano di Italianistica<\/span><\/strong> wird dieses Jahr zum 24. Mal vergeben. Wie bereits im vergangenen Jahr wird auch 2025 ein\/e junge\/r Autor:in unter 35 Jahren f\u00fcr ein Werk im Bereich neue digitale Formate ausgezeichnet.<\/p>\n<p>Der von der Stiftung Edoardo Tiboni und dem Kulturverein Ennio Flaiano \u2013 in Zusammenarbeit mit dem Ministerium f\u00fcr ausw\u00e4rtige Angelegenheiten und internationale Zusammenarbeit und den italienischen Kulturinstituten im Ausland \u2013 gef\u00f6rderte Preis wird in zwei Kategorien vergeben:<br \/>\n\u2013 an\u00a0<strong>drei Autor:innen \u00fcber 35 Jahren<\/strong>\u00a0sowie<br \/>\n\u2013 an<strong>\u00a0eine\/n Autor:in unter 35 Jahren<\/strong>, deren\/dessen Werk sich mit\u00a0<strong>italienischer Sprache und Kultur<\/strong>\u00a0befasst und<strong>\u00a0im Ausland in italienischer oder einer Fremdsprache<\/strong>\u00a0sowie\u00a0<strong>mittels neuer digitaler Formate<\/strong> (Kurzfilme, Werbespots, Texte) ver\u00f6ffentlicht wurde.<br \/>\nDie Jury setzt sich aus Experten der internationalen Kulturszene zusammen. Es sollen Werke ausgezeichnet werden, die\u00a0<strong>zwischen 1. April 2024 und 15. April 2025 ver\u00f6ffentlicht<\/strong>\u00a0und<strong>\u00a0von einem\/r Direktor:in eines italienischen Kulturinstitute im Ausland f\u00fcr den Flaiano-Preis empfohlen wurden<\/strong>.<\/p>\n<p><strong>Einreichung der Bewerbungen<\/strong><\/p>\n<p>Publikationen k\u00f6nnen\u00a0<strong>bis sp\u00e4testens 17. April 2025<\/strong> an die E-Mail-Adresse des Italienischen Kulturinstituts Berlin (<a href=\"mailto:iicberlino@esteri.it\">iicberlino@esteri.it<\/a>, Betreff: \u201ePremio Flaiano di Italianistica 2024\u201c) eingereicht werden.<br \/>\nDie DirektorInnen der Kulturinstitute k\u00f6nnen bis zu drei Werke vorschlagen, auch auf Empfehlung von KollegInnen aus den Italianistikabteilungen der lokalen Universit\u00e4ten.<br \/>\nDie empfohlenen Arbeiten m\u00fcssen vom IIC bis zum 10. Mai per Post in zweifacher Ausfertigung an die in der Ausschreibung angegebene Adresse geschickt werden, mit einer Best\u00e4tigung der Einreichung und einer gemeinsamen Darstellung des Werks und seines Autors an die E-Mail-Adresse <a href=\"mailto:associazione.flaiano@gmail.com\">associazione.flaiano@gmail.com<\/a>. Die Institute k\u00f6nnen ihre Vorschl\u00e4ge gegebenenfalls vorab per E-Mail an die oben genannte Adresse schicken. Handelt es sich bei den Vorschl\u00e4gen um multimediale Werke (z. B. Kurzfilme), so gen\u00fcgt es, sie per E-Mail \u00fcber MAECITransfer, WeTransfer oder \u00e4hnliche Mittel zu \u00fcbermitteln.<br \/>\n<strong><br \/>\nPreisverleihung<\/strong><\/p>\n<p>Die Preisverleihung findet am Samstag, dem <strong>28. Juni 2025<\/strong>, um 20.30 Uhr <strong>in Pescara<\/strong> statt.<br \/>\nDie Preistr\u00e4ger m\u00fcssen bei der Verleihung pers\u00f6nlich anwesend sein und k\u00f6nnen sich nicht vertreten lassen. Eine Abwesenheit kommt einem Verzicht auf die Auszeichnung gleich. Reise- und Aufenthaltskosten der Preistr\u00e4ger werden vom Ministerium f\u00fcr ausw\u00e4rtige Angelegenheiten und internationale Zusammenarbeit \u00fcbernommen.<\/p>\n<p><strong>Weitere Informationen<\/strong><\/p>\n<p><a href=\"https:\/\/iicberlino.esteri.it\/wp-content\/uploads\/2025\/03\/Premio-Internazionale-Flaiano-dItalianistica-Luca-Attanasio.pdf\">Ausschreibung<\/a> (in italienischer Sprache)<\/p>\n<p>Ennio Flaiano Cultural Association \u2013 Ennio Flaiano International Awards<br \/>\nPiazza Alessandrini, 34 \u2013 65127 Pescara<br \/>\nTel. +39 338 9892090 \u2013 +39 347 6475547<br \/>\n<a href=\"http:\/\/www.premiflaiano.com\/\" target=\"_blank\" rel=\"noopener\">www.premiflaiano.com<\/a><br \/>\n<a href=\"mailto:associazione.flaiano@gmail.com\">associazione.flaiano@gmail.com<\/a>\u00a0oder\u00a0<a href=\"mailto:ufficiostampa.premiflaiano@gmail.com\">ufficiostampa.premiflaiano@gmail.com<\/a><\/p>\n<p>&nbsp;<\/p>\n<p>.<\/p>\n","protected":false},"excerpt":{"rendered":"24 Premio Internazionale Flaiano di Italianistica &#8211; Luca Attanasio &#8211; &nbsp; Der 2002 ins Leben gerufene und seit 2021 nach Botschafter Luca Attanasio benannte Premio Internazionale Flaiano di Italianistica wird dieses Jahr zum 24. Mal vergeben. Wie bereits im vergangenen Jahr wird auch 2025 ein\/e junge\/r Autor:in unter 35 Jahren f\u00fcr ein Werk im Bereich [&hellip;]","protected":false},"author":5,"featured_media":0,"parent":3801,"menu_order":5,"comment_status":"closed","ping_status":"closed","template":"","meta":{"footnotes":""},"class_list":["post-3886","page","type-page","status-publish","hentry"],"_links":{"self":[{"href":"https:\/\/iicberlino.esteri.it\/de\/wp-json\/wp\/v2\/pages\/3886","targetHints":{"allow":["GET"]}}],"collection":[{"href":"https:\/\/iicberlino.esteri.it\/de\/wp-json\/wp\/v2\/pages"}],"about":[{"href":"https:\/\/iicberlino.esteri.it\/de\/wp-json\/wp\/v2\/types\/page"}],"author":[{"embeddable":true,"href":"https:\/\/iicberlino.esteri.it\/de\/wp-json\/wp\/v2\/users\/5"}],"replies":[{"embeddable":true,"href":"https:\/\/iicberlino.esteri.it\/de\/wp-json\/wp\/v2\/comments?post=3886"}],"version-history":[{"count":4,"href":"https:\/\/iicberlino.esteri.it\/de\/wp-json\/wp\/v2\/pages\/3886\/revisions"}],"predecessor-version":[{"id":8017,"href":"https:\/\/iicberlino.esteri.it\/de\/wp-json\/wp\/v2\/pages\/3886\/revisions\/8017"}],"up":[{"embeddable":true,"href":"https:\/\/iicberlino.esteri.it\/de\/wp-json\/wp\/v2\/pages\/3801"}],"wp:attachment":[{"href":"https:\/\/iicberlino.esteri.it\/de\/wp-json\/wp\/v2\/media?parent=3886"}],"curies":[{"name":"wp","href":"https:\/\/api.w.org\/{rel}","templated":true}]}}