{"id":8981,"date":"2025-06-11T16:29:59","date_gmt":"2025-06-11T14:29:59","guid":{"rendered":"https:\/\/iicberlino.esteri.it\/?page_id=8981"},"modified":"2025-06-12T14:00:33","modified_gmt":"2025-06-12T12:00:33","slug":"it-out-off-berlino-progetto","status":"publish","type":"page","link":"https:\/\/iicberlino.esteri.it\/de\/news\/dall_istituto\/opportunita\/it-out-off-berlin\/it-out-off-berlino-progetto\/","title":{"rendered":"IT Out OFF \u2013 Berlino \u2013 Progetto"},"content":{"rendered":"<p><img loading=\"lazy\" decoding=\"async\" class=\"alignnone size-large wp-image-8973 img-fluid\" src=\"https:\/\/iicberlino.esteri.it\/wp-content\/uploads\/2025\/06\/millesuoni_generale_o_logo_1-1024x683.jpg\" alt=\"\" width=\"640\" height=\"427\" srcset=\"https:\/\/iicberlino.esteri.it\/wp-content\/uploads\/2025\/06\/millesuoni_generale_o_logo_1-1024x683.jpg 1024w, https:\/\/iicberlino.esteri.it\/wp-content\/uploads\/2025\/06\/millesuoni_generale_o_logo_1-300x200.jpg 300w, https:\/\/iicberlino.esteri.it\/wp-content\/uploads\/2025\/06\/millesuoni_generale_o_logo_1-768x512.jpg 768w, https:\/\/iicberlino.esteri.it\/wp-content\/uploads\/2025\/06\/millesuoni_generale_o_logo_1.jpg 1536w\" sizes=\"auto, (max-width: 640px) 100vw, 640px\" \/><\/p>\n<p><strong>MILLESUONI<\/strong> ist ein von <strong>Lisa Andreani<\/strong> konzipiertes und kuratiertes Projekt, das im Rahmen der Ausschreibung <strong>IT out OFF \u2013 Berlin<\/strong> ausgew\u00e4hlt wurde, die von der <a href=\"https:\/\/creativitacontemporanea.cultura.gov.it\/\">Generaldirektion f\u00fcr zeitgen\u00f6ssische Kreativit\u00e4t des Kulturministeriums<\/a> und dem Italienischen Kulturinstitut in Berlin anl\u00e4sslich der <strong>Berlin Biennale (14. Juni \u2013 14. September 2025)<\/strong> ausgeschrieben wurde.<\/p>\n<p>Das Projekt umfasst die K\u00fcnstler <strong>Nicola Di Croce und Ramona Ponzini<\/strong> sowie den Designer <strong>Nicol\u00f2 Pellarin<\/strong> und erstreckt sich von Ende Juni bis Ende September 2025 \u00fcber drei unterschiedliche, aber miteinander verbundene Phasen: ein Bildungsprogramm, ein Ausstellungsprojekt und eine K\u00fcnstlerresidenz, die in der <strong>Volksb\u00fchne, Neun Kelche und MONOM<\/strong> stattfinden.<\/p>\n<p><strong>MILLESUONI<\/strong> ist ein sich weiterentwickelndes Projekt, das Klang als kritisches und performatives Instrument erforscht, das neue Formen des Zuh\u00f6rens und der Teilhabe hervorbringen kann. Aus einer intersektionalen Perspektive untersucht das Projekt das Potenzial von Klang f\u00fcr die Schaffung von R\u00e4umen der Gleichheit und verhandelt dabei neu, wie wir unsere Umgebung wahrnehmen, bewohnen und interpretieren.<\/p>\n<p>In dieser Perspektive ist Klang nicht nur ein physikalisches Ph\u00e4nomen, sondern auch Spur und Zeugnis einer Pr\u00e4senz, ein Signal f\u00fcr Beziehungen, die zwischen K\u00f6rpern, R\u00e4umen, Gemeinschaften und Vorstellungswelten entstehen. MILLESUONI f\u00f6rdert somit einen experimentellen und nichtlinearen Ansatz, der auf N\u00e4he und Austausch basiert und Praktiken der Offenheit und des kollektiven Zuh\u00f6rens beg\u00fcnstigt.<\/p>\n<p>Das Projekt wird au\u00dferdem von <strong>Paint It Black<\/strong> unterst\u00fctzt, das eine Ver\u00f6ffentlichung im Vinylformat herausgeben wird, die als redaktionelle und klangliche Erweiterung des gesamten Projekts konzipiert ist.<\/p>\n<p>&nbsp;<\/p>\n<p><strong>Lisa Andreani<\/strong> ist Kuratorin und Forscherin. Derzeit promoviert sie praxisorientiert an der Universit\u00e4t IUAV in Venedig mit Unterst\u00fctzung der Collezione Pinault (Palazzo Grassi \/ Punta della Dogana). Ihre Arbeit konzentriert sich auf die Untersuchung von Archiven, Geschichten und Randfiguren, wobei sie kuratorische Vorschl\u00e4ge f\u00fcr Bildungsma\u00dfnahmen und kollektive Praktiken durch Ver\u00f6ffentlichungen und Reenactments gestaltet. Ihre Doktorarbeit untersucht die Rolle der Kulturvermittlung als aktive Praxis in allen Phasen des Lebenszyklus einer Ausstellung oder eines Museums.<\/p>\n","protected":false},"excerpt":{"rendered":"MILLESUONI ist ein von Lisa Andreani konzipiertes und kuratiertes Projekt, das im Rahmen der Ausschreibung IT out OFF \u2013 Berlin ausgew\u00e4hlt wurde, die von der Generaldirektion f\u00fcr zeitgen\u00f6ssische Kreativit\u00e4t des Kulturministeriums und dem Italienischen Kulturinstitut in Berlin anl\u00e4sslich der Berlin Biennale (14. Juni \u2013 14. September 2025) ausgeschrieben wurde. Das Projekt umfasst die K\u00fcnstler Nicola [&hellip;]","protected":false},"author":7,"featured_media":0,"parent":7141,"menu_order":0,"comment_status":"closed","ping_status":"closed","template":"","meta":{"footnotes":""},"class_list":["post-8981","page","type-page","status-publish","hentry"],"_links":{"self":[{"href":"https:\/\/iicberlino.esteri.it\/de\/wp-json\/wp\/v2\/pages\/8981","targetHints":{"allow":["GET"]}}],"collection":[{"href":"https:\/\/iicberlino.esteri.it\/de\/wp-json\/wp\/v2\/pages"}],"about":[{"href":"https:\/\/iicberlino.esteri.it\/de\/wp-json\/wp\/v2\/types\/page"}],"author":[{"embeddable":true,"href":"https:\/\/iicberlino.esteri.it\/de\/wp-json\/wp\/v2\/users\/7"}],"replies":[{"embeddable":true,"href":"https:\/\/iicberlino.esteri.it\/de\/wp-json\/wp\/v2\/comments?post=8981"}],"version-history":[{"count":2,"href":"https:\/\/iicberlino.esteri.it\/de\/wp-json\/wp\/v2\/pages\/8981\/revisions"}],"predecessor-version":[{"id":8984,"href":"https:\/\/iicberlino.esteri.it\/de\/wp-json\/wp\/v2\/pages\/8981\/revisions\/8984"}],"up":[{"embeddable":true,"href":"https:\/\/iicberlino.esteri.it\/de\/wp-json\/wp\/v2\/pages\/7141"}],"wp:attachment":[{"href":"https:\/\/iicberlino.esteri.it\/de\/wp-json\/wp\/v2\/media?parent=8981"}],"curies":[{"name":"wp","href":"https:\/\/api.w.org\/{rel}","templated":true}]}}