{"id":9069,"date":"2024-05-31T12:24:58","date_gmt":"2024-05-31T10:24:58","guid":{"rendered":"https:\/\/iicberlino.esteri.it\/?page_id=9069"},"modified":"2025-06-25T11:19:45","modified_gmt":"2025-06-25T09:19:45","slug":"premio-berlino-2023-edizione-4","status":"publish","type":"page","link":"https:\/\/iicberlino.esteri.it\/de\/news\/dall_istituto\/opportunita\/premio-berlino\/premio-berlino-2023-edizione-4\/","title":{"rendered":"Premio Berlino 2023 \u2013 Edizione 4"},"content":{"rendered":"<p><strong>Premio Berlino 2023 \u2013 Edizione 4<br \/>\n<\/strong><\/p>\n<p>Il bando della\u00a0<strong>quarta edizione de<\/strong>l\u00a0<strong>Premio Berlino <\/strong>\u2013 pubblicato in data 23 giugno 2023 \u2013 offre la possibilit\u00e0 a <strong>due architetti emergenti <\/strong>di trascorrere un <strong>periodo di sei mesi a Berlino (gennaio-giugno 2024) <\/strong>per approfondire professionalmente<strong> tematiche inerenti al riuso e alla rigenerazione urbana<\/strong> e partecipare ad attivit\u00e0 culturali su tali temi. Il premio \u00e8 promosso dalla Direzione Generale Creativit\u00e0 Contemporanea del Ministero della Cultura, dalla Direzione Generale per la Diplomazia Pubblica e Culturale del Ministero degli Affari Esteri e della Cooperazione Internazionale e dall\u2019Istituto Italiano di Cultura di Berlino.<br \/>\nOltre al biglietto aereo, i due vincitori ricevono un assegno mensile per vitto e alloggio e il rimborso spese prestazioni presso uno studio di architettura specializzato nei temi della rigenerazione urbana. Gli architetti vincitori partecipano inoltre alle <strong>attivit\u00e0 culturali organizzate dall\u2019Istituto Italiano di Cultura di Berlino e da\u00a0ANCB \u2013 The AEDES Metropolitan Laboratory<\/strong>\u00a0anche attraverso la presentazione dei propri lavori al termine della residenza. Viene inoltre affiancato ai vincitori un tutor con esperienza internazionale, residente a Berlino, nonch\u00e9 esperto della scena professionale locale<\/p>\n<p><a href=\"https:\/\/iicberlino.esteri.it\/wp-content\/uploads\/2024\/05\/Bando-Premio-Berlino-2023-e-allegato.pdf\">Bando (PDF)<\/a><br \/>\nScadenza: 23 agosto 2023, ore 12:00<\/p>\n<p><strong>LE VINCITRICI<\/strong><\/p>\n<p>Le vincitrici della quarta edizione del Premio Berlino sono\u00a0<strong>Alice Laura Speziale\u00a0(Lucca, 1991) <\/strong>e\u00a0<strong>Federica Scarpa\u00a0(Jesi, 1996)<\/strong> che hanno l\u2019opportunit\u00e0 di trascorrere\u00a0<strong>sei mesi a Berlino<\/strong>\u00a0presso uno studio di architettura specializzato nei temi del recupero e della rigenerazione urbana. Partecipano, inoltre, alle attivit\u00e0 culturali organizzate dall\u2019<strong>Istituto Italiano di Cultura di Berlino<\/strong>\u00a0e da\u00a0<strong>ANCB \u2013 The Aedes Metropolitan Laboratory<\/strong>. Il progetto sostiene la mobilit\u00e0 in ambito internazionale dei giovani professionisti, anche nell\u2019ottica della promozione dell\u2019architettura italiana contemporanea.<\/p>\n<p><strong>Commissione selezionatrice:<\/strong> Eugenio Cipollone e Caterina Tantillo per la DGCC del MiC, Maria Carolina Foi (direttrice dell\u2019IIC Berlino, con funzioni di presidente) e Franco Stella per il MAECI, Hans-J\u00fcrgen Commerell per ANCB.<\/p>\n","protected":false},"excerpt":{"rendered":"Premio Berlino 2023 \u2013 Edizione 4 Il bando della\u00a0quarta edizione del\u00a0Premio Berlino \u2013 pubblicato in data 23 giugno 2023 \u2013 offre la possibilit\u00e0 a due architetti emergenti di trascorrere un periodo di sei mesi a Berlino (gennaio-giugno 2024) per approfondire professionalmente tematiche inerenti al riuso e alla rigenerazione urbana e partecipare ad attivit\u00e0 culturali su [&hellip;]","protected":false},"author":5,"featured_media":0,"parent":2725,"menu_order":0,"comment_status":"closed","ping_status":"closed","template":"","meta":{"footnotes":""},"class_list":["post-9069","page","type-page","status-publish","hentry"],"_links":{"self":[{"href":"https:\/\/iicberlino.esteri.it\/de\/wp-json\/wp\/v2\/pages\/9069","targetHints":{"allow":["GET"]}}],"collection":[{"href":"https:\/\/iicberlino.esteri.it\/de\/wp-json\/wp\/v2\/pages"}],"about":[{"href":"https:\/\/iicberlino.esteri.it\/de\/wp-json\/wp\/v2\/types\/page"}],"author":[{"embeddable":true,"href":"https:\/\/iicberlino.esteri.it\/de\/wp-json\/wp\/v2\/users\/5"}],"replies":[{"embeddable":true,"href":"https:\/\/iicberlino.esteri.it\/de\/wp-json\/wp\/v2\/comments?post=9069"}],"version-history":[{"count":1,"href":"https:\/\/iicberlino.esteri.it\/de\/wp-json\/wp\/v2\/pages\/9069\/revisions"}],"predecessor-version":[{"id":9072,"href":"https:\/\/iicberlino.esteri.it\/de\/wp-json\/wp\/v2\/pages\/9069\/revisions\/9072"}],"up":[{"embeddable":true,"href":"https:\/\/iicberlino.esteri.it\/de\/wp-json\/wp\/v2\/pages\/2725"}],"wp:attachment":[{"href":"https:\/\/iicberlino.esteri.it\/de\/wp-json\/wp\/v2\/media?parent=9069"}],"curies":[{"name":"wp","href":"https:\/\/api.w.org\/{rel}","templated":true}]}}