{"id":127,"date":"2023-02-09T14:58:06","date_gmt":"2023-02-09T13:58:06","guid":{"rendered":"https:\/\/iicberlino.esteri.it\/?page_id=127"},"modified":"2026-04-27T16:46:19","modified_gmt":"2026-04-27T14:46:19","slug":"contatti","status":"publish","type":"page","link":"https:\/\/iicberlino.esteri.it\/it\/chi-siamo\/contatti\/","title":{"rendered":"Contatti"},"content":{"rendered":"<p><img loading=\"lazy\" decoding=\"async\" class=\"alignnone size-full wp-image-148 img-fluid\" src=\"https:\/\/iicberlino.esteri.it\/wp-content\/uploads\/2023\/02\/iic-colore-berlino_x250.jpg\" alt=\"iic-colore-berlino_x250\" width=\"250\" height=\"167\" \/><\/p>\n<p>Istituto Italiano di Cultura Berlino<br \/>\nHildebrandstra\u00dfe, 2 &#8211; 10785 Berlin<br \/>\nTel. +49 (0)30 2699 41 &#8211; 0 Fax +49 (0)30 2699 41 &#8211; 26<br \/>\nMail: <a href=\"mailto:iicberlino@esteri.it\">iicberlino@esteri.it<\/a><\/p>\n<p>PEC:\u00a0<a href=\"mailto:iic.berlino@cert.esteri.it\">iic.berlino@cert.esteri.it<\/a>\u00a0(Indirizzo abilitato esclusivamente alla ricezione di posta elettronica certificata PEC)<a href=\"mailto:iicberlino@esteri.it\"><br \/>\n<\/a><br \/>\n<strong>Si prega di inoltrare le proposte dei progetti culturali ESCLUSIVAMENTE all&#8217;indirizzo: <\/strong><\/p>\n<p><strong><a href=\"mailto:berlinoiic.proposte@esteri.it\">berlinoiic.proposte@esteri.it<\/a> <\/strong><\/p>\n<p>Tutte le proposte ricevute saranno attentamente valutate. La proposta deve comprendere una descrizione chiara e sintetica del progetto, una scheda tecnica e un prospetto di massima dei costi <strong>per un evento da realizzarsi non prima di otto mesi dalla data di presentazione della domanda.<\/strong><\/p>\n<p>Non \u00e8 gradito l\u2019invio di allegati di grandi dimensioni. A causa dell\u2019elevato numero di proposte ricevute, non ci \u00e8 possibile n\u00e9 rispondere individualmente, n\u00e9 fornire aggiornamenti al telefono o via mail. Viene dato riscontro per gli eventuali seguiti, alle sole proposte interessanti, di regola entro 6 settimane.<br \/>\nGrazie!<\/p>\n<p><strong>Orari<\/strong><br \/>\nGli uffici sono aperti al pubblico il marted\u00ec dalle ore 10.00 alle 13.00 e il mercoled\u00ec dalle ore 10.00 alle 16.30.<br \/>\nPotete raggiungerci telefonicamente dal luned\u00ec al venerd\u00ec dalle ore 10.00 alle 13.00.<\/p>\n<p>Siamo raggiungibili per e-mail <a href=\"mailto:iicberlino@esteri.it\">iicberlino@esteri.it<\/a><\/p>\n<p>&nbsp;<\/p>\n<p><strong>Festivit\u00e0 anno 2026 \/ Feiertage 2026<\/strong><br \/>\n(in questi giorni l&#8217;Istituto Italiano di Cultura di Berlino rimane chiuso)<\/p>\n<p>Gioved\u00ec 1\u00b0 gennaio \u2013 Capodanno \/ Neujahr<br \/>\nVenerd\u00ec 3 aprile \u2013 Venerd\u00ec Santo \/ Karfreitag<br \/>\nLuned\u00ec 6 aprile &#8211; Luned\u00ec dell\u2019Angelo \/ Ostermontag<br \/>\nSabato 25 aprile \u2013 Festa della Liberazione\u00a0 \/ Tag der Befreiung<br \/>\nVenerd\u00ec 1\u00b0 maggio \u2013 Festa del Lavoro \/ Tag der Arbeit<br \/>\nLuned\u00ec 25 maggio \u2013 Luned\u00ec di Pentecoste \/ Pfingstmontag<br \/>\nMarted\u00ec 2 giugno &#8211; Festa della Repubblica \/ Italienischer Nationalfeiertag<br \/>\nSabato 3 ottobre \u2013 Festa dell\u2019Unit\u00e0 tedesca \/ Tag der Deutschen Einheit<br \/>\nDomenica 1\u00b0 novembre \u2013 Ognissanti \/ Allerheiligen<br \/>\nVenerd\u00ec 25 dicembre \u2013 Natale \/ 1. Weihnachtsfeiertag<br \/>\nSabato 26 dicembre \u2013 Santo Stefano \/ 2. Weihnachtsfeiertag<\/p>\n<p>&nbsp;<\/p>\n<p><strong>Come raggiungerci<\/strong><\/p>\n<p><a href=\"https:\/\/www.google.com\/maps?ll=52.509171,13.359752&amp;z=16&amp;t=m&amp;hl=it-IT&amp;gl=US&amp;mapclient=embed&amp;q=Hildebrandstra%C3%9Fe+2+10785+Berlin+Germania\"><img decoding=\"async\" class=\"alignnone size-medium wp-image-147 img-fluid\" src=\"https:\/\/iicberlino.esteri.it\/wp-content\/uploads\/2023\/02\/comeraggiungerci_berlino.png\" alt=\"come raggiungerci Berlino\" width=\"700\" srcset=\"https:\/\/iicberlino.esteri.it\/wp-content\/uploads\/2023\/02\/comeraggiungerci_berlino.png 794w, https:\/\/iicberlino.esteri.it\/wp-content\/uploads\/2023\/02\/comeraggiungerci_berlino-300x153.png 300w, https:\/\/iicberlino.esteri.it\/wp-content\/uploads\/2023\/02\/comeraggiungerci_berlino-768x391.png 768w\" sizes=\"(max-width: 794px) 100vw, 794px\" \/><\/a><\/p>\n<p><strong>Mezzi pubblici<\/strong><\/p>\n<p>Bus 200, fermata Tiergartenstra\u00dfe<br \/>\nMetrobus M29, fermata Hiroshimasteg<br \/>\nBus 100, 106, 187, fermata Nordische Botschaften<\/p>\n<p><strong>Accesso senza barriere per persone con disabilit\u00e0<\/strong><\/p>\n<p>Per l\u2019accesso senza barriere agli eventi dell\u2019Istituto Italiano di Cultura di Berlino vi preghiamo di contattarci il giorno prima dell\u2019evento tramite e-mail: antwort.iicberlino@esteri.it o per telefono: +49 (03)0-26 99 41 0.<\/p>\n","protected":false},"excerpt":{"rendered":"Istituto Italiano di Cultura Berlino Hildebrandstra\u00dfe, 2 &#8211; 10785 Berlin Tel. +49 (0)30 2699 41 &#8211; 0 Fax +49 (0)30 2699 41 &#8211; 26 Mail: iicberlino@esteri.it PEC:\u00a0iic.berlino@cert.esteri.it\u00a0(Indirizzo abilitato esclusivamente alla ricezione di posta elettronica certificata PEC) Si prega di inoltrare le proposte dei progetti culturali ESCLUSIVAMENTE all&#8217;indirizzo: berlinoiic.proposte@esteri.it Tutte le proposte ricevute saranno attentamente valutate. [&hellip;]","protected":false},"author":3,"featured_media":0,"parent":9,"menu_order":4,"comment_status":"closed","ping_status":"closed","template":"","meta":{"footnotes":""},"class_list":["post-127","page","type-page","status-publish","hentry"],"_links":{"self":[{"href":"https:\/\/iicberlino.esteri.it\/it\/wp-json\/wp\/v2\/pages\/127","targetHints":{"allow":["GET"]}}],"collection":[{"href":"https:\/\/iicberlino.esteri.it\/it\/wp-json\/wp\/v2\/pages"}],"about":[{"href":"https:\/\/iicberlino.esteri.it\/it\/wp-json\/wp\/v2\/types\/page"}],"author":[{"embeddable":true,"href":"https:\/\/iicberlino.esteri.it\/it\/wp-json\/wp\/v2\/users\/3"}],"replies":[{"embeddable":true,"href":"https:\/\/iicberlino.esteri.it\/it\/wp-json\/wp\/v2\/comments?post=127"}],"version-history":[{"count":7,"href":"https:\/\/iicberlino.esteri.it\/it\/wp-json\/wp\/v2\/pages\/127\/revisions"}],"predecessor-version":[{"id":12388,"href":"https:\/\/iicberlino.esteri.it\/it\/wp-json\/wp\/v2\/pages\/127\/revisions\/12388"}],"up":[{"embeddable":true,"href":"https:\/\/iicberlino.esteri.it\/it\/wp-json\/wp\/v2\/pages\/9"}],"wp:attachment":[{"href":"https:\/\/iicberlino.esteri.it\/it\/wp-json\/wp\/v2\/media?parent=127"}],"curies":[{"name":"wp","href":"https:\/\/api.w.org\/{rel}","templated":true}]}}