{"id":13,"date":"2023-02-07T14:41:37","date_gmt":"2023-02-07T13:41:37","guid":{"rendered":"https:\/\/iicberlino.esteri.it\/?page_id=13"},"modified":"2024-01-26T11:32:29","modified_gmt":"2024-01-26T10:32:29","slug":"lingua-e-cultura","status":"publish","type":"page","link":"https:\/\/iicberlino.esteri.it\/it\/lingua-e-cultura\/","title":{"rendered":"Lingua e Cultura"},"content":{"rendered":"<p><img loading=\"lazy\" decoding=\"async\" class=\"alignnone size-full wp-image-3741 img-fluid\" src=\"https:\/\/iicberlino.esteri.it\/wp-content\/uploads\/2024\/01\/IIC-BERLINO-sk-banner-FB-copertina-820x312-px.png\" alt=\"\" width=\"1920\" height=\"737\" srcset=\"https:\/\/iicberlino.esteri.it\/wp-content\/uploads\/2024\/01\/IIC-BERLINO-sk-banner-FB-copertina-820x312-px.png 1920w, https:\/\/iicberlino.esteri.it\/wp-content\/uploads\/2024\/01\/IIC-BERLINO-sk-banner-FB-copertina-820x312-px-300x115.png 300w, https:\/\/iicberlino.esteri.it\/wp-content\/uploads\/2024\/01\/IIC-BERLINO-sk-banner-FB-copertina-820x312-px-1024x393.png 1024w, https:\/\/iicberlino.esteri.it\/wp-content\/uploads\/2024\/01\/IIC-BERLINO-sk-banner-FB-copertina-820x312-px-768x295.png 768w\" sizes=\"auto, (max-width: 1920px) 100vw, 1920px\" \/><\/p>\n<p><strong>Impara l&#8217;italiano all&#8217;IIC Berlino!<\/strong><\/p>\n<p>Gli Istituti Italiani di Cultura sono organismi ufficiali del Ministero degli Affari Esteri e della Cooperazione Culturale e hanno, tra gli altri, il compito di diffondere la lingua e la cultura italiana all&#8217;estero. Proprio per questa ragione offriamo al nostro pubblico un ampio programma di corsi di lingua. Informazioni dettagliate sul programma dei corsi sono consultabili alla voce &#8220;I nostri corsi di lingua&#8221;.<\/p>\n<p>Pi\u00f9 di due milioni di persone in 115 paesi del mondo imparano ogni anno la nostra lingua. Solo in Germania pi\u00f9 di 200.000 persone all&#8217;anno frequentano un corso di italiano. La Germania \u00e8 cos\u00ec il terzo paese al mondo per numero di persone che studiano italiano.<\/p>\n<p>Per quali ragioni?<\/p>\n<p><strong>L&#8217;italiano<\/strong> <strong>\u00e8 una<\/strong> <strong>lingua di cultura<\/strong>. Conoscere questa lingua significa poter accedere a un patrimonio letterario di fondamentale importanza per la storia d\u2019Europa, a testi umanistici e scientifici di valore, alla produzione teatrale, musicale, operistica, artistica, cinematografica e televisiva italiana.<\/p>\n<p><strong>L&#8217;italiano \u00e8 una lingua di lavoro<\/strong>. Manager, investitori, tecnici, maestranze, lavoratori che varcano le frontiere del nostro paese entrano in contatto con il mondo dell&#8217;industria, dell&#8217;artigianato e dei servizi italiani.<\/p>\n<p><strong>L&#8217;italiano \u00e8 una<\/strong> <strong>lingua di studio<\/strong>. Sono molti gli studenti che ogni anno decidono di frequentare le Scuole, le Universit\u00e0, le Accademie e le biblioteche nel nostro paese.<\/p>\n<p>Visitare il nostro paese e incontrare la sua popolazione ospitale e accogliente, tra citt\u00e0 d\u2019arte e meraviglie della natura, \u00e8 un autentico piacere <strong>quando si parla l\u2019ITALIANO!<\/strong><\/p>\n","protected":false},"excerpt":{"rendered":"Impara l&#8217;italiano all&#8217;IIC Berlino! Gli Istituti Italiani di Cultura sono organismi ufficiali del Ministero degli Affari Esteri e della Cooperazione Culturale e hanno, tra gli altri, il compito di diffondere la lingua e la cultura italiana all&#8217;estero. Proprio per questa ragione offriamo al nostro pubblico un ampio programma di corsi di lingua. Informazioni dettagliate sul [&hellip;]","protected":false},"author":1,"featured_media":0,"parent":0,"menu_order":6,"comment_status":"closed","ping_status":"closed","template":"","meta":{"footnotes":""},"class_list":["post-13","page","type-page","status-publish","hentry"],"_links":{"self":[{"href":"https:\/\/iicberlino.esteri.it\/it\/wp-json\/wp\/v2\/pages\/13","targetHints":{"allow":["GET"]}}],"collection":[{"href":"https:\/\/iicberlino.esteri.it\/it\/wp-json\/wp\/v2\/pages"}],"about":[{"href":"https:\/\/iicberlino.esteri.it\/it\/wp-json\/wp\/v2\/types\/page"}],"author":[{"embeddable":true,"href":"https:\/\/iicberlino.esteri.it\/it\/wp-json\/wp\/v2\/users\/1"}],"replies":[{"embeddable":true,"href":"https:\/\/iicberlino.esteri.it\/it\/wp-json\/wp\/v2\/comments?post=13"}],"version-history":[{"count":2,"href":"https:\/\/iicberlino.esteri.it\/it\/wp-json\/wp\/v2\/pages\/13\/revisions"}],"predecessor-version":[{"id":3748,"href":"https:\/\/iicberlino.esteri.it\/it\/wp-json\/wp\/v2\/pages\/13\/revisions\/3748"}],"wp:attachment":[{"href":"https:\/\/iicberlino.esteri.it\/it\/wp-json\/wp\/v2\/media?parent=13"}],"curies":[{"name":"wp","href":"https:\/\/api.w.org\/{rel}","templated":true}]}}