{"id":133,"date":"2023-02-09T14:59:07","date_gmt":"2023-02-09T13:59:07","guid":{"rendered":"https:\/\/iicberlino.esteri.it\/?page_id=133"},"modified":"2026-02-13T12:42:28","modified_gmt":"2026-02-13T11:42:28","slug":"certificazioni","status":"publish","type":"page","link":"https:\/\/iicberlino.esteri.it\/it\/lingua-e-cultura\/certificazioni\/","title":{"rendered":"Certificazioni"},"content":{"rendered":"<p><span class=\"titoloCategoria\"><strong>CILS &#8211; Certificazione di Italiano come Lingua Straniera presso l\u2019Istituto Italiano di Cultura di Berlino<\/strong><\/span><\/p>\n<p>L&#8217;Istituto Italiano di Cultura di Berlino offre agli interessati la possibilit\u00e0 di conseguire la Certificazione di Italiano come Lingua Straniera gestita dall&#8217;Universit\u00e0 per Stranieri di Siena e di sostenere un esame ufficiale nella sede dell&#8217;Istituto stesso. La Certificazione CILS \u00e8 un titolo di studio ufficialmente riconosciuto che attesta il grado di competenza linguistico-comunicativa in italiano come L2. La Certificazione CILS \u00e8 rilasciata dall&#8217;Universit\u00e0 per Stranieri di Siena e riconosciuta dallo Stato italiano in base ad una convenzione con il Ministero degli Affari Esteri e della Cooperazione Internazionale.<br \/>\n<strong><br \/>\nLivelli<\/strong><\/p>\n<p>Il sistema di Certificazione CILS copre tutti i sei livelli di competenza linguistico-comunicativa individuati dal Quadro Comune Europeo di Riferimento per le Lingue.<\/p>\n<p>I Livelli CILS individuano una competenza linguistico-comunicativa progressivamente pi\u00f9 ampia. Ogni livello CILS \u00e8 autonomo e completo: la certificazione di ogni livello dichiara un grado di capacit\u00e0 comunicativa adeguato a specifici contesti sociali, professionali, di studio.<\/p>\n<p>L&#8217;esame CILS \u00e8 rivolto anche a bambini e adolescenti.<\/p>\n<p>Tutte le prove sono prodotte e valutate sulla base dei parametri previsti dal Quadro Comune Europeo di Riferimento per le lingue.<\/p>\n<p><a href=\"https:\/\/www.coe.int\/en\/web\/language-policy\/home\">https:\/\/www.coe.int\/en\/web\/language-policy\/home<\/a><\/p>\n<p><a href=\"https:\/\/cils.unistrasi.it\/1\/79\/54\/I_livelli_del_Quadro_comune_europeo_di_riferimento_per_la_conoscenza_delle_lingue_(Consiglio_d-Europa_2001).htm\">https:\/\/cils.unistrasi.it\/1\/79\/54\/I_livelli_del_Quadro_comune_europeo_di_riferimento_per_la_conoscenza_delle_lingue_(Consiglio_d-Europa_2001).htm<\/a><\/p>\n<p>Per conseguire la certificazione in uno dei sei livelli \u00e8 necessario superare un esame composto di cinque parti con diverse prove sulle abilit\u00e0 di base: ascolto, lettura, competenza meta-linguistica, produzione scritta e produzione orale.<\/p>\n<p><strong>Destinatari<\/strong><\/p>\n<p>Possono iscriversi agli esami CILS tutti i cittadini stranieri e i cittadini italiani residenti all&#8217;estero. Non \u00e8 necessario possedere specifici titoli di studio, n\u00e9 aver superato un esame CILS di livello inferiore.<\/p>\n<p>I candidati interessati al conseguimento di una certificazione ufficiale di conoscenza della lingua italiana, sia per finalit\u00e0 di studio sia per la presentazione della domanda di cittadinanza (anche per matrimonio), dovranno pertanto iscriversi all\u2019esame corrispondente al livello di competenza del <em>Quadro comune europeo di riferimento per la conoscenza delle lingue<\/em> (QCER) (A1, A2, B1, B2, C1 o C2) richiesto dalla normativa italiana sulla cittadinanza.<\/p>\n<p><strong>Le prove e la valutazione<\/strong><\/p>\n<p>Tutte le prove sono predisposte dal Centro Certificazione dell&#8217;Universit\u00e0 per Stranieri di Siena e valutate dallo stesso Centro.<\/p>\n<p>Per ottenere la certificazione CILS \u00e8 necessario raggiungere la sufficienza in ogni prova. Se il\/la candidato\/ata raggiunge il punteggio minimo richiesto solo in alcune parti, il risultato parziale ottenuto pu\u00f2 comunque essere riconosciuto; in una sessione d\u2019esame successiva il\/la candidato\/ata pu\u00f2 sostenere solo le prove relative alle abilit\u00e0 non superate. Le abilit\u00e0 parziali riconosciute hanno una validit\u00e0 di 18 mesi a partire dal primo esame sostenuto.<\/p>\n<p>Le tempistiche della correzione vanno dai 2 ai 4 mesi.<\/p>\n<p>I risultati possono essere visualizzati al seguente link: <a href=\"http:\/\/online.unistrasi.it\/riscils.asp\">http:\/\/online.unistrasi.it\/riscils.asp.<\/a><\/p>\n<p><strong>Prossime date degli esami presso l\u2019Istituto Italiano di Cultura di Berlino*<\/strong>:<\/p>\n<p><strong><u>2026<\/u><\/strong><\/p>\n<p><strong>14 APRILE 2026 <\/strong>(periodo iscrizioni:\u00a0<strong>12 febbraio \u201312 marzo 2026<\/strong>)<br \/>\nA2, B1 Adolescenti, B2<\/p>\n<p><strong>16 GIUGNO 2026\u00a0<\/strong>(periodo iscrizioni:\u00a0<strong>05 aprile \u2013 05 maggio 2026<\/strong>)<br \/>\nA1, A2<br \/>\nB1, B2<br \/>\nC1, C2<\/p>\n<p><strong>17 GIUGNO 2026<\/strong> (periodo iscrizioni: <strong>05 aprile \u2013 05 maggio 2026<\/strong>)<br \/>\nA1 Bambini, A1 Adolescenti<br \/>\nA2 Bambini, A2 Adolescenti<br \/>\nB1 Adolescenti<\/p>\n<p><strong>21 OTTOBRE 2026<\/strong>\u00a0(periodo iscrizioni:\u00a0<strong>18 agosto \u2013 18 settembre 2026<\/strong>)<br \/>\nA2<\/p>\n<p><strong>3 DICEMBRE 2026<\/strong>\u00a0(periodo iscrizioni:\u00a0<strong>23 settembre \u2013<\/strong>\u00a0<strong>23 ottobre 2026<\/strong>)<br \/>\nA1, A2<br \/>\nB1, B2<br \/>\nC1, C2<\/p>\n<p>* Nel caso di un alto numero di iscritti, l\u2019esame o parti dello stesso possono slittare al giorno successivo.<\/p>\n<p>Le prove si terranno presso la sede dell\u2019Istituto Italiano di Cultura di Berlino (Hildebrandstr. 2, 10785 Berlin).<\/p>\n<p><strong>Iscrizione<\/strong><\/p>\n<p>L&#8217;iscrizione all\u2019esame deve pervenire all\u2019indirizzo mail nathalie.bestazzoni@esteri.it entro la data di scadenza indicata, corredata da:<br \/>\n1. <a href=\"https:\/\/iicberlino.esteri.it\/wp-content\/uploads\/2025\/03\/MODULO-ISCRIZIONE-CILS_IIC-BERLINO-2025.pdf\">modulo d&#8217;iscrizione compilato<\/a><br \/>\n2. copia del documento d&#8217;identit\u00e0 valido<br \/>\n3. ricevuta del bonifico della tassa d&#8217;esame<\/p>\n<p>Le iscrizioni sono vincolanti. La tassa d&#8217;esame non pu\u00f2 essere rimborsata in nessun caso. Pu\u00f2 essere utilizzata per scadenze d\u2019esame successive, ma soltanto in casi eccezionali, motivati per iscritto (malattia, gravi problemi familiari, impedimenti di lavoro o di studio).<\/p>\n<p>Per capire a quale livello iscriversi \u00e8 consigliabile consultare la griglia di autovalutazione ed eseguire il test d\u2019ingresso disponibile sul nostro sito: <a href=\"https:\/\/iicberlino.esteri.it\/it\/lingua-e-cultura\/i-corsi-di-lingua\/\">Imparare l&#8217;italiano a Berlino: i nostri corsi di lingua (esteri.it)<\/a><\/p>\n<p><strong>Tasse d&#8217;esame<\/strong><\/p>\n<p>CILS A1 e CILS A2: 50,- \u20ac<br \/>\nCILS Uno B1 &#8211; Adolescenti: 80,- \u20ac<br \/>\nCILS Uno B1: 100,- \u20ac<br \/>\nCILS Due B2: 110,- \u20ac<br \/>\nCILS Tre C1: 135,- \u20ac<br \/>\nCILS Quattro C2: 160,- \u20ac<\/p>\n<p>La tassa d&#8217;esame va versata sul conto corrente dell\u2019Istituto Italiano di Cultura di Berlino<br \/>\nIBAN: DE77 1004 0000 0268 9222 00<br \/>\nBIC: COBADEFFXXX<br \/>\nCAUSALE: CILS \u2013 livello &#8211; cognome<\/p>\n<p>I\/le candidati\/e, che in precedenti sessioni hanno superato solo alcune parti dell\u2019esame, devono sostenere soltanto la parte della prova non superata e pagare la tassa d\u2019esame soltanto per quella parte.<\/p>\n<p>Le attuali tasse sono le seguenti:<\/p>\n<p>Livelli CILS A1 e A2: 15, 00 EUR<br \/>\nLivello CILS UNO-B1 Adolescenti: 20, 00 EUR<br \/>\nLivello CILS UNO-B1: 25, 00 EUR<br \/>\nLivello CILS DUE\u2013B2: 27, 00 EUR<br \/>\nLivello CILS TRE\u2013C1: 35, 00 EUR<br \/>\nLivello CILS QUATTRO \u2013 C2: 35, 00 EUR<\/p>\n<p><strong>Prepararsi all&#8217;esame<\/strong><\/p>\n<p>Al seguente link trovate le opzioni offerte dal CENTRO CILS:<br \/>\n<a href=\"https:\/\/cils.unistrasi.it\/1\/100\/52\/Come_prepararsi_agli_esami_CILS.htm\">https:\/\/cils.unistrasi.it\/1\/100\/52\/Come_prepararsi_agli_esami_CILS.htm<\/a><\/p>\n<p>Per una adeguata preparazione all\u2019esame \u00e8 possibile frequentare un corso individuale presso l\u2019Istituto Italiano di Cultura con docenti madrelingua qualificati: <a href=\"https:\/\/iicberlino.esteri.it\/it\/lingua-e-cultura\/i-corsi-di-lingua\/\">https:\/\/iicberlino.esteri.it\/iic_berlino\/it\/imparare_italiano\/i_corsi_di_lingua\/i-corsi-di-lingua.html<\/a><\/p>\n<p><a href=\"https:\/\/iicberlino.esteri.it\/wp-content\/uploads\/2023\/05\/Anmeldeformular-IIC-BERLINO_2023.docx\"><strong>Modulo di registrazione<\/strong><\/a><\/p>\n<p><strong><a href=\"https:\/\/iicberlino.esteri.it\/wp-content\/uploads\/2023\/05\/languages_common_european_framework_of_reference_en.pdf\">Griglia di autovalutazione<\/a><\/strong><\/p>\n<p><strong>Ulteriori informazioni<\/strong><\/p>\n<p>Referente per IIC Berlino:<\/p>\n<p>dott.ssa Nathalie Bestazzoni<br \/>\n<a href=\"mailto:nathalie.bestazzoni@esteri.it\">nathalie.bestazzoni@esteri.it<\/a><br \/>\ntel. 030 269941-0<br \/>\nFax. 030 269941-26<\/p>\n<p>L\u2019IIC di Berlino ha stipulato una convenzione per la somministrazione delle prove all\u2019estero con:<br \/>\n<a href=\"https:\/\/cils.unistrasi.it\/\">https:\/\/cils.unistrasi.it\/<\/a><\/p>\n<p>Altri IIC hanno stipulato convenzioni con:<\/p>\n<p><a href=\"http:\/\/www.certificazioneitaliano.uniroma3.it\/\"><span class=\"titoloNotizia\">Universit\u00e0 degli Studi Roma Tre<\/span>\u00a0(IT &#8211; ele.IT)<\/a><\/p>\n<p><a href=\"https:\/\/plida.it\/\">Societ\u00e0 Dante Alighieri (PLIDA)<\/a><\/p>\n<p><a href=\"http:\/\/www.cvcl.it\/home-cvcl\">Universit\u00e0 per Stranieri di Perugia (CELI \u2013 CIC)<\/a><\/p>\n","protected":false},"excerpt":{"rendered":"CILS &#8211; Certificazione di Italiano come Lingua Straniera presso l\u2019Istituto Italiano di Cultura di Berlino L&#8217;Istituto Italiano di Cultura di Berlino offre agli interessati la possibilit\u00e0 di conseguire la Certificazione di Italiano come Lingua Straniera gestita dall&#8217;Universit\u00e0 per Stranieri di Siena e di sostenere un esame ufficiale nella sede dell&#8217;Istituto stesso. La Certificazione CILS \u00e8 [&hellip;]","protected":false},"author":3,"featured_media":0,"parent":13,"menu_order":6,"comment_status":"closed","ping_status":"closed","template":"","meta":{"footnotes":""},"class_list":["post-133","page","type-page","status-publish","hentry"],"_links":{"self":[{"href":"https:\/\/iicberlino.esteri.it\/it\/wp-json\/wp\/v2\/pages\/133","targetHints":{"allow":["GET"]}}],"collection":[{"href":"https:\/\/iicberlino.esteri.it\/it\/wp-json\/wp\/v2\/pages"}],"about":[{"href":"https:\/\/iicberlino.esteri.it\/it\/wp-json\/wp\/v2\/types\/page"}],"author":[{"embeddable":true,"href":"https:\/\/iicberlino.esteri.it\/it\/wp-json\/wp\/v2\/users\/3"}],"replies":[{"embeddable":true,"href":"https:\/\/iicberlino.esteri.it\/it\/wp-json\/wp\/v2\/comments?post=133"}],"version-history":[{"count":6,"href":"https:\/\/iicberlino.esteri.it\/it\/wp-json\/wp\/v2\/pages\/133\/revisions"}],"predecessor-version":[{"id":11675,"href":"https:\/\/iicberlino.esteri.it\/it\/wp-json\/wp\/v2\/pages\/133\/revisions\/11675"}],"up":[{"embeddable":true,"href":"https:\/\/iicberlino.esteri.it\/it\/wp-json\/wp\/v2\/pages\/13"}],"wp:attachment":[{"href":"https:\/\/iicberlino.esteri.it\/it\/wp-json\/wp\/v2\/media?parent=133"}],"curies":[{"name":"wp","href":"https:\/\/api.w.org\/{rel}","templated":true}]}}