{"id":221,"date":"2023-03-03T12:19:50","date_gmt":"2023-03-03T11:19:50","guid":{"rendered":"https:\/\/iicberlino.esteri.it\/?page_id=221"},"modified":"2023-07-07T12:51:33","modified_gmt":"2023-07-07T10:51:33","slug":"come-iscriversi","status":"publish","type":"page","link":"https:\/\/iicberlino.esteri.it\/it\/lingua-e-cultura\/i-corsi-di-lingua\/come-iscriversi\/","title":{"rendered":"Come iscriversi"},"content":{"rendered":"<p><strong>Iscrizioni<\/strong><br \/>\nPer effettuare l&#8217;iscrizione La preghiamo di inviarci per posta, per fax oppure per email il <a href=\"https:\/\/iicberlino.esteri.it\/wp-content\/uploads\/2023\/03\/Anmeldeformular-IIC-BERLINO_2023-1.docx\">coupon di iscrizione<\/a> compilato, una copia dell&#8217;avvenuto pagamento e, nel caso di diritto al prezzo ridotto, un documento che attesti tale diritto. In caso di iscrizione diretta presso l&#8217;Istituto di Cultura, Le ricordiamo di portare con s\u00e9 una copia dell&#8217;avvenuto pagamento. Non \u00e8 purtroppo prevista la possibilit\u00e0 di pagare in contanti o con carta di credito direttemente presso l&#8217;Istituto.<\/p>\n<p>Tel.: 030-26 99 41 -0 \/ -17<br \/>\nFax: 030-26 99 41 26<br \/>\nEmail: corsi.iicberlino@esteri.it<\/p>\n<p><strong>Prerequisiti<\/strong><br \/>\nAd eccezione del 1\u00ba livello, a tutti gli altri livelli si potr\u00e0 accedere previo superamento dell\u2019esame finale del livello precedente. Per gli studenti con precedente esperienza maturata altrove \u00e8 previsto un test di ingresso per l&#8217;assegnazione del livello dopo un accordo telefonico.<\/p>\n<p><strong>Rimborsi<\/strong><br \/>\nL&#8217;Istituto effettua rimborsi delle quote di iscrizione versate solo se la classe non si forma per mancato raggiungimento del numero minimo di studenti. In tutti gli altri casi le quote di iscrizione, una volta versate, non vengono rimborsate, ma se l\u2019alunno non pu\u00f2 frequentare il corso e lo comunica entro 15 giorni dall&#8217;inizio del medesimo, ha diritto a frequentarlo successivamente.<\/p>\n<p><strong>Attestati di frequenza<\/strong><br \/>\nLa segreteria dell&#8217;Istituto rilascia su richiesta attestati di frequenza.<\/p>\n","protected":false},"excerpt":{"rendered":"Iscrizioni Per effettuare l&#8217;iscrizione La preghiamo di inviarci per posta, per fax oppure per email il coupon di iscrizione compilato, una copia dell&#8217;avvenuto pagamento e, nel caso di diritto al prezzo ridotto, un documento che attesti tale diritto. In caso di iscrizione diretta presso l&#8217;Istituto di Cultura, Le ricordiamo di portare con s\u00e9 una copia [&hellip;]","protected":false},"author":7,"featured_media":0,"parent":128,"menu_order":0,"comment_status":"closed","ping_status":"closed","template":"","meta":{"footnotes":""},"class_list":["post-221","page","type-page","status-publish","hentry"],"_links":{"self":[{"href":"https:\/\/iicberlino.esteri.it\/it\/wp-json\/wp\/v2\/pages\/221","targetHints":{"allow":["GET"]}}],"collection":[{"href":"https:\/\/iicberlino.esteri.it\/it\/wp-json\/wp\/v2\/pages"}],"about":[{"href":"https:\/\/iicberlino.esteri.it\/it\/wp-json\/wp\/v2\/types\/page"}],"author":[{"embeddable":true,"href":"https:\/\/iicberlino.esteri.it\/it\/wp-json\/wp\/v2\/users\/7"}],"replies":[{"embeddable":true,"href":"https:\/\/iicberlino.esteri.it\/it\/wp-json\/wp\/v2\/comments?post=221"}],"version-history":[{"count":0,"href":"https:\/\/iicberlino.esteri.it\/it\/wp-json\/wp\/v2\/pages\/221\/revisions"}],"up":[{"embeddable":true,"href":"https:\/\/iicberlino.esteri.it\/it\/wp-json\/wp\/v2\/pages\/128"}],"wp:attachment":[{"href":"https:\/\/iicberlino.esteri.it\/it\/wp-json\/wp\/v2\/media?parent=221"}],"curies":[{"name":"wp","href":"https:\/\/api.w.org\/{rel}","templated":true}]}}