{"id":259,"date":"2023-03-06T14:30:12","date_gmt":"2023-03-06T13:30:12","guid":{"rendered":"https:\/\/iicberlino.esteri.it\/?page_id=259"},"modified":"2026-01-28T12:35:52","modified_gmt":"2026-01-28T11:35:52","slug":"corsi-in-italia-a-prezzo-agevolato","status":"publish","type":"page","link":"https:\/\/iicberlino.esteri.it\/it\/lingua-e-cultura\/i-corsi-di-lingua\/corsi-in-italia-a-prezzo-agevolato\/","title":{"rendered":"Corsi in Italia a prezzo agevolato"},"content":{"rendered":"<p><strong>Corsi in Italia a prezzo agevolato<\/strong><\/p>\n<p>L\u2019Istituto Italiano di Cultura di Berlino stabilisce i contatti per frequentare corsi di lingua italiana a un prezzo agevolato presso scuole di lingua private qualificate, in diverse citt\u00e0 italiane. Le riduzioni economiche sono offerte dalle stesse scuole italiane. Fungendo esclusivamente da mediatore, l\u2019Istituto non sar\u00e0 responsabile per eventuali problematiche che dovessero sorgere tra la scuola e il corsista.<\/p>\n<p>Le agevolazioni offerte riguardano le quote dei corsi. Non sono comprese eventuali quote di iscrizione una tantum, spese di viaggio e alloggio, materiale didattico ecc. Talvolta le scuole offrono una mediazione per la ricerca di un alloggio. Per una lista aggiornata delle offerte in corso rivolgersi a: <a href=\"luana.ventura@esteri.it\">luana.ventura@esteri.it<\/a><\/p>\n<p>L&#8217;Istituto Italiano di Cultura di Berlino \u00e8 competente per la citt\u00e0 di Berlino e i L\u00e4nder di Brandeburgo, Sassonia, Sassonia-Anhalt e Turingia. Gli interessati che risiedono in un&#8217;altra regione\u00a0 possono rivolgersi agli Istituti Italiani di Cultura responsabili della propria area.<\/p>\n<p>Recapiti telefonici degli IIC in Germania:<\/p>\n<p>Berlino: 030 2699410<br \/>\nAmburgo: 040 39999130<br \/>\nColonia: 0221 9405610<br \/>\nMonaco: 089 7463210<br \/>\nStoccarda: 0711 162810<\/p>\n<p>&nbsp;<\/p>\n<p><strong>Imparare l&#8217;Italiano online<\/strong><\/p>\n<p><strong>La RAI per la lingua italiana<\/strong><\/p>\n<p><a href=\"http:\/\/www.raiscuola.rai.it\/programmi\/cantieri-ditalia\/48\/1\/default.aspx#Programma\">Rai Scuola<\/a><br \/>\n<a href=\"http:\/\/www.educational.rai.it\/ioparloitaliano\/tutor\/0102\/06.htm\">Rai Educational<\/a><br \/>\n<a href=\"http:\/\/www.italiano.rai.it\/\">Rai Cultura italiana<\/a> Io parlo italiano, corso di italiano per immigrati<\/p>\n<p><strong>Corsi<\/strong><\/p>\n<p><a href=\"http:\/\/www.itals.it\/\">Laboratorio ITALS<\/a> Dipartimento di Scienze del Linguaggio dell&#8217;Universit\u00e0 Ca&#8217; Foscari di Venezia<br \/>\n<a href=\"http:\/\/ditals.unistrasi.it\/\">DITALS<\/a> Certificazione di competenza in didattica dell&#8217;italiano a stranieri &#8211; Universit\u00e0 per Stranieri di Siena<br \/>\n<a href=\"https:\/\/www.unistrapg.it\/node\/351\">Laurea in insegnamento della lingua e della cultura italiana a stranieri<\/a>: Universit\u00e0 per Stranieri di Perugia<br \/>\n<a href=\"https:\/\/www.itals.it\/corso-cedils\">CEDILS<\/a> Certificazione in didattica dell&#8217;italiano a stranieri<br \/>\n<a href=\"https:\/\/www.unistrapg.it\/it\/certificati-di-conoscenza-della-lingua-italiana\/dils-pg-certificazione-in-didattica-dell-italiano-lingua-straniera\">DILS-PG<\/a> Certificazione in Didadattica dell&#8217;italiano lingua straniera<\/p>\n<p>(L\u2019Istituto Italiano di Cultura non si assume alcuna responsabilit\u00e0 in merito alla qualit\u00e0 dei corsi e dei materiali didattici presenti nei siti.)<\/p>\n<p>&nbsp;<\/p>\n<p>&nbsp;<\/p>\n","protected":false},"excerpt":{"rendered":"Corsi in Italia a prezzo agevolato L\u2019Istituto Italiano di Cultura di Berlino stabilisce i contatti per frequentare corsi di lingua italiana a un prezzo agevolato presso scuole di lingua private qualificate, in diverse citt\u00e0 italiane. Le riduzioni economiche sono offerte dalle stesse scuole italiane. Fungendo esclusivamente da mediatore, l\u2019Istituto non sar\u00e0 responsabile per eventuali problematiche [&hellip;]","protected":false},"author":7,"featured_media":0,"parent":128,"menu_order":8,"comment_status":"closed","ping_status":"closed","template":"","meta":{"footnotes":""},"class_list":["post-259","page","type-page","status-publish","hentry"],"_links":{"self":[{"href":"https:\/\/iicberlino.esteri.it\/it\/wp-json\/wp\/v2\/pages\/259","targetHints":{"allow":["GET"]}}],"collection":[{"href":"https:\/\/iicberlino.esteri.it\/it\/wp-json\/wp\/v2\/pages"}],"about":[{"href":"https:\/\/iicberlino.esteri.it\/it\/wp-json\/wp\/v2\/types\/page"}],"author":[{"embeddable":true,"href":"https:\/\/iicberlino.esteri.it\/it\/wp-json\/wp\/v2\/users\/7"}],"replies":[{"embeddable":true,"href":"https:\/\/iicberlino.esteri.it\/it\/wp-json\/wp\/v2\/comments?post=259"}],"version-history":[{"count":3,"href":"https:\/\/iicberlino.esteri.it\/it\/wp-json\/wp\/v2\/pages\/259\/revisions"}],"predecessor-version":[{"id":11374,"href":"https:\/\/iicberlino.esteri.it\/it\/wp-json\/wp\/v2\/pages\/259\/revisions\/11374"}],"up":[{"embeddable":true,"href":"https:\/\/iicberlino.esteri.it\/it\/wp-json\/wp\/v2\/pages\/128"}],"wp:attachment":[{"href":"https:\/\/iicberlino.esteri.it\/it\/wp-json\/wp\/v2\/media?parent=259"}],"curies":[{"name":"wp","href":"https:\/\/api.w.org\/{rel}","templated":true}]}}