{"id":4658,"date":"2024-03-19T10:58:20","date_gmt":"2024-03-19T09:58:20","guid":{"rendered":"https:\/\/iicberlino.esteri.it\/?page_id=4658"},"modified":"2025-06-25T10:57:39","modified_gmt":"2025-06-25T08:57:39","slug":"contributi-per-visite-di-ricercatori","status":"publish","type":"page","link":"https:\/\/iicberlino.esteri.it\/it\/news\/dall_istituto\/opportunita\/contributi-per-visite-di-ricercatori\/","title":{"rendered":"Contributi per visite di ricercatori"},"content":{"rendered":"<p><span class=\"fontstyle0\"><strong> CONTRIBUTI PER VISITE DI RICERCATORI, DOCENTI, ESPERTI, PERSONALIT\u00c0 E OPERATORI CULTURALI<\/strong><\/span><\/p>\n<p>La Direzione Generale per la diplomazia pubblica e culturale (DGDP) del Ministero degli Affari Esteri e della Cooperazine Internazionale (MAECI), tramite l\u2019Unit\u00e0 per il coordinamento degli Istituti italiani di cultura, eroga a valere sul Cap. 2619\/7 contributi ad istanza di parte per:<\/p>\n<p>1. il finanziamento delle spese di viaggio e soggiorno di ricercatori, docenti, esperti, personalit\u00e0 della cultura e operatori culturali italiani o stranieri residenti in Italia da almeno due anni invitati all\u2019estero da Istituzioni universitarie o culturali straniere;<\/p>\n<p>2. contributi alle spese di viaggio e soggiorno di ricercatori, docenti, esperti, personalit\u00e0 della cultura e operatori culturali stranieri o italiani residenti all\u2019estero invitati dalle istituzioni universitarie e culturali italiane al fine di promuoverne le collaborazioni e i programmi di ricerca comuni.<\/p>\n<p><strong>DESTINATARI DEL CONTRIBUTO<\/strong><\/p>\n<p>Ricercatori, docenti, esperti, personalit\u00e0 e operatori culturali:<\/p>\n<p>a) italiani e stranieri residenti in Italia da almeno due anni invitati presso istituzioni universitarie o culturali straniere per ragioni di studio o di ricerca;<\/p>\n<p>b) stranieri e italiani residenti all\u2019estero invitati presso istituzioni universitarie o culturali italiane per ragioni di studio o di ricerca;<\/p>\n<p>possono richiedere al MAECI un contributo economico a copertura parziale delle spese di viaggio e soggiorno, erogato in forma forfettaria nella misura massima di 1.500 e 3.000 euro a seconda della destinazione e per un periodo massimo di 10 giorni di attivit\u00e0.<br \/>\nNon \u00e8 prevista l\u2019erogazione del contributo oltre il decimo giorno di permanenza. Ai fini del conteggio, sono da includere solo i giorni di effettivo svolgimento di attivit\u00e0 culturali e\/o di ricerca.<\/p>\n<p>Il contributo consiste in un importo forfettario giornaliero onnicomprensivo, di cui 250 euro al giorno per permanenze fino a 5 giorni e 50 euro al giorno dal sesto fino al decimo giorno di permanenza all\u2019estero o in Italia, per un valore di massimo 1.500 euro a missione.<\/p>\n<p>Al fine di incentivare la cooperazione con aree strategiche ma geograficamente distanti, quali i Paesi dell\u2019Asia, dell\u2019Africa (esclusa l\u2019area MENA) e delle Americhe, \u00e8 previsto un contributo pari a 350 euro al giorno per permanenze fino a 5 giorni e 250 euro al giorno dal sesto fino al decimo giorno nella misura massima di 3.000 euro a beneficiario.<br \/>\nL\u2019Amministrazione si riserva di modificare la lista delle suddette aree.<\/p>\n<p>Entro il tetto forfettario fissato, le missioni all\u2019estero effettuate dai candidati italiani possono prevedere attivit\u00e0 da svolgersi in pi\u00f9 Paesi. Si precisa che l\u2019invito all\u2019estero non pu\u00f2 essere vincolato all\u2019erogazione del contributo da parte del MAECI. Si precisa inoltre che non sono ammessi rimborsi per viaggi che non avvengano in classe economica.<\/p>\n<p>Alla luce della disponibilit\u00e0 di fondi sul Cap. 2619\/7, questa Unit\u00e0 pu\u00f2 decidere l\u2019erogazione di contributi a favore di beneficiari stranieri per un numero inferiore di giorni rispetto a quelli richiesti nella domanda. Si fa presente che l\u2019assegnazione dei contributi avverr\u00e0, in ogni caso, fino ad esaurimento dei fondi disponibili sul capitolo.<\/p>\n<p><strong>PROCEDURE PER LA RICHIESTA E L&#8217;EROGAZIONE<\/strong><\/p>\n<p>Gli interessati, sia italiani che stranieri, possono presentare istanza all&#8217;Istituto italiano di cultura competente per territorio. Se l&#8217;IIC non \u00e8 presente nel Paese, la domanda sar\u00e0 inviata alla Rappresentanza diplomatica o consolare competente territorialmente, con in copia la scrivente Unit\u00e0.<\/p>\n<p>Si sottolinea che saranno accettate solo le richieste di contributo da parte di chi ha ricevuto un invito ufficiale da parte di un\u2019istituzione universitaria o culturale, dando preferenza a inviti nell&#8217;ambito di Accordi e Programmi Esecutivi di Cooperazione Culturale bilaterale.<\/p>\n<p>Per quanto riguarda i richiedenti italiani o residenti in Italia, l&#8217;invito deve provenire da un\u2019istituzione universitaria o culturale straniera. Al contrario, per i richiedenti stranierio italiani residenti all\u2019estero, l&#8217;invito deve essere rilasciato da un\u2019istituzione italiana.<\/p>\n<p>I contributi destinati ai beneficiari stranieri saranno erogati tramite la Sede estera che ha ricevuto la domanda. I beneficiari italiani, invece, riceveranno il contributo direttamente dalla scrivente Unit\u00e0.<\/p>\n<p>Le richieste vengono esaminate in ordine di arrivo, tenendo conto delle risorse disponibili sul capitolo 2619\/7.<\/p>\n<p><strong>ITER PER L\u2019APPROVAZIONE DELLA DOMANDA<\/strong><\/p>\n<p>Il processo per l&#8217;approvazione della domanda inizia quando il candidato invia all\u2019Istituto o Rappresentanza Diplomatico-Consolare competente e all\u2019Unit\u00e0 la sua richiesta via e-mail, utilizzando il modello allegato a questo messaggio.<br \/>\nLa domanda deve essere corredata dalla documentazione richiesta, indicata nell\u2019allegato.<\/p>\n<p>La Sede estera esamina la domanda e comunica all&#8217;Unit\u00e0, entro 10 giorni lavorativi dalla ricezione, il proprio parere favorevole o negativo. L&#8217;Unit\u00e0, che potr\u00e0 richiedere ulteriori informazioni o integrazioni alla Sede, esprimer\u00e0 la decisione finale e sar\u00e0 la Sede a comunicare al candidato l&#8217;esito.<\/p>\n<p>Entro dieci giorni dal termine della missione, ai fini dell\u2019erogazione del contributo, il candidato provveder\u00e0 ad integrare la sua richiesta con i seguenti documenti da inviare alla Sede e all\u2019Unit\u00e0:<\/p>\n<p>\u00b7 Titoli di viaggio, come biglietti aerei e carte di imbarco;<br \/>\n\u00b7 Certificato di permanenza rilasciato dall&#8217;ente ospitante;<br \/>\n\u00b7 Relazione finale sull\u2019attivit\u00e0 svolta.<\/p>\n<p><strong>CRITERI PER LA VALUTAZIONE DELLE DOMANDE<\/strong><\/p>\n<p>Le domande potranno essere valutate da parte delle Sedi alla luce dei seguenti criteri:<br \/>\n&#8211; curriculum del richiedente;<br \/>\n&#8211; possibili ricadute di medio e lungo termine della missione in termini di sviluppo di progetti culturali o scientifici e partenariati fra istituzioni italiane e straniere;<br \/>\n&#8211; prestigio delle istituzioni culturali coinvolte;<br \/>\n&#8211; principio di rotazione fra i beneficiari dei contributi.<\/p>\n<p>Nel valutare le domande ricevute, la DGDP adotter\u00e0 anche i seguenti ulteriori criteri:<br \/>\n&#8211; conformit\u00e0 della missione alle priorit\u00e0 geografiche e tematiche individuate dalla Direzione Generale;<br \/>\n&#8211; esistenza di un programma esecutivo di cooperazione culturale in vigore fra l\u2019Italia e il Paese straniero di riferimento.<\/p>\n<p><strong>SCADENZE<\/strong><\/p>\n<p>Le domande dovranno pervenire via messaggistica a questa Unit\u00e0 entro e non oltre il <strong>31 luglio 2025<\/strong>.<br \/>\nIl contributo \u00e8 ammissibile per tutte le attivit\u00e0 che decorrono dal 1\u00b0 gennaio al 15 novembre 2025. Si segnala che non sar\u00e0 possibile prevedere l\u2019erogazione di contributi per missioni che avranno luogo oltre tale data.<\/p>\n<p>&lt;<a href=\"https:\/\/iicberlino.esteri.it\/wp-content\/uploads\/2025\/04\/All.-Modulo-per-richiedenti.docx\">Modulo per le domande<\/a>&gt;<\/p>\n<p>.<\/p>\n","protected":false},"excerpt":{"rendered":"CONTRIBUTI PER VISITE DI RICERCATORI, DOCENTI, ESPERTI, PERSONALIT\u00c0 E OPERATORI CULTURALI La Direzione Generale per la diplomazia pubblica e culturale (DGDP) del Ministero degli Affari Esteri e della Cooperazine Internazionale (MAECI), tramite l\u2019Unit\u00e0 per il coordinamento degli Istituti italiani di cultura, eroga a valere sul Cap. 2619\/7 contributi ad istanza di parte per: 1. il [&hellip;]","protected":false},"author":5,"featured_media":0,"parent":3777,"menu_order":7,"comment_status":"closed","ping_status":"closed","template":"","meta":{"footnotes":""},"class_list":["post-4658","page","type-page","status-publish","hentry"],"_links":{"self":[{"href":"https:\/\/iicberlino.esteri.it\/it\/wp-json\/wp\/v2\/pages\/4658","targetHints":{"allow":["GET"]}}],"collection":[{"href":"https:\/\/iicberlino.esteri.it\/it\/wp-json\/wp\/v2\/pages"}],"about":[{"href":"https:\/\/iicberlino.esteri.it\/it\/wp-json\/wp\/v2\/types\/page"}],"author":[{"embeddable":true,"href":"https:\/\/iicberlino.esteri.it\/it\/wp-json\/wp\/v2\/users\/5"}],"replies":[{"embeddable":true,"href":"https:\/\/iicberlino.esteri.it\/it\/wp-json\/wp\/v2\/comments?post=4658"}],"version-history":[{"count":4,"href":"https:\/\/iicberlino.esteri.it\/it\/wp-json\/wp\/v2\/pages\/4658\/revisions"}],"predecessor-version":[{"id":9057,"href":"https:\/\/iicberlino.esteri.it\/it\/wp-json\/wp\/v2\/pages\/4658\/revisions\/9057"}],"up":[{"embeddable":true,"href":"https:\/\/iicberlino.esteri.it\/it\/wp-json\/wp\/v2\/pages\/3777"}],"wp:attachment":[{"href":"https:\/\/iicberlino.esteri.it\/it\/wp-json\/wp\/v2\/media?parent=4658"}],"curies":[{"name":"wp","href":"https:\/\/api.w.org\/{rel}","templated":true}]}}