{"id":7878,"date":"2025-03-06T17:13:30","date_gmt":"2025-03-06T16:13:30","guid":{"rendered":"https:\/\/iicberlino.esteri.it\/?page_id=7878"},"modified":"2026-02-24T14:16:41","modified_gmt":"2026-02-24T13:16:41","slug":"contributi-alle-universita","status":"publish","type":"page","link":"https:\/\/iicberlino.esteri.it\/it\/news\/dall_istituto\/opportunita\/contributi-alle-universita\/","title":{"rendered":"Contributi alle universit\u00e0"},"content":{"rendered":"<p><strong>Contributi a universit\u00e0 straniere per la promozione all\u2019estero della lingua e della cultura italiana (a valere sul CAP. 2619\/2 E.F 2026)<\/strong><\/p>\n<p>I contributi alle cattedre universitarie sono concessi per la creazione e il funzionamento di cattedre di italiano presso universit\u00e0 straniere e sono destinati alla copertura parziale della retribuzione di insegnanti assunti direttamente dalle universit\u00e0 con contratto a legge locale. Ai fini dell\u2019individuazione delle Istituzioni possibili beneficiarie, con il termine \u201ccattedre di italiano\u201d si intendono cattedre e\/o corsi di insegnamento in ambito universitario nei quali la lingua italiana figuri tra le lingue insegnate secondo l\u2019ordinamento dell\u2019istituzione interessata, anche se la cattedra o il corso ha una diversa denominazione.<\/p>\n<p>I corsi finanziati devono svolgersi nell&#8217;anno accademico 2026-2027. Si precisa che il finanziamento pu\u00f2 essere utilizzato solo per la retribuzione del personale docente assunto e non, ad esempio, per l\u2019acquisto di libri, materiale didattico o promozionale, per l&#8217;organizzazione di conferenze, incontri o altri eventi. I corsi devono essere esclusivamente finalizzati all\u2019insegnamento della lingua italiana, devono essere tenuti prevalentemente in italiano e devono svolgersi presso l\u2019universit\u00e0 richiedente.<\/p>\n<p>Chi fosse interessato \u00e8 pregato di inviare i seguenti documenti via e-mail all\u2019indirizzo <a href=\"mailto:iicberlino@esteri.it\">iicberlino@esteri.it<\/a>\u00a0 entro e non oltre il 13 marzo 2026:<\/p>\n<p>&#8211; <u>Lettera<\/u> dell\u2019universit\u00e0 su carta intestata con descrizione del corso e della sua necessit\u00e0 (in italiano, max. 1 pagina), firmata dal responsabile del progetto accademico, con timbro dell\u2019universit\u00e0. Un esempio \u00e8 <a href=\"https:\/\/iicberlino.esteri.it\/wp-content\/uploads\/2026\/02\/2619-2_2026_PAESE_Nome-Universita_Lettera_ESEMPIO.pdf\">qui allegato<\/a>;<\/p>\n<p>&#8211;\u00a0 <a href=\"https:\/\/iicberlino.esteri.it\/wp-content\/uploads\/2026\/02\/2619-2_2026_PAESE_Nome_Universita_Form._A.docx\"><u>Allegato A<\/u><\/a>: domanda di contributo a sostegno di cattedre e\/o corsi. Le sezioni relative all\u2019universit\u00e0 &#8211; pagine da 1 a 3 &#8211; devono essere compilate per intero;<\/p>\n<p>&#8211; <a href=\"https:\/\/iicberlino.esteri.it\/wp-content\/uploads\/2026\/02\/2619-2_2026_PAESE_Nome_Universita_Form._B.docx\"><u>Allegato B<\/u><\/a>: solo per le universit\u00e0 che hanno ricevuto finanziamenti dal Ministero degli Affari Esteri italiano nell\u2019esercizio finanziario 2025 o nei cinque anni precedenti. Le pagine da 1 a 3 del modulo, ovvero la relazione finale sull\u2019utilizzo dell&#8217;ultimo finanziamento ricevuto, devono essere compilate per intero. Se i fondi approvati non sono ancora stati utilizzati, il modulo deve essere presentato alla fine dell\u2019anno accademico. In questo caso, vi preghiamo di informarci via e-mail. La presentazione della relazione finale \u00e8 un prerequisito essenziale per la concessione e l\u2019erogazione del finanziamento. Si prega di notare che tutte le istituzioni che hanno ricevuto un finanziamento devono presentare la relazione finale, anche se non hanno fatto domanda di finanziamento per l\u2019anno in corso.<\/p>\n<p>Per qualsiasi domanda: <a href=\"mailto:iicberlino@esteri.it\">iicberlino@esteri.it<\/a><\/p>\n<p>&nbsp;<\/p>\n<p><strong>CONTRIBUTI A UNIVERSIT\u00c0 STRANIERE PER CORSI DI FORMAZIONE E AGGIORNAMENTO DESTINATI A DOCENTI DI LINGUA ITALIANA OPERANTI NELLE UNIVERSIT\u00c0 STRANIERE (CAP. 2619\/3 E.F. 2026)<\/strong><\/p>\n<p>I contributi di cui sopra vengono concessi a istituzioni universitarie pubbliche e private operanti nel territorio di competenza, che ne facciano richiesta attraverso le Rappresentanze diplomatiche.<\/p>\n<p>I destinatari dei corsi di corsi di formazione e aggiornamento devono essere insegnanti che gi\u00e0 lavorano presso universit\u00e0 straniere.<\/p>\n<p>I contributi sono destinati a coprire solo in parte i costi del corso. L\u2019organizzazione richiedente deve quindi indicare nel modulo di domanda i costi che saranno coperti autonomamente.<\/p>\n<p>Richieste riguardanti corsi di formazione che si svolgono in Italia, l\u2019organizzazione di conferenze, seminari, dibattiti e l\u2019assunzione di costi per la partecipazione di docenti alle suddette iniziative sopra citate non sono coperte dal presente programma e pertanto non possono essere prese in considerazione.<\/p>\n<p>Gli studenti universitari che aspirano a diventare insegnanti di italiano in futuro possono partecipare al corso come studenti ospiti, ma non possono essere conteggiati come partecipanti ufficiali. Se l\u2019universit\u00e0 intende organizzare corsi per gruppi diversi di partecipanti, cio\u00e8 per insegnanti che lavorano sia nelle scuole che nelle universit\u00e0, vi preghiamo di informarci, in modo da poter inviare la domanda all&#8217;ufficio competente di Roma.<\/p>\n<p>I corsi di formazione e aggiornamento devono svolgersi nel corso dell&#8217;anno accademico 2026-2027.<\/p>\n<p>Le universit\u00e0 interessate sono pregate di inviare i seguenti documenti via e-mail all\u2019indirizzo <a href=\"mailto:iicberlino@esteri.it\">iicberlino@esteri.it<\/a> entro e non oltre il <strong>13 marzo 2026:<\/strong><\/p>\n<p>&#8211; <u>Lettera<\/u> dell\u2019universit\u00e0 su carta intestata con una descrizione del progetto e della sua necessit\u00e0 (in italiano, max. 1 pagina), firmata dal responsabile del progetto scientifico e con timbro dell\u2019universit\u00e0. Un esempio \u00e8 <a href=\"https:\/\/iicberlino.esteri.it\/wp-content\/uploads\/2026\/02\/2619-3_2026_PAESE_Nome-Universita_Lettera_ESEMPIO.pdf\">qui allegato<\/a>;<\/p>\n<p>&#8211; <a href=\"https:\/\/iicberlino.esteri.it\/wp-content\/uploads\/2026\/02\/2619-3_2026_PAESE_Nome_Universita_Form._A.docx\"><u>Allegato A<\/u><\/a>: domanda per la concessione di un finanziamento per sostegno a corsi di formazione e aggiornamento. Le sezioni riguardante l\u2019universit\u00e0 &#8211; pagine da 1 a 4 &#8211; devono essere compilate per intero;<\/p>\n<p>&#8211; <a href=\"https:\/\/iicberlino.esteri.it\/wp-content\/uploads\/2026\/02\/2619-3_2026_PAESE_Nome_Universita_Form._B.docx\"><u>Allegato B<\/u><\/a>: solo per le universit\u00e0 che hanno ricevuto finanziamenti dal Ministero degli Affari Esteri italiano nei cinque anni precedenti. Le pagine da 1 a 4 del modulo, ossia la relazione finale relazione finale sull\u2019utilizzo dell\u2019ultimo finanziamento ricevuto deve essere compilata per intero. Se i fondi approvati non sono ancora stati utilizzati, il modulo va presentato alla fine dell\u2019anno accademico. In questo caso, si prega di informare la sede di riferimento. La presentazione della relazione finale \u00e8 condizione indispensabile per la concessione e l\u2019erogazione del contributo. Si ricorda che tutte le organizzazioni che hanno ricevuto un finanziamento devono presentare la relazione finale, anche se non hanno presentato domanda di finanziamento per l\u2019anno in corso.<\/p>\n<p>Per qualsiasi domanda: <a href=\"mailto:iicberlino@esteri.it\">iicberlino@esteri.it<\/a><\/p>\n<p>&nbsp;<\/p>\n<p>&nbsp;<\/p>\n<p>&nbsp;<\/p>\n<p>&nbsp;<\/p>\n","protected":false},"excerpt":{"rendered":"Contributi a universit\u00e0 straniere per la promozione all\u2019estero della lingua e della cultura italiana (a valere sul CAP. 2619\/2 E.F 2026) I contributi alle cattedre universitarie sono concessi per la creazione e il funzionamento di cattedre di italiano presso universit\u00e0 straniere e sono destinati alla copertura parziale della retribuzione di insegnanti assunti direttamente dalle universit\u00e0 [&hellip;]","protected":false},"author":5,"featured_media":0,"parent":3777,"menu_order":8,"comment_status":"closed","ping_status":"closed","template":"","meta":{"footnotes":""},"class_list":["post-7878","page","type-page","status-publish","hentry"],"_links":{"self":[{"href":"https:\/\/iicberlino.esteri.it\/it\/wp-json\/wp\/v2\/pages\/7878","targetHints":{"allow":["GET"]}}],"collection":[{"href":"https:\/\/iicberlino.esteri.it\/it\/wp-json\/wp\/v2\/pages"}],"about":[{"href":"https:\/\/iicberlino.esteri.it\/it\/wp-json\/wp\/v2\/types\/page"}],"author":[{"embeddable":true,"href":"https:\/\/iicberlino.esteri.it\/it\/wp-json\/wp\/v2\/users\/5"}],"replies":[{"embeddable":true,"href":"https:\/\/iicberlino.esteri.it\/it\/wp-json\/wp\/v2\/comments?post=7878"}],"version-history":[{"count":6,"href":"https:\/\/iicberlino.esteri.it\/it\/wp-json\/wp\/v2\/pages\/7878\/revisions"}],"predecessor-version":[{"id":11972,"href":"https:\/\/iicberlino.esteri.it\/it\/wp-json\/wp\/v2\/pages\/7878\/revisions\/11972"}],"up":[{"embeddable":true,"href":"https:\/\/iicberlino.esteri.it\/it\/wp-json\/wp\/v2\/pages\/3777"}],"wp:attachment":[{"href":"https:\/\/iicberlino.esteri.it\/it\/wp-json\/wp\/v2\/media?parent=7878"}],"curies":[{"name":"wp","href":"https:\/\/api.w.org\/{rel}","templated":true}]}}